{"id":448,"date":"2023-01-21T18:33:43","date_gmt":"2023-01-21T18:33:43","guid":{"rendered":"http:\/\/ydkinsaat.com\/?page_id=448"},"modified":"2023-01-21T18:37:34","modified_gmt":"2023-01-21T18:37:34","slug":"yol-yapim-calismalari","status":"publish","type":"page","link":"http:\/\/ydkinsaat.com\/en\/yol-yapim-calismalari\/","title":{"rendered":"Road Construction Works"},"content":{"rendered":"<div data-elementor-type=\"wp-page\" data-elementor-id=\"448\" class=\"elementor elementor-448\">\n\t\t\t\t\t\t<section class=\"elementor-section elementor-top-section elementor-element elementor-element-27a97a10 elementor-section-boxed elementor-section-height-default elementor-section-height-default\" data-id=\"27a97a10\" data-element_type=\"section\" data-e-type=\"section\">\n\t\t\t\t\t\t<div class=\"elementor-container elementor-column-gap-default\">\n\t\t\t\t\t<div class=\"elementor-column elementor-col-100 elementor-top-column elementor-element elementor-element-423ecb53\" data-id=\"423ecb53\" data-element_type=\"column\" data-e-type=\"column\">\n\t\t\t<div class=\"elementor-widget-wrap elementor-element-populated\">\n\t\t\t\t\t\t<section class=\"elementor-section elementor-inner-section elementor-element elementor-element-2f672892 elementor-section-boxed elementor-section-height-default elementor-section-height-default\" data-id=\"2f672892\" data-element_type=\"section\" data-e-type=\"section\" data-settings=\"{&quot;background_background&quot;:&quot;classic&quot;}\">\n\t\t\t\t\t\t<div class=\"elementor-container elementor-column-gap-default\">\n\t\t\t\t\t<div class=\"elementor-column elementor-col-100 elementor-inner-column elementor-element elementor-element-6108335\" data-id=\"6108335\" data-element_type=\"column\" data-e-type=\"column\">\n\t\t\t<div class=\"elementor-widget-wrap elementor-element-populated\">\n\t\t\t\t\t\t<div class=\"elementor-element elementor-element-7ee4b7db elementor-widget elementor-widget-heading\" data-id=\"7ee4b7db\" data-element_type=\"widget\" data-e-type=\"widget\" data-widget_type=\"heading.default\">\n\t\t\t\t<div class=\"elementor-widget-container\">\n\t\t\t\t\t<h2 class=\"elementor-heading-title elementor-size-default\">Road Construction Works<\/h2>\t\t\t\t<\/div>\n\t\t\t\t<\/div>\n\t\t\t\t\t<\/div>\n\t\t<\/div>\n\t\t\t\t\t<\/div>\n\t\t<\/section>\n\t\t\t\t\t<\/div>\n\t\t<\/div>\n\t\t\t\t\t<\/div>\n\t\t<\/section>\n\t\t\t\t<section class=\"elementor-section elementor-top-section elementor-element elementor-element-374a410c elementor-section-boxed elementor-section-height-default elementor-section-height-default\" data-id=\"374a410c\" data-element_type=\"section\" data-e-type=\"section\">\n\t\t\t\t\t\t<div class=\"elementor-container elementor-column-gap-default\">\n\t\t\t\t\t<div class=\"elementor-column elementor-col-100 elementor-top-column elementor-element elementor-element-5ef4580\" data-id=\"5ef4580\" data-element_type=\"column\" data-e-type=\"column\">\n\t\t\t<div class=\"elementor-widget-wrap elementor-element-populated\">\n\t\t\t\t\t\t<div class=\"elementor-element elementor-element-68af86a1 elementor-widget elementor-widget-image\" data-id=\"68af86a1\" data-element_type=\"widget\" data-e-type=\"widget\" data-widget_type=\"image.default\">\n\t\t\t\t<div class=\"elementor-widget-container\">\n\t\t\t\t\t\t\t\t\t\t\t\t\t\t\t<img fetchpriority=\"high\" decoding=\"async\" width=\"2000\" height=\"1500\" src=\"https:\/\/ydkinsaat.com\/wp-content\/uploads\/2023\/01\/06.05.2013.jpg\" class=\"attachment-full size-full wp-image-451\" alt=\"\" srcset=\"https:\/\/ydkinsaat.com\/wp-content\/uploads\/2023\/01\/06.05.2013.jpg 2000w, https:\/\/ydkinsaat.com\/wp-content\/uploads\/2023\/01\/06.05.2013-300x225.jpg 300w, https:\/\/ydkinsaat.com\/wp-content\/uploads\/2023\/01\/06.05.2013-1024x768.jpg 1024w, https:\/\/ydkinsaat.com\/wp-content\/uploads\/2023\/01\/06.05.2013-768x576.jpg 768w, https:\/\/ydkinsaat.com\/wp-content\/uploads\/2023\/01\/06.05.2013-1536x1152.jpg 1536w\" sizes=\"(max-width: 2000px) 100vw, 2000px\" \/>\t\t\t\t\t\t\t\t\t\t\t\t\t\t\t<\/div>\n\t\t\t\t<\/div>\n\t\t\t\t<section class=\"elementor-section elementor-inner-section elementor-element elementor-element-55186bd1 elementor-section-full_width elementor-section-height-default elementor-section-height-default\" data-id=\"55186bd1\" data-element_type=\"section\" data-e-type=\"section\">\n\t\t\t\t\t\t<div class=\"elementor-container elementor-column-gap-default\">\n\t\t\t\t\t<div class=\"elementor-column elementor-col-33 elementor-inner-column elementor-element elementor-element-5274c621\" data-id=\"5274c621\" data-element_type=\"column\" data-e-type=\"column\">\n\t\t\t<div class=\"elementor-widget-wrap elementor-element-populated\">\n\t\t\t\t\t\t<div class=\"elementor-element elementor-element-3948335e elementor-widget-divider--view-line elementor-widget elementor-widget-divider\" data-id=\"3948335e\" data-element_type=\"widget\" data-e-type=\"widget\" data-widget_type=\"divider.default\">\n\t\t\t\t<div class=\"elementor-widget-container\">\n\t\t\t\t\t\t\t<div class=\"elementor-divider\">\n\t\t\t<span class=\"elementor-divider-separator\">\n\t\t\t\t\t\t<\/span>\n\t\t<\/div>\n\t\t\t\t\t\t<\/div>\n\t\t\t\t<\/div>\n\t\t\t\t\t<\/div>\n\t\t<\/div>\n\t\t\t\t<div class=\"elementor-column elementor-col-33 elementor-inner-column elementor-element elementor-element-38857ffd\" data-id=\"38857ffd\" data-element_type=\"column\" data-e-type=\"column\">\n\t\t\t<div class=\"elementor-widget-wrap elementor-element-populated\">\n\t\t\t\t\t\t<div class=\"elementor-element elementor-element-17538ded elementor-shape-square elementor-grid-0 e-grid-align-center elementor-widget elementor-widget-social-icons\" data-id=\"17538ded\" data-element_type=\"widget\" data-e-type=\"widget\" data-widget_type=\"social-icons.default\">\n\t\t\t\t<div class=\"elementor-widget-container\">\n\t\t\t\t\t\t\t<div class=\"elementor-social-icons-wrapper elementor-grid\" role=\"list\">\n\t\t\t\t\t\t\t<span class=\"elementor-grid-item\" role=\"listitem\">\n\t\t\t\t\t<a class=\"elementor-icon elementor-social-icon elementor-social-icon-instagram elementor-animation-float elementor-repeater-item-742b2d0\" target=\"_blank\">\n\t\t\t\t\t\t<span class=\"elementor-screen-only\">Instagram<\/span>\n\t\t\t\t\t\t<i aria-hidden=\"true\" class=\"fab fa-instagram\"><\/i>\t\t\t\t\t<\/a>\n\t\t\t\t<\/span>\n\t\t\t\t\t\t\t<span class=\"elementor-grid-item\" role=\"listitem\">\n\t\t\t\t\t<a class=\"elementor-icon elementor-social-icon elementor-social-icon-facebook-f elementor-animation-float elementor-repeater-item-896f2d4\" target=\"_blank\">\n\t\t\t\t\t\t<span class=\"elementor-screen-only\">Facebook-f<\/span>\n\t\t\t\t\t\t<i aria-hidden=\"true\" class=\"fab fa-facebook-f\"><\/i>\t\t\t\t\t<\/a>\n\t\t\t\t<\/span>\n\t\t\t\t\t\t\t<span class=\"elementor-grid-item\" role=\"listitem\">\n\t\t\t\t\t<a class=\"elementor-icon elementor-social-icon elementor-social-icon-linkedin elementor-animation-float elementor-repeater-item-cb0e1c4\" target=\"_blank\">\n\t\t\t\t\t\t<span class=\"elementor-screen-only\">Linkedin<\/span>\n\t\t\t\t\t\t<i aria-hidden=\"true\" class=\"fab fa-linkedin\"><\/i>\t\t\t\t\t<\/a>\n\t\t\t\t<\/span>\n\t\t\t\t\t\t\t<span class=\"elementor-grid-item\" role=\"listitem\">\n\t\t\t\t\t<a class=\"elementor-icon elementor-social-icon elementor-social-icon-youtube elementor-animation-float elementor-repeater-item-978ee6d\" target=\"_blank\">\n\t\t\t\t\t\t<span class=\"elementor-screen-only\">Youtube<\/span>\n\t\t\t\t\t\t<i aria-hidden=\"true\" class=\"fab fa-youtube\"><\/i>\t\t\t\t\t<\/a>\n\t\t\t\t<\/span>\n\t\t\t\t\t<\/div>\n\t\t\t\t\t\t<\/div>\n\t\t\t\t<\/div>\n\t\t\t\t\t<\/div>\n\t\t<\/div>\n\t\t\t\t<div class=\"elementor-column elementor-col-33 elementor-inner-column elementor-element elementor-element-71b51e39\" data-id=\"71b51e39\" data-element_type=\"column\" data-e-type=\"column\">\n\t\t\t<div class=\"elementor-widget-wrap elementor-element-populated\">\n\t\t\t\t\t\t<div class=\"elementor-element elementor-element-68b0d57d elementor-widget-divider--view-line elementor-widget elementor-widget-divider\" data-id=\"68b0d57d\" data-element_type=\"widget\" data-e-type=\"widget\" data-widget_type=\"divider.default\">\n\t\t\t\t<div class=\"elementor-widget-container\">\n\t\t\t\t\t\t\t<div class=\"elementor-divider\">\n\t\t\t<span class=\"elementor-divider-separator\">\n\t\t\t\t\t\t<\/span>\n\t\t<\/div>\n\t\t\t\t\t\t<\/div>\n\t\t\t\t<\/div>\n\t\t\t\t\t<\/div>\n\t\t<\/div>\n\t\t\t\t\t<\/div>\n\t\t<\/section>\n\t\t\t\t\t<\/div>\n\t\t<\/div>\n\t\t\t\t\t<\/div>\n\t\t<\/section>\n\t\t\t\t<section class=\"elementor-section elementor-top-section elementor-element elementor-element-fdcb382 elementor-section-boxed elementor-section-height-default elementor-section-height-default\" data-id=\"fdcb382\" data-element_type=\"section\" data-e-type=\"section\">\n\t\t\t\t\t\t<div class=\"elementor-container elementor-column-gap-default\">\n\t\t\t\t\t<div class=\"elementor-column elementor-col-100 elementor-top-column elementor-element elementor-element-9d4041a\" data-id=\"9d4041a\" data-element_type=\"column\" data-e-type=\"column\">\n\t\t\t<div class=\"elementor-widget-wrap elementor-element-populated\">\n\t\t\t\t\t\t<div class=\"elementor-element elementor-element-b6dad3b gallery-spacing-custom elementor-widget elementor-widget-image-gallery\" data-id=\"b6dad3b\" data-element_type=\"widget\" data-e-type=\"widget\" data-widget_type=\"image-gallery.default\">\n\t\t\t\t<div class=\"elementor-widget-container\">\n\t\t\t\t\t\t\t<div class=\"elementor-image-gallery\">\n\t\t\t<div id='gallery-1' class='gallery galleryid-448 gallery-columns-3 gallery-size-large'><figure class='gallery-item'>\n\t\t\t<div class='gallery-icon landscape'>\n\t\t\t\t<a data-elementor-open-lightbox=\"yes\" data-elementor-lightbox-slideshow=\"b6dad3b\" data-elementor-lightbox-title=\"06.05.2013\" data-e-action-hash=\"#elementor-action%3Aaction%3Dlightbox%26settings%3DeyJpZCI6NDUxLCJ1cmwiOiJodHRwczpcL1wveWRraW5zYWF0LmNvbVwvd3AtY29udGVudFwvdXBsb2Fkc1wvMjAyM1wvMDFcLzA2LjA1LjIwMTMuanBnIiwic2xpZGVzaG93IjoiYjZkYWQzYiJ9\" href='https:\/\/ydkinsaat.com\/wp-content\/uploads\/2023\/01\/06.05.2013.jpg'><img decoding=\"async\" width=\"800\" height=\"600\" src=\"https:\/\/ydkinsaat.com\/wp-content\/uploads\/2023\/01\/06.05.2013-1024x768.jpg\" class=\"attachment-large size-large\" alt=\"\" srcset=\"https:\/\/ydkinsaat.com\/wp-content\/uploads\/2023\/01\/06.05.2013-1024x768.jpg 1024w, https:\/\/ydkinsaat.com\/wp-content\/uploads\/2023\/01\/06.05.2013-300x225.jpg 300w, https:\/\/ydkinsaat.com\/wp-content\/uploads\/2023\/01\/06.05.2013-768x576.jpg 768w, https:\/\/ydkinsaat.com\/wp-content\/uploads\/2023\/01\/06.05.2013-1536x1152.jpg 1536w, https:\/\/ydkinsaat.com\/wp-content\/uploads\/2023\/01\/06.05.2013.jpg 2000w\" sizes=\"(max-width: 800px) 100vw, 800px\" \/><\/a>\n\t\t\t<\/div><\/figure><figure class='gallery-item'>\n\t\t\t<div class='gallery-icon landscape'>\n\t\t\t\t<a data-elementor-open-lightbox=\"yes\" data-elementor-lightbox-slideshow=\"b6dad3b\" data-elementor-lightbox-title=\"09.05.2013\" data-e-action-hash=\"#elementor-action%3Aaction%3Dlightbox%26settings%3DeyJpZCI6NDUyLCJ1cmwiOiJodHRwczpcL1wveWRraW5zYWF0LmNvbVwvd3AtY29udGVudFwvdXBsb2Fkc1wvMjAyM1wvMDFcLzA5LjA1LjIwMTMuanBnIiwic2xpZGVzaG93IjoiYjZkYWQzYiJ9\" href='https:\/\/ydkinsaat.com\/wp-content\/uploads\/2023\/01\/09.05.2013.jpg'><img decoding=\"async\" width=\"800\" height=\"600\" src=\"https:\/\/ydkinsaat.com\/wp-content\/uploads\/2023\/01\/09.05.2013-1024x768.jpg\" class=\"attachment-large size-large\" alt=\"\" srcset=\"https:\/\/ydkinsaat.com\/wp-content\/uploads\/2023\/01\/09.05.2013-1024x768.jpg 1024w, https:\/\/ydkinsaat.com\/wp-content\/uploads\/2023\/01\/09.05.2013-300x225.jpg 300w, https:\/\/ydkinsaat.com\/wp-content\/uploads\/2023\/01\/09.05.2013-768x576.jpg 768w, https:\/\/ydkinsaat.com\/wp-content\/uploads\/2023\/01\/09.05.2013-1536x1152.jpg 1536w, https:\/\/ydkinsaat.com\/wp-content\/uploads\/2023\/01\/09.05.2013.jpg 2000w\" sizes=\"(max-width: 800px) 100vw, 800px\" \/><\/a>\n\t\t\t<\/div><\/figure><figure class='gallery-item'>\n\t\t\t<div class='gallery-icon landscape'>\n\t\t\t\t<a data-elementor-open-lightbox=\"yes\" data-elementor-lightbox-slideshow=\"b6dad3b\" data-elementor-lightbox-title=\"100_0107\" data-e-action-hash=\"#elementor-action%3Aaction%3Dlightbox%26settings%3DeyJpZCI6NDUzLCJ1cmwiOiJodHRwczpcL1wveWRraW5zYWF0LmNvbVwvd3AtY29udGVudFwvdXBsb2Fkc1wvMjAyM1wvMDFcLzEwMF8wMTA3LmpwZyIsInNsaWRlc2hvdyI6ImI2ZGFkM2IifQ%3D%3D\" href='https:\/\/ydkinsaat.com\/wp-content\/uploads\/2023\/01\/100_0107.jpg'><img loading=\"lazy\" decoding=\"async\" width=\"800\" height=\"600\" src=\"https:\/\/ydkinsaat.com\/wp-content\/uploads\/2023\/01\/100_0107-1024x768.jpg\" class=\"attachment-large size-large\" alt=\"\" srcset=\"https:\/\/ydkinsaat.com\/wp-content\/uploads\/2023\/01\/100_0107-1024x768.jpg 1024w, https:\/\/ydkinsaat.com\/wp-content\/uploads\/2023\/01\/100_0107-300x225.jpg 300w, https:\/\/ydkinsaat.com\/wp-content\/uploads\/2023\/01\/100_0107-768x576.jpg 768w, https:\/\/ydkinsaat.com\/wp-content\/uploads\/2023\/01\/100_0107-1536x1152.jpg 1536w, https:\/\/ydkinsaat.com\/wp-content\/uploads\/2023\/01\/100_0107-2048x1536.jpg 2048w\" sizes=\"(max-width: 800px) 100vw, 800px\" \/><\/a>\n\t\t\t<\/div><\/figure><figure class='gallery-item'>\n\t\t\t<div class='gallery-icon landscape'>\n\t\t\t\t<a data-elementor-open-lightbox=\"yes\" data-elementor-lightbox-slideshow=\"b6dad3b\" data-elementor-lightbox-title=\"FILE025\" data-e-action-hash=\"#elementor-action%3Aaction%3Dlightbox%26settings%3DeyJpZCI6NDU0LCJ1cmwiOiJodHRwczpcL1wveWRraW5zYWF0LmNvbVwvd3AtY29udGVudFwvdXBsb2Fkc1wvMjAyM1wvMDFcL0ZJTEUwMjUuanBnIiwic2xpZGVzaG93IjoiYjZkYWQzYiJ9\" href='https:\/\/ydkinsaat.com\/wp-content\/uploads\/2023\/01\/FILE025.jpg'><img loading=\"lazy\" decoding=\"async\" width=\"800\" height=\"600\" src=\"https:\/\/ydkinsaat.com\/wp-content\/uploads\/2023\/01\/FILE025-1024x768.jpg\" class=\"attachment-large size-large\" alt=\"\" srcset=\"https:\/\/ydkinsaat.com\/wp-content\/uploads\/2023\/01\/FILE025-1024x768.jpg 1024w, https:\/\/ydkinsaat.com\/wp-content\/uploads\/2023\/01\/FILE025-300x225.jpg 300w, https:\/\/ydkinsaat.com\/wp-content\/uploads\/2023\/01\/FILE025-768x576.jpg 768w, https:\/\/ydkinsaat.com\/wp-content\/uploads\/2023\/01\/FILE025-1536x1152.jpg 1536w, https:\/\/ydkinsaat.com\/wp-content\/uploads\/2023\/01\/FILE025-2048x1536.jpg 2048w\" sizes=\"(max-width: 800px) 100vw, 800px\" \/><\/a>\n\t\t\t<\/div><\/figure><figure class='gallery-item'>\n\t\t\t<div class='gallery-icon landscape'>\n\t\t\t\t<a data-elementor-open-lightbox=\"yes\" data-elementor-lightbox-slideshow=\"b6dad3b\" data-elementor-lightbox-title=\"Resim-S\u0327antiye-2009-055\" data-e-action-hash=\"#elementor-action%3Aaction%3Dlightbox%26settings%3DeyJpZCI6NDU1LCJ1cmwiOiJodHRwczpcL1wveWRraW5zYWF0LmNvbVwvd3AtY29udGVudFwvdXBsb2Fkc1wvMjAyM1wvMDFcL1Jlc2ltLVNhbnRpeWUtMjAwOS0wNTUuanBnIiwic2xpZGVzaG93IjoiYjZkYWQzYiJ9\" href='https:\/\/ydkinsaat.com\/wp-content\/uploads\/2023\/01\/Resim-Santiye-2009-055.jpg'><img loading=\"lazy\" decoding=\"async\" width=\"800\" height=\"600\" src=\"https:\/\/ydkinsaat.com\/wp-content\/uploads\/2023\/01\/Resim-Santiye-2009-055-1024x768.jpg\" class=\"attachment-large size-large\" alt=\"\" srcset=\"https:\/\/ydkinsaat.com\/wp-content\/uploads\/2023\/01\/Resim-Santiye-2009-055-1024x768.jpg 1024w, https:\/\/ydkinsaat.com\/wp-content\/uploads\/2023\/01\/Resim-Santiye-2009-055-300x225.jpg 300w, https:\/\/ydkinsaat.com\/wp-content\/uploads\/2023\/01\/Resim-Santiye-2009-055-768x576.jpg 768w, https:\/\/ydkinsaat.com\/wp-content\/uploads\/2023\/01\/Resim-Santiye-2009-055-1536x1152.jpg 1536w, https:\/\/ydkinsaat.com\/wp-content\/uploads\/2023\/01\/Resim-Santiye-2009-055.jpg 2000w\" sizes=\"(max-width: 800px) 100vw, 800px\" \/><\/a>\n\t\t\t<\/div><\/figure><figure class='gallery-item'>\n\t\t\t<div class='gallery-icon landscape'>\n\t\t\t\t<a data-elementor-open-lightbox=\"yes\" data-elementor-lightbox-slideshow=\"b6dad3b\" data-elementor-lightbox-title=\"Resim-S\u0327antiye-2009-088\" data-e-action-hash=\"#elementor-action%3Aaction%3Dlightbox%26settings%3DeyJpZCI6NDU2LCJ1cmwiOiJodHRwczpcL1wveWRraW5zYWF0LmNvbVwvd3AtY29udGVudFwvdXBsb2Fkc1wvMjAyM1wvMDFcL1Jlc2ltLVNhbnRpeWUtMjAwOS0wODgtMi5qcGciLCJzbGlkZXNob3ciOiJiNmRhZDNiIn0%3D\" href='https:\/\/ydkinsaat.com\/wp-content\/uploads\/2023\/01\/Resim-Santiye-2009-088-2.jpg'><img loading=\"lazy\" decoding=\"async\" width=\"800\" height=\"600\" src=\"https:\/\/ydkinsaat.com\/wp-content\/uploads\/2023\/01\/Resim-Santiye-2009-088-2-1024x768.jpg\" class=\"attachment-large size-large\" alt=\"\" srcset=\"https:\/\/ydkinsaat.com\/wp-content\/uploads\/2023\/01\/Resim-Santiye-2009-088-2-1024x768.jpg 1024w, https:\/\/ydkinsaat.com\/wp-content\/uploads\/2023\/01\/Resim-Santiye-2009-088-2-300x225.jpg 300w, https:\/\/ydkinsaat.com\/wp-content\/uploads\/2023\/01\/Resim-Santiye-2009-088-2-768x576.jpg 768w, https:\/\/ydkinsaat.com\/wp-content\/uploads\/2023\/01\/Resim-Santiye-2009-088-2-1536x1152.jpg 1536w, https:\/\/ydkinsaat.com\/wp-content\/uploads\/2023\/01\/Resim-Santiye-2009-088-2.jpg 2000w\" sizes=\"(max-width: 800px) 100vw, 800px\" \/><\/a>\n\t\t\t<\/div><\/figure><figure class='gallery-item'>\n\t\t\t<div class='gallery-icon landscape'>\n\t\t\t\t<a data-elementor-open-lightbox=\"yes\" data-elementor-lightbox-slideshow=\"b6dad3b\" data-elementor-lightbox-title=\"SANY0867\" data-e-action-hash=\"#elementor-action%3Aaction%3Dlightbox%26settings%3DeyJpZCI6NDU3LCJ1cmwiOiJodHRwczpcL1wveWRraW5zYWF0LmNvbVwvd3AtY29udGVudFwvdXBsb2Fkc1wvMjAyM1wvMDFcL1NBTlkwODY3LmpwZyIsInNsaWRlc2hvdyI6ImI2ZGFkM2IifQ%3D%3D\" href='https:\/\/ydkinsaat.com\/wp-content\/uploads\/2023\/01\/SANY0867.jpg'><img loading=\"lazy\" decoding=\"async\" width=\"800\" height=\"600\" src=\"https:\/\/ydkinsaat.com\/wp-content\/uploads\/2023\/01\/SANY0867-1024x768.jpg\" class=\"attachment-large size-large\" alt=\"\" srcset=\"https:\/\/ydkinsaat.com\/wp-content\/uploads\/2023\/01\/SANY0867-1024x768.jpg 1024w, https:\/\/ydkinsaat.com\/wp-content\/uploads\/2023\/01\/SANY0867-300x225.jpg 300w, https:\/\/ydkinsaat.com\/wp-content\/uploads\/2023\/01\/SANY0867-768x576.jpg 768w, https:\/\/ydkinsaat.com\/wp-content\/uploads\/2023\/01\/SANY0867-1536x1152.jpg 1536w, https:\/\/ydkinsaat.com\/wp-content\/uploads\/2023\/01\/SANY0867.jpg 2000w\" sizes=\"(max-width: 800px) 100vw, 800px\" \/><\/a>\n\t\t\t<\/div><\/figure><figure class='gallery-item'>\n\t\t\t<div class='gallery-icon landscape'>\n\t\t\t\t<a data-elementor-open-lightbox=\"yes\" data-elementor-lightbox-slideshow=\"b6dad3b\" data-elementor-lightbox-title=\"SANY0897\" data-e-action-hash=\"#elementor-action%3Aaction%3Dlightbox%26settings%3DeyJpZCI6NDU4LCJ1cmwiOiJodHRwczpcL1wveWRraW5zYWF0LmNvbVwvd3AtY29udGVudFwvdXBsb2Fkc1wvMjAyM1wvMDFcL1NBTlkwODk3LmpwZyIsInNsaWRlc2hvdyI6ImI2ZGFkM2IifQ%3D%3D\" href='https:\/\/ydkinsaat.com\/wp-content\/uploads\/2023\/01\/SANY0897.jpg'><img loading=\"lazy\" decoding=\"async\" width=\"800\" height=\"600\" src=\"https:\/\/ydkinsaat.com\/wp-content\/uploads\/2023\/01\/SANY0897-1024x768.jpg\" class=\"attachment-large size-large\" alt=\"\" srcset=\"https:\/\/ydkinsaat.com\/wp-content\/uploads\/2023\/01\/SANY0897-1024x768.jpg 1024w, https:\/\/ydkinsaat.com\/wp-content\/uploads\/2023\/01\/SANY0897-300x225.jpg 300w, https:\/\/ydkinsaat.com\/wp-content\/uploads\/2023\/01\/SANY0897-768x576.jpg 768w, https:\/\/ydkinsaat.com\/wp-content\/uploads\/2023\/01\/SANY0897-1536x1152.jpg 1536w, https:\/\/ydkinsaat.com\/wp-content\/uploads\/2023\/01\/SANY0897.jpg 2000w\" sizes=\"(max-width: 800px) 100vw, 800px\" \/><\/a>\n\t\t\t<\/div><\/figure><figure class='gallery-item'>\n\t\t\t<div class='gallery-icon landscape'>\n\t\t\t\t<a data-elementor-open-lightbox=\"yes\" data-elementor-lightbox-slideshow=\"b6dad3b\" data-elementor-lightbox-title=\"SANY0909\" data-e-action-hash=\"#elementor-action%3Aaction%3Dlightbox%26settings%3DeyJpZCI6NDU5LCJ1cmwiOiJodHRwczpcL1wveWRraW5zYWF0LmNvbVwvd3AtY29udGVudFwvdXBsb2Fkc1wvMjAyM1wvMDFcL1NBTlkwOTA5LmpwZyIsInNsaWRlc2hvdyI6ImI2ZGFkM2IifQ%3D%3D\" href='https:\/\/ydkinsaat.com\/wp-content\/uploads\/2023\/01\/SANY0909.jpg'><img loading=\"lazy\" decoding=\"async\" width=\"800\" height=\"600\" src=\"https:\/\/ydkinsaat.com\/wp-content\/uploads\/2023\/01\/SANY0909-1024x768.jpg\" class=\"attachment-large size-large\" alt=\"\" srcset=\"https:\/\/ydkinsaat.com\/wp-content\/uploads\/2023\/01\/SANY0909-1024x768.jpg 1024w, https:\/\/ydkinsaat.com\/wp-content\/uploads\/2023\/01\/SANY0909-300x225.jpg 300w, https:\/\/ydkinsaat.com\/wp-content\/uploads\/2023\/01\/SANY0909-768x576.jpg 768w, https:\/\/ydkinsaat.com\/wp-content\/uploads\/2023\/01\/SANY0909-1536x1152.jpg 1536w, https:\/\/ydkinsaat.com\/wp-content\/uploads\/2023\/01\/SANY0909.jpg 2000w\" sizes=\"(max-width: 800px) 100vw, 800px\" \/><\/a>\n\t\t\t<\/div><\/figure>\n\t\t<\/div>\n\t\t<\/div>\n\t\t\t\t\t\t<\/div>\n\t\t\t\t<\/div>\n\t\t\t\t\t<\/div>\n\t\t<\/div>\n\t\t\t\t\t<\/div>\n\t\t<\/section>\n\t\t\t\t<\/div>","protected":false},"excerpt":{"rendered":"<p>Yol Yap\u0131m \u00c7al\u0131\u015fmalar\u0131 Instagram Facebook-f Linkedin Youtube<\/p>","protected":false},"author":1,"featured_media":0,"parent":0,"menu_order":0,"comment_status":"closed","ping_status":"closed","template":"elementor_header_footer","meta":{"footnotes":""},"class_list":["post-448","page","type-page","status-publish","hentry"],"_links":{"self":[{"href":"http:\/\/ydkinsaat.com\/en\/wp-json\/wp\/v2\/pages\/448","targetHints":{"allow":["GET"]}}],"collection":[{"href":"http:\/\/ydkinsaat.com\/en\/wp-json\/wp\/v2\/pages"}],"about":[{"href":"http:\/\/ydkinsaat.com\/en\/wp-json\/wp\/v2\/types\/page"}],"author":[{"embeddable":true,"href":"http:\/\/ydkinsaat.com\/en\/wp-json\/wp\/v2\/users\/1"}],"replies":[{"embeddable":true,"href":"http:\/\/ydkinsaat.com\/en\/wp-json\/wp\/v2\/comments?post=448"}],"version-history":[{"count":4,"href":"http:\/\/ydkinsaat.com\/en\/wp-json\/wp\/v2\/pages\/448\/revisions"}],"predecessor-version":[{"id":463,"href":"http:\/\/ydkinsaat.com\/en\/wp-json\/wp\/v2\/pages\/448\/revisions\/463"}],"wp:attachment":[{"href":"http:\/\/ydkinsaat.com\/en\/wp-json\/wp\/v2\/media?parent=448"}],"curies":[{"name":"wp","href":"https:\/\/api.w.org\/{rel}","templated":true}]}}