{"id":390,"date":"2023-01-21T18:08:34","date_gmt":"2023-01-21T18:08:34","guid":{"rendered":"http:\/\/ydkinsaat.com\/?page_id=390"},"modified":"2023-01-21T19:34:23","modified_gmt":"2023-01-21T19:34:23","slug":"cig-tunelleri","status":"publish","type":"page","link":"http:\/\/ydkinsaat.com\/en\/cig-tunelleri\/","title":{"rendered":"Avalanche Tunnels"},"content":{"rendered":"<div data-elementor-type=\"wp-page\" data-elementor-id=\"390\" class=\"elementor elementor-390\">\n\t\t\t\t\t\t<section class=\"elementor-section elementor-top-section elementor-element elementor-element-27a97a10 elementor-section-boxed elementor-section-height-default elementor-section-height-default\" data-id=\"27a97a10\" data-element_type=\"section\" data-e-type=\"section\">\n\t\t\t\t\t\t<div class=\"elementor-container elementor-column-gap-default\">\n\t\t\t\t\t<div class=\"elementor-column elementor-col-100 elementor-top-column elementor-element elementor-element-423ecb53\" data-id=\"423ecb53\" data-element_type=\"column\" data-e-type=\"column\">\n\t\t\t<div class=\"elementor-widget-wrap elementor-element-populated\">\n\t\t\t\t\t\t<section class=\"elementor-section elementor-inner-section elementor-element elementor-element-2f672892 elementor-section-boxed elementor-section-height-default elementor-section-height-default\" data-id=\"2f672892\" data-element_type=\"section\" data-e-type=\"section\" data-settings=\"{&quot;background_background&quot;:&quot;classic&quot;}\">\n\t\t\t\t\t\t<div class=\"elementor-container elementor-column-gap-default\">\n\t\t\t\t\t<div class=\"elementor-column elementor-col-100 elementor-inner-column elementor-element elementor-element-6108335\" data-id=\"6108335\" data-element_type=\"column\" data-e-type=\"column\">\n\t\t\t<div class=\"elementor-widget-wrap elementor-element-populated\">\n\t\t\t\t\t\t<div class=\"elementor-element elementor-element-7ee4b7db elementor-widget elementor-widget-heading\" data-id=\"7ee4b7db\" data-element_type=\"widget\" data-e-type=\"widget\" data-widget_type=\"heading.default\">\n\t\t\t\t<div class=\"elementor-widget-container\">\n\t\t\t\t\t<h2 class=\"elementor-heading-title elementor-size-default\">Avalanche Tunnels<\/h2>\t\t\t\t<\/div>\n\t\t\t\t<\/div>\n\t\t\t\t\t<\/div>\n\t\t<\/div>\n\t\t\t\t\t<\/div>\n\t\t<\/section>\n\t\t\t\t\t<\/div>\n\t\t<\/div>\n\t\t\t\t\t<\/div>\n\t\t<\/section>\n\t\t\t\t<section class=\"elementor-section elementor-top-section elementor-element elementor-element-374a410c elementor-section-boxed elementor-section-height-default elementor-section-height-default\" data-id=\"374a410c\" data-element_type=\"section\" data-e-type=\"section\">\n\t\t\t\t\t\t<div class=\"elementor-container elementor-column-gap-default\">\n\t\t\t\t\t<div class=\"elementor-column elementor-col-100 elementor-top-column elementor-element elementor-element-5ef4580\" data-id=\"5ef4580\" data-element_type=\"column\" data-e-type=\"column\">\n\t\t\t<div class=\"elementor-widget-wrap elementor-element-populated\">\n\t\t\t\t\t\t<div class=\"elementor-element elementor-element-68af86a1 elementor-widget elementor-widget-image\" data-id=\"68af86a1\" data-element_type=\"widget\" data-e-type=\"widget\" data-widget_type=\"image.default\">\n\t\t\t\t<div class=\"elementor-widget-container\">\n\t\t\t\t\t\t\t\t\t\t\t\t\t\t\t<img fetchpriority=\"high\" decoding=\"async\" width=\"2560\" height=\"1920\" src=\"https:\/\/ydkinsaat.com\/wp-content\/uploads\/2023\/01\/003-scaled.jpg\" class=\"attachment-full size-full wp-image-407\" alt=\"\" srcset=\"https:\/\/ydkinsaat.com\/wp-content\/uploads\/2023\/01\/003-scaled.jpg 2560w, https:\/\/ydkinsaat.com\/wp-content\/uploads\/2023\/01\/003-300x225.jpg 300w, https:\/\/ydkinsaat.com\/wp-content\/uploads\/2023\/01\/003-1024x768.jpg 1024w, https:\/\/ydkinsaat.com\/wp-content\/uploads\/2023\/01\/003-768x576.jpg 768w, https:\/\/ydkinsaat.com\/wp-content\/uploads\/2023\/01\/003-1536x1152.jpg 1536w, https:\/\/ydkinsaat.com\/wp-content\/uploads\/2023\/01\/003-2048x1536.jpg 2048w\" sizes=\"(max-width: 2560px) 100vw, 2560px\" \/>\t\t\t\t\t\t\t\t\t\t\t\t\t\t\t<\/div>\n\t\t\t\t<\/div>\n\t\t\t\t<section class=\"elementor-section elementor-inner-section elementor-element elementor-element-55186bd1 elementor-section-full_width elementor-section-height-default elementor-section-height-default\" data-id=\"55186bd1\" data-element_type=\"section\" data-e-type=\"section\">\n\t\t\t\t\t\t<div class=\"elementor-container elementor-column-gap-default\">\n\t\t\t\t\t<div class=\"elementor-column elementor-col-33 elementor-inner-column elementor-element elementor-element-5274c621\" data-id=\"5274c621\" data-element_type=\"column\" data-e-type=\"column\">\n\t\t\t<div class=\"elementor-widget-wrap elementor-element-populated\">\n\t\t\t\t\t\t<div class=\"elementor-element elementor-element-3948335e elementor-widget-divider--view-line elementor-widget elementor-widget-divider\" data-id=\"3948335e\" data-element_type=\"widget\" data-e-type=\"widget\" data-widget_type=\"divider.default\">\n\t\t\t\t<div class=\"elementor-widget-container\">\n\t\t\t\t\t\t\t<div class=\"elementor-divider\">\n\t\t\t<span class=\"elementor-divider-separator\">\n\t\t\t\t\t\t<\/span>\n\t\t<\/div>\n\t\t\t\t\t\t<\/div>\n\t\t\t\t<\/div>\n\t\t\t\t\t<\/div>\n\t\t<\/div>\n\t\t\t\t<div class=\"elementor-column elementor-col-33 elementor-inner-column elementor-element elementor-element-38857ffd\" data-id=\"38857ffd\" data-element_type=\"column\" data-e-type=\"column\">\n\t\t\t<div class=\"elementor-widget-wrap elementor-element-populated\">\n\t\t\t\t\t\t<div class=\"elementor-element elementor-element-17538ded elementor-shape-square elementor-grid-0 e-grid-align-center elementor-widget elementor-widget-social-icons\" data-id=\"17538ded\" data-element_type=\"widget\" data-e-type=\"widget\" data-widget_type=\"social-icons.default\">\n\t\t\t\t<div class=\"elementor-widget-container\">\n\t\t\t\t\t\t\t<div class=\"elementor-social-icons-wrapper elementor-grid\" role=\"list\">\n\t\t\t\t\t\t\t<span class=\"elementor-grid-item\" role=\"listitem\">\n\t\t\t\t\t<a class=\"elementor-icon elementor-social-icon elementor-social-icon-instagram elementor-animation-float elementor-repeater-item-742b2d0\" target=\"_blank\">\n\t\t\t\t\t\t<span class=\"elementor-screen-only\">Instagram<\/span>\n\t\t\t\t\t\t<i aria-hidden=\"true\" class=\"fab fa-instagram\"><\/i>\t\t\t\t\t<\/a>\n\t\t\t\t<\/span>\n\t\t\t\t\t\t\t<span class=\"elementor-grid-item\" role=\"listitem\">\n\t\t\t\t\t<a class=\"elementor-icon elementor-social-icon elementor-social-icon-facebook-f elementor-animation-float elementor-repeater-item-896f2d4\" target=\"_blank\">\n\t\t\t\t\t\t<span class=\"elementor-screen-only\">Facebook-f<\/span>\n\t\t\t\t\t\t<i aria-hidden=\"true\" class=\"fab fa-facebook-f\"><\/i>\t\t\t\t\t<\/a>\n\t\t\t\t<\/span>\n\t\t\t\t\t\t\t<span class=\"elementor-grid-item\" role=\"listitem\">\n\t\t\t\t\t<a class=\"elementor-icon elementor-social-icon elementor-social-icon-linkedin elementor-animation-float elementor-repeater-item-cb0e1c4\" target=\"_blank\">\n\t\t\t\t\t\t<span class=\"elementor-screen-only\">Linkedin<\/span>\n\t\t\t\t\t\t<i aria-hidden=\"true\" class=\"fab fa-linkedin\"><\/i>\t\t\t\t\t<\/a>\n\t\t\t\t<\/span>\n\t\t\t\t\t\t\t<span class=\"elementor-grid-item\" role=\"listitem\">\n\t\t\t\t\t<a class=\"elementor-icon elementor-social-icon elementor-social-icon-youtube elementor-animation-float elementor-repeater-item-978ee6d\" target=\"_blank\">\n\t\t\t\t\t\t<span class=\"elementor-screen-only\">Youtube<\/span>\n\t\t\t\t\t\t<i aria-hidden=\"true\" class=\"fab fa-youtube\"><\/i>\t\t\t\t\t<\/a>\n\t\t\t\t<\/span>\n\t\t\t\t\t<\/div>\n\t\t\t\t\t\t<\/div>\n\t\t\t\t<\/div>\n\t\t\t\t\t<\/div>\n\t\t<\/div>\n\t\t\t\t<div class=\"elementor-column elementor-col-33 elementor-inner-column elementor-element elementor-element-71b51e39\" data-id=\"71b51e39\" data-element_type=\"column\" data-e-type=\"column\">\n\t\t\t<div class=\"elementor-widget-wrap elementor-element-populated\">\n\t\t\t\t\t\t<div class=\"elementor-element elementor-element-68b0d57d elementor-widget-divider--view-line elementor-widget elementor-widget-divider\" data-id=\"68b0d57d\" data-element_type=\"widget\" data-e-type=\"widget\" data-widget_type=\"divider.default\">\n\t\t\t\t<div class=\"elementor-widget-container\">\n\t\t\t\t\t\t\t<div class=\"elementor-divider\">\n\t\t\t<span class=\"elementor-divider-separator\">\n\t\t\t\t\t\t<\/span>\n\t\t<\/div>\n\t\t\t\t\t\t<\/div>\n\t\t\t\t<\/div>\n\t\t\t\t\t<\/div>\n\t\t<\/div>\n\t\t\t\t\t<\/div>\n\t\t<\/section>\n\t\t\t\t\t<\/div>\n\t\t<\/div>\n\t\t\t\t\t<\/div>\n\t\t<\/section>\n\t\t\t\t<section class=\"elementor-section elementor-top-section elementor-element elementor-element-fdcb382 elementor-section-boxed elementor-section-height-default elementor-section-height-default\" data-id=\"fdcb382\" data-element_type=\"section\" data-e-type=\"section\">\n\t\t\t\t\t\t<div class=\"elementor-container elementor-column-gap-default\">\n\t\t\t\t\t<div class=\"elementor-column elementor-col-100 elementor-top-column elementor-element elementor-element-9d4041a\" data-id=\"9d4041a\" data-element_type=\"column\" data-e-type=\"column\">\n\t\t\t<div class=\"elementor-widget-wrap elementor-element-populated\">\n\t\t\t\t\t\t<div class=\"elementor-element elementor-element-b6dad3b gallery-spacing-custom elementor-widget elementor-widget-image-gallery\" data-id=\"b6dad3b\" data-element_type=\"widget\" data-e-type=\"widget\" data-widget_type=\"image-gallery.default\">\n\t\t\t\t<div class=\"elementor-widget-container\">\n\t\t\t\t\t\t\t<div class=\"elementor-image-gallery\">\n\t\t\t<div id='gallery-1' class='gallery galleryid-390 gallery-columns-3 gallery-size-large'><figure class='gallery-item'>\n\t\t\t<div class='gallery-icon landscape'>\n\t\t\t\t<a data-elementor-open-lightbox=\"yes\" data-elementor-lightbox-slideshow=\"b6dad3b\" data-elementor-lightbox-title=\"SANYO DIGITAL CAMERA\" data-e-action-hash=\"#elementor-action%3Aaction%3Dlightbox%26settings%3DeyJpZCI6NDA2LCJ1cmwiOiJodHRwczpcL1wveWRraW5zYWF0LmNvbVwvd3AtY29udGVudFwvdXBsb2Fkc1wvMjAyM1wvMDFcL1RBS1ZJTS03LXNjYWxlZC5qcGciLCJzbGlkZXNob3ciOiJiNmRhZDNiIn0%3D\" href='https:\/\/ydkinsaat.com\/wp-content\/uploads\/2023\/01\/TAKVIM-7-scaled.jpg'><img decoding=\"async\" width=\"800\" height=\"600\" src=\"https:\/\/ydkinsaat.com\/wp-content\/uploads\/2023\/01\/TAKVIM-7-1024x768.jpg\" class=\"attachment-large size-large\" alt=\"\" aria-describedby=\"gallery-1-406\" srcset=\"https:\/\/ydkinsaat.com\/wp-content\/uploads\/2023\/01\/TAKVIM-7-1024x768.jpg 1024w, https:\/\/ydkinsaat.com\/wp-content\/uploads\/2023\/01\/TAKVIM-7-300x225.jpg 300w, https:\/\/ydkinsaat.com\/wp-content\/uploads\/2023\/01\/TAKVIM-7-768x576.jpg 768w, https:\/\/ydkinsaat.com\/wp-content\/uploads\/2023\/01\/TAKVIM-7-1536x1152.jpg 1536w, https:\/\/ydkinsaat.com\/wp-content\/uploads\/2023\/01\/TAKVIM-7-2048x1536.jpg 2048w\" sizes=\"(max-width: 800px) 100vw, 800px\" \/><\/a>\n\t\t\t<\/div>\n\t\t\t\t<figcaption class='wp-caption-text gallery-caption' id='gallery-1-406'>\n\t\t\t\tSANYO DIGITAL CAMERA\n\t\t\t\t<\/figcaption><\/figure><figure class='gallery-item'>\n\t\t\t<div class='gallery-icon landscape'>\n\t\t\t\t<a data-elementor-open-lightbox=\"yes\" data-elementor-lightbox-slideshow=\"b6dad3b\" data-elementor-lightbox-title=\"SANYO DIGITAL CAMERA\" data-e-action-hash=\"#elementor-action%3Aaction%3Dlightbox%26settings%3DeyJpZCI6NDA1LCJ1cmwiOiJodHRwczpcL1wveWRraW5zYWF0LmNvbVwvd3AtY29udGVudFwvdXBsb2Fkc1wvMjAyM1wvMDFcL1RBS1ZJTS01LXNjYWxlZC5qcGciLCJzbGlkZXNob3ciOiJiNmRhZDNiIn0%3D\" href='https:\/\/ydkinsaat.com\/wp-content\/uploads\/2023\/01\/TAKVIM-5-scaled.jpg'><img decoding=\"async\" width=\"800\" height=\"600\" src=\"https:\/\/ydkinsaat.com\/wp-content\/uploads\/2023\/01\/TAKVIM-5-1024x768.jpg\" class=\"attachment-large size-large\" alt=\"\" aria-describedby=\"gallery-1-405\" srcset=\"https:\/\/ydkinsaat.com\/wp-content\/uploads\/2023\/01\/TAKVIM-5-1024x768.jpg 1024w, https:\/\/ydkinsaat.com\/wp-content\/uploads\/2023\/01\/TAKVIM-5-300x225.jpg 300w, https:\/\/ydkinsaat.com\/wp-content\/uploads\/2023\/01\/TAKVIM-5-768x576.jpg 768w, https:\/\/ydkinsaat.com\/wp-content\/uploads\/2023\/01\/TAKVIM-5-1536x1152.jpg 1536w, https:\/\/ydkinsaat.com\/wp-content\/uploads\/2023\/01\/TAKVIM-5-2048x1536.jpg 2048w\" sizes=\"(max-width: 800px) 100vw, 800px\" \/><\/a>\n\t\t\t<\/div>\n\t\t\t\t<figcaption class='wp-caption-text gallery-caption' id='gallery-1-405'>\n\t\t\t\tSANYO DIGITAL CAMERA\n\t\t\t\t<\/figcaption><\/figure><figure class='gallery-item'>\n\t\t\t<div class='gallery-icon landscape'>\n\t\t\t\t<a data-elementor-open-lightbox=\"yes\" data-elementor-lightbox-slideshow=\"b6dad3b\" data-elementor-lightbox-title=\"SOL U\u0308ST\" data-e-action-hash=\"#elementor-action%3Aaction%3Dlightbox%26settings%3DeyJpZCI6NDAzLCJ1cmwiOiJodHRwczpcL1wveWRraW5zYWF0LmNvbVwvd3AtY29udGVudFwvdXBsb2Fkc1wvMjAyM1wvMDFcL1NPTC1VU1QuanBnIiwic2xpZGVzaG93IjoiYjZkYWQzYiJ9\" href='https:\/\/ydkinsaat.com\/wp-content\/uploads\/2023\/01\/SOL-UST.jpg'><img loading=\"lazy\" decoding=\"async\" width=\"800\" height=\"600\" src=\"https:\/\/ydkinsaat.com\/wp-content\/uploads\/2023\/01\/SOL-UST-1024x768.jpg\" class=\"attachment-large size-large\" alt=\"\" srcset=\"https:\/\/ydkinsaat.com\/wp-content\/uploads\/2023\/01\/SOL-UST-1024x768.jpg 1024w, https:\/\/ydkinsaat.com\/wp-content\/uploads\/2023\/01\/SOL-UST-300x225.jpg 300w, https:\/\/ydkinsaat.com\/wp-content\/uploads\/2023\/01\/SOL-UST-768x576.jpg 768w, https:\/\/ydkinsaat.com\/wp-content\/uploads\/2023\/01\/SOL-UST-1536x1152.jpg 1536w, https:\/\/ydkinsaat.com\/wp-content\/uploads\/2023\/01\/SOL-UST-2048x1536.jpg 2048w\" sizes=\"(max-width: 800px) 100vw, 800px\" \/><\/a>\n\t\t\t<\/div><\/figure><figure class='gallery-item'>\n\t\t\t<div class='gallery-icon landscape'>\n\t\t\t\t<a data-elementor-open-lightbox=\"yes\" data-elementor-lightbox-slideshow=\"b6dad3b\" data-elementor-lightbox-title=\"SOL ALT\" data-e-action-hash=\"#elementor-action%3Aaction%3Dlightbox%26settings%3DeyJpZCI6NDAyLCJ1cmwiOiJodHRwczpcL1wveWRraW5zYWF0LmNvbVwvd3AtY29udGVudFwvdXBsb2Fkc1wvMjAyM1wvMDFcL1NPTC1BTFQuanBnIiwic2xpZGVzaG93IjoiYjZkYWQzYiJ9\" href='https:\/\/ydkinsaat.com\/wp-content\/uploads\/2023\/01\/SOL-ALT.jpg'><img loading=\"lazy\" decoding=\"async\" width=\"800\" height=\"600\" src=\"https:\/\/ydkinsaat.com\/wp-content\/uploads\/2023\/01\/SOL-ALT-1024x768.jpg\" class=\"attachment-large size-large\" alt=\"\" srcset=\"https:\/\/ydkinsaat.com\/wp-content\/uploads\/2023\/01\/SOL-ALT-1024x768.jpg 1024w, https:\/\/ydkinsaat.com\/wp-content\/uploads\/2023\/01\/SOL-ALT-300x225.jpg 300w, https:\/\/ydkinsaat.com\/wp-content\/uploads\/2023\/01\/SOL-ALT-768x576.jpg 768w, https:\/\/ydkinsaat.com\/wp-content\/uploads\/2023\/01\/SOL-ALT-1536x1152.jpg 1536w, https:\/\/ydkinsaat.com\/wp-content\/uploads\/2023\/01\/SOL-ALT-2048x1536.jpg 2048w\" sizes=\"(max-width: 800px) 100vw, 800px\" \/><\/a>\n\t\t\t<\/div><\/figure><figure class='gallery-item'>\n\t\t\t<div class='gallery-icon landscape'>\n\t\t\t\t<a data-elementor-open-lightbox=\"yes\" data-elementor-lightbox-slideshow=\"b6dad3b\" data-elementor-lightbox-title=\"SANYO DIGITAL CAMERA\" data-e-action-hash=\"#elementor-action%3Aaction%3Dlightbox%26settings%3DeyJpZCI6NDAxLCJ1cmwiOiJodHRwczpcL1wveWRraW5zYWF0LmNvbVwvd3AtY29udGVudFwvdXBsb2Fkc1wvMjAyM1wvMDFcL1NBTlkwODk1LXNjYWxlZC5qcGciLCJzbGlkZXNob3ciOiJiNmRhZDNiIn0%3D\" href='https:\/\/ydkinsaat.com\/wp-content\/uploads\/2023\/01\/SANY0895-scaled.jpg'><img loading=\"lazy\" decoding=\"async\" width=\"800\" height=\"600\" src=\"https:\/\/ydkinsaat.com\/wp-content\/uploads\/2023\/01\/SANY0895-1024x768.jpg\" class=\"attachment-large size-large\" alt=\"\" aria-describedby=\"gallery-1-401\" srcset=\"https:\/\/ydkinsaat.com\/wp-content\/uploads\/2023\/01\/SANY0895-1024x768.jpg 1024w, https:\/\/ydkinsaat.com\/wp-content\/uploads\/2023\/01\/SANY0895-300x225.jpg 300w, https:\/\/ydkinsaat.com\/wp-content\/uploads\/2023\/01\/SANY0895-768x576.jpg 768w, https:\/\/ydkinsaat.com\/wp-content\/uploads\/2023\/01\/SANY0895-1536x1152.jpg 1536w, https:\/\/ydkinsaat.com\/wp-content\/uploads\/2023\/01\/SANY0895-2048x1536.jpg 2048w\" sizes=\"(max-width: 800px) 100vw, 800px\" \/><\/a>\n\t\t\t<\/div>\n\t\t\t\t<figcaption class='wp-caption-text gallery-caption' id='gallery-1-401'>\n\t\t\t\tSANYO DIGITAL CAMERA\n\t\t\t\t<\/figcaption><\/figure><figure class='gallery-item'>\n\t\t\t<div class='gallery-icon landscape'>\n\t\t\t\t<a data-elementor-open-lightbox=\"yes\" data-elementor-lightbox-slideshow=\"b6dad3b\" data-elementor-lightbox-title=\"SANYO DIGITAL CAMERA\" data-e-action-hash=\"#elementor-action%3Aaction%3Dlightbox%26settings%3DeyJpZCI6NDAwLCJ1cmwiOiJodHRwczpcL1wveWRraW5zYWF0LmNvbVwvd3AtY29udGVudFwvdXBsb2Fkc1wvMjAyM1wvMDFcL1NBTlkwNzE0LXNjYWxlZC5qcGciLCJzbGlkZXNob3ciOiJiNmRhZDNiIn0%3D\" href='https:\/\/ydkinsaat.com\/wp-content\/uploads\/2023\/01\/SANY0714-scaled.jpg'><img loading=\"lazy\" decoding=\"async\" width=\"800\" height=\"600\" src=\"https:\/\/ydkinsaat.com\/wp-content\/uploads\/2023\/01\/SANY0714-1024x768.jpg\" class=\"attachment-large size-large\" alt=\"\" aria-describedby=\"gallery-1-400\" srcset=\"https:\/\/ydkinsaat.com\/wp-content\/uploads\/2023\/01\/SANY0714-1024x768.jpg 1024w, https:\/\/ydkinsaat.com\/wp-content\/uploads\/2023\/01\/SANY0714-300x225.jpg 300w, https:\/\/ydkinsaat.com\/wp-content\/uploads\/2023\/01\/SANY0714-768x576.jpg 768w, https:\/\/ydkinsaat.com\/wp-content\/uploads\/2023\/01\/SANY0714-1536x1152.jpg 1536w, https:\/\/ydkinsaat.com\/wp-content\/uploads\/2023\/01\/SANY0714-2048x1536.jpg 2048w\" sizes=\"(max-width: 800px) 100vw, 800px\" \/><\/a>\n\t\t\t<\/div>\n\t\t\t\t<figcaption class='wp-caption-text gallery-caption' id='gallery-1-400'>\n\t\t\t\tSANYO DIGITAL CAMERA\n\t\t\t\t<\/figcaption><\/figure><figure class='gallery-item'>\n\t\t\t<div class='gallery-icon landscape'>\n\t\t\t\t<a data-elementor-open-lightbox=\"yes\" data-elementor-lightbox-slideshow=\"b6dad3b\" data-elementor-lightbox-title=\"SANYO DIGITAL CAMERA\" data-e-action-hash=\"#elementor-action%3Aaction%3Dlightbox%26settings%3DeyJpZCI6Mzk5LCJ1cmwiOiJodHRwczpcL1wveWRraW5zYWF0LmNvbVwvd3AtY29udGVudFwvdXBsb2Fkc1wvMjAyM1wvMDFcL1NBTlkwNDQxLXNjYWxlZC5qcGciLCJzbGlkZXNob3ciOiJiNmRhZDNiIn0%3D\" href='https:\/\/ydkinsaat.com\/wp-content\/uploads\/2023\/01\/SANY0441-scaled.jpg'><img loading=\"lazy\" decoding=\"async\" width=\"800\" height=\"600\" src=\"https:\/\/ydkinsaat.com\/wp-content\/uploads\/2023\/01\/SANY0441-1024x768.jpg\" class=\"attachment-large size-large\" alt=\"\" aria-describedby=\"gallery-1-399\" srcset=\"https:\/\/ydkinsaat.com\/wp-content\/uploads\/2023\/01\/SANY0441-1024x768.jpg 1024w, https:\/\/ydkinsaat.com\/wp-content\/uploads\/2023\/01\/SANY0441-300x225.jpg 300w, https:\/\/ydkinsaat.com\/wp-content\/uploads\/2023\/01\/SANY0441-768x576.jpg 768w, https:\/\/ydkinsaat.com\/wp-content\/uploads\/2023\/01\/SANY0441-1536x1152.jpg 1536w, https:\/\/ydkinsaat.com\/wp-content\/uploads\/2023\/01\/SANY0441-2048x1536.jpg 2048w\" sizes=\"(max-width: 800px) 100vw, 800px\" \/><\/a>\n\t\t\t<\/div>\n\t\t\t\t<figcaption class='wp-caption-text gallery-caption' id='gallery-1-399'>\n\t\t\t\tSANYO DIGITAL CAMERA\n\t\t\t\t<\/figcaption><\/figure><figure class='gallery-item'>\n\t\t\t<div class='gallery-icon landscape'>\n\t\t\t\t<a data-elementor-open-lightbox=\"yes\" data-elementor-lightbox-slideshow=\"b6dad3b\" data-elementor-lightbox-title=\"SAG\u0306 U\u0308ST\" data-e-action-hash=\"#elementor-action%3Aaction%3Dlightbox%26settings%3DeyJpZCI6Mzk4LCJ1cmwiOiJodHRwczpcL1wveWRraW5zYWF0LmNvbVwvd3AtY29udGVudFwvdXBsb2Fkc1wvMjAyM1wvMDFcL1NBRy1VU1QuanBnIiwic2xpZGVzaG93IjoiYjZkYWQzYiJ9\" href='https:\/\/ydkinsaat.com\/wp-content\/uploads\/2023\/01\/SAG-UST.jpg'><img loading=\"lazy\" decoding=\"async\" width=\"800\" height=\"600\" src=\"https:\/\/ydkinsaat.com\/wp-content\/uploads\/2023\/01\/SAG-UST-1024x768.jpg\" class=\"attachment-large size-large\" alt=\"\" srcset=\"https:\/\/ydkinsaat.com\/wp-content\/uploads\/2023\/01\/SAG-UST-1024x768.jpg 1024w, https:\/\/ydkinsaat.com\/wp-content\/uploads\/2023\/01\/SAG-UST-300x225.jpg 300w, https:\/\/ydkinsaat.com\/wp-content\/uploads\/2023\/01\/SAG-UST-768x576.jpg 768w, https:\/\/ydkinsaat.com\/wp-content\/uploads\/2023\/01\/SAG-UST-1536x1152.jpg 1536w, https:\/\/ydkinsaat.com\/wp-content\/uploads\/2023\/01\/SAG-UST-2048x1536.jpg 2048w\" sizes=\"(max-width: 800px) 100vw, 800px\" \/><\/a>\n\t\t\t<\/div><\/figure><figure class='gallery-item'>\n\t\t\t<div class='gallery-icon landscape'>\n\t\t\t\t<a data-elementor-open-lightbox=\"yes\" data-elementor-lightbox-slideshow=\"b6dad3b\" data-elementor-lightbox-title=\"SANYO DIGITAL CAMERA\" data-e-action-hash=\"#elementor-action%3Aaction%3Dlightbox%26settings%3DeyJpZCI6Mzk3LCJ1cmwiOiJodHRwczpcL1wveWRraW5zYWF0LmNvbVwvd3AtY29udGVudFwvdXBsb2Fkc1wvMjAyM1wvMDFcL2ltYWxhdGxhci0wMDItMS1zY2FsZWQuanBnIiwic2xpZGVzaG93IjoiYjZkYWQzYiJ9\" href='https:\/\/ydkinsaat.com\/wp-content\/uploads\/2023\/01\/imalatlar-002-1-scaled.jpg'><img loading=\"lazy\" decoding=\"async\" width=\"800\" height=\"600\" src=\"https:\/\/ydkinsaat.com\/wp-content\/uploads\/2023\/01\/imalatlar-002-1-1024x768.jpg\" class=\"attachment-large size-large\" alt=\"\" aria-describedby=\"gallery-1-397\" srcset=\"https:\/\/ydkinsaat.com\/wp-content\/uploads\/2023\/01\/imalatlar-002-1-1024x768.jpg 1024w, https:\/\/ydkinsaat.com\/wp-content\/uploads\/2023\/01\/imalatlar-002-1-300x225.jpg 300w, https:\/\/ydkinsaat.com\/wp-content\/uploads\/2023\/01\/imalatlar-002-1-768x576.jpg 768w, https:\/\/ydkinsaat.com\/wp-content\/uploads\/2023\/01\/imalatlar-002-1-1536x1152.jpg 1536w, https:\/\/ydkinsaat.com\/wp-content\/uploads\/2023\/01\/imalatlar-002-1-2048x1536.jpg 2048w\" sizes=\"(max-width: 800px) 100vw, 800px\" \/><\/a>\n\t\t\t<\/div>\n\t\t\t\t<figcaption class='wp-caption-text gallery-caption' id='gallery-1-397'>\n\t\t\t\tSANYO DIGITAL CAMERA\n\t\t\t\t<\/figcaption><\/figure><figure class='gallery-item'>\n\t\t\t<div class='gallery-icon landscape'>\n\t\t\t\t<a data-elementor-open-lightbox=\"yes\" data-elementor-lightbox-slideshow=\"b6dad3b\" data-elementor-lightbox-title=\"SANYO DIGITAL CAMERA\" data-e-action-hash=\"#elementor-action%3Aaction%3Dlightbox%26settings%3DeyJpZCI6Mzk2LCJ1cmwiOiJodHRwczpcL1wveWRraW5zYWF0LmNvbVwvd3AtY29udGVudFwvdXBsb2Fkc1wvMjAyM1wvMDFcL0VLSU0tMjAwOS0wMTAtc2NhbGVkLmpwZyIsInNsaWRlc2hvdyI6ImI2ZGFkM2IifQ%3D%3D\" href='https:\/\/ydkinsaat.com\/wp-content\/uploads\/2023\/01\/EKIM-2009-010-scaled.jpg'><img loading=\"lazy\" decoding=\"async\" width=\"800\" height=\"600\" src=\"https:\/\/ydkinsaat.com\/wp-content\/uploads\/2023\/01\/EKIM-2009-010-1024x768.jpg\" class=\"attachment-large size-large\" alt=\"\" aria-describedby=\"gallery-1-396\" srcset=\"https:\/\/ydkinsaat.com\/wp-content\/uploads\/2023\/01\/EKIM-2009-010-1024x768.jpg 1024w, https:\/\/ydkinsaat.com\/wp-content\/uploads\/2023\/01\/EKIM-2009-010-300x225.jpg 300w, https:\/\/ydkinsaat.com\/wp-content\/uploads\/2023\/01\/EKIM-2009-010-768x576.jpg 768w, https:\/\/ydkinsaat.com\/wp-content\/uploads\/2023\/01\/EKIM-2009-010-1536x1152.jpg 1536w, https:\/\/ydkinsaat.com\/wp-content\/uploads\/2023\/01\/EKIM-2009-010-2048x1536.jpg 2048w\" sizes=\"(max-width: 800px) 100vw, 800px\" \/><\/a>\n\t\t\t<\/div>\n\t\t\t\t<figcaption class='wp-caption-text gallery-caption' id='gallery-1-396'>\n\t\t\t\tSANYO DIGITAL CAMERA\n\t\t\t\t<\/figcaption><\/figure><figure class='gallery-item'>\n\t\t\t<div class='gallery-icon landscape'>\n\t\t\t\t<a data-elementor-open-lightbox=\"yes\" data-elementor-lightbox-slideshow=\"b6dad3b\" data-elementor-lightbox-title=\"SANYO DIGITAL CAMERA\" data-e-action-hash=\"#elementor-action%3Aaction%3Dlightbox%26settings%3DeyJpZCI6Mzk0LCJ1cmwiOiJodHRwczpcL1wveWRraW5zYWF0LmNvbVwvd3AtY29udGVudFwvdXBsb2Fkc1wvMjAyM1wvMDFcLzAyNS1zY2FsZWQuanBnIiwic2xpZGVzaG93IjoiYjZkYWQzYiJ9\" href='https:\/\/ydkinsaat.com\/wp-content\/uploads\/2023\/01\/025-scaled.jpg'><img loading=\"lazy\" decoding=\"async\" width=\"800\" height=\"600\" src=\"https:\/\/ydkinsaat.com\/wp-content\/uploads\/2023\/01\/025-1024x768.jpg\" class=\"attachment-large size-large\" alt=\"\" aria-describedby=\"gallery-1-394\" srcset=\"https:\/\/ydkinsaat.com\/wp-content\/uploads\/2023\/01\/025-1024x768.jpg 1024w, https:\/\/ydkinsaat.com\/wp-content\/uploads\/2023\/01\/025-300x225.jpg 300w, https:\/\/ydkinsaat.com\/wp-content\/uploads\/2023\/01\/025-768x576.jpg 768w, https:\/\/ydkinsaat.com\/wp-content\/uploads\/2023\/01\/025-1536x1152.jpg 1536w, https:\/\/ydkinsaat.com\/wp-content\/uploads\/2023\/01\/025-2048x1536.jpg 2048w\" sizes=\"(max-width: 800px) 100vw, 800px\" \/><\/a>\n\t\t\t<\/div>\n\t\t\t\t<figcaption class='wp-caption-text gallery-caption' id='gallery-1-394'>\n\t\t\t\tSANYO DIGITAL CAMERA\n\t\t\t\t<\/figcaption><\/figure><figure class='gallery-item'>\n\t\t\t<div class='gallery-icon landscape'>\n\t\t\t\t<a data-elementor-open-lightbox=\"yes\" data-elementor-lightbox-slideshow=\"b6dad3b\" data-elementor-lightbox-title=\"TAKVI\u0307M 1\" data-e-action-hash=\"#elementor-action%3Aaction%3Dlightbox%26settings%3DeyJpZCI6NDA0LCJ1cmwiOiJodHRwczpcL1wveWRraW5zYWF0LmNvbVwvd3AtY29udGVudFwvdXBsb2Fkc1wvMjAyM1wvMDFcL1RBS1ZJTS0xLXNjYWxlZC5qcGciLCJzbGlkZXNob3ciOiJiNmRhZDNiIn0%3D\" href='https:\/\/ydkinsaat.com\/wp-content\/uploads\/2023\/01\/TAKVIM-1-scaled.jpg'><img loading=\"lazy\" decoding=\"async\" width=\"800\" height=\"572\" src=\"https:\/\/ydkinsaat.com\/wp-content\/uploads\/2023\/01\/TAKVIM-1-1024x732.jpg\" class=\"attachment-large size-large\" alt=\"\" srcset=\"https:\/\/ydkinsaat.com\/wp-content\/uploads\/2023\/01\/TAKVIM-1-1024x732.jpg 1024w, https:\/\/ydkinsaat.com\/wp-content\/uploads\/2023\/01\/TAKVIM-1-300x214.jpg 300w, https:\/\/ydkinsaat.com\/wp-content\/uploads\/2023\/01\/TAKVIM-1-768x549.jpg 768w, https:\/\/ydkinsaat.com\/wp-content\/uploads\/2023\/01\/TAKVIM-1-1536x1097.jpg 1536w, https:\/\/ydkinsaat.com\/wp-content\/uploads\/2023\/01\/TAKVIM-1-2048x1463.jpg 2048w\" sizes=\"(max-width: 800px) 100vw, 800px\" \/><\/a>\n\t\t\t<\/div><\/figure>\n\t\t<\/div>\n\t\t<\/div>\n\t\t\t\t\t\t<\/div>\n\t\t\t\t<\/div>\n\t\t\t\t\t<\/div>\n\t\t<\/div>\n\t\t\t\t\t<\/div>\n\t\t<\/section>\n\t\t\t\t<\/div>","protected":false},"excerpt":{"rendered":"<p>\u00c7\u0131\u011f T\u00fcnelleri Instagram Facebook-f Linkedin Youtube SANYO DIGITAL CAMERA SANYO DIGITAL CAMERA SANYO DIGITAL CAMERA SANYO DIGITAL CAMERA SANYO DIGITAL CAMERA SANYO DIGITAL CAMERA SANYO DIGITAL CAMERA SANYO DIGITAL CAMERA<\/p>","protected":false},"author":1,"featured_media":0,"parent":0,"menu_order":0,"comment_status":"closed","ping_status":"closed","template":"elementor_header_footer","meta":{"footnotes":""},"class_list":["post-390","page","type-page","status-publish","hentry"],"_links":{"self":[{"href":"http:\/\/ydkinsaat.com\/en\/wp-json\/wp\/v2\/pages\/390","targetHints":{"allow":["GET"]}}],"collection":[{"href":"http:\/\/ydkinsaat.com\/en\/wp-json\/wp\/v2\/pages"}],"about":[{"href":"http:\/\/ydkinsaat.com\/en\/wp-json\/wp\/v2\/types\/page"}],"author":[{"embeddable":true,"href":"http:\/\/ydkinsaat.com\/en\/wp-json\/wp\/v2\/users\/1"}],"replies":[{"embeddable":true,"href":"http:\/\/ydkinsaat.com\/en\/wp-json\/wp\/v2\/comments?post=390"}],"version-history":[{"count":7,"href":"http:\/\/ydkinsaat.com\/en\/wp-json\/wp\/v2\/pages\/390\/revisions"}],"predecessor-version":[{"id":564,"href":"http:\/\/ydkinsaat.com\/en\/wp-json\/wp\/v2\/pages\/390\/revisions\/564"}],"wp:attachment":[{"href":"http:\/\/ydkinsaat.com\/en\/wp-json\/wp\/v2\/media?parent=390"}],"curies":[{"name":"wp","href":"https:\/\/api.w.org\/{rel}","templated":true}]}}