{"id":259,"date":"2022-03-31T09:10:32","date_gmt":"2022-03-31T09:10:32","guid":{"rendered":"http:\/\/ydkinsaat.com\/?page_id=259"},"modified":"2023-02-20T19:34:39","modified_gmt":"2023-02-20T19:34:39","slug":"altyapi-yol-tunel","status":"publish","type":"page","link":"http:\/\/ydkinsaat.com\/en\/altyapi-yol-tunel\/","title":{"rendered":"Infrastructure \u2013 Road \u2013 Tunnel"},"content":{"rendered":"<div data-elementor-type=\"wp-page\" data-elementor-id=\"259\" class=\"elementor elementor-259\">\n\t\t\t\t\t\t<section class=\"elementor-section elementor-top-section elementor-element elementor-element-682a903 elementor-section-boxed elementor-section-height-default elementor-section-height-default\" data-id=\"682a903\" data-element_type=\"section\" data-e-type=\"section\">\n\t\t\t\t\t\t<div class=\"elementor-container elementor-column-gap-default\">\n\t\t\t\t\t<div class=\"elementor-column elementor-col-100 elementor-top-column elementor-element elementor-element-78f86b9d\" data-id=\"78f86b9d\" data-element_type=\"column\" data-e-type=\"column\">\n\t\t\t<div class=\"elementor-widget-wrap elementor-element-populated\">\n\t\t\t\t\t\t<section class=\"elementor-section elementor-inner-section elementor-element elementor-element-40fbea95 elementor-section-boxed elementor-section-height-default elementor-section-height-default\" data-id=\"40fbea95\" data-element_type=\"section\" data-e-type=\"section\" data-settings=\"{&quot;background_background&quot;:&quot;classic&quot;}\">\n\t\t\t\t\t\t<div class=\"elementor-container elementor-column-gap-default\">\n\t\t\t\t\t<div class=\"elementor-column elementor-col-100 elementor-inner-column elementor-element elementor-element-4902c6e9\" data-id=\"4902c6e9\" data-element_type=\"column\" data-e-type=\"column\">\n\t\t\t<div class=\"elementor-widget-wrap elementor-element-populated\">\n\t\t\t\t\t\t<div class=\"elementor-element elementor-element-617ed45c elementor-widget elementor-widget-heading\" data-id=\"617ed45c\" data-element_type=\"widget\" data-e-type=\"widget\" data-widget_type=\"heading.default\">\n\t\t\t\t<div class=\"elementor-widget-container\">\n\t\t\t\t\t<h2 class=\"elementor-heading-title elementor-size-default\">Infrastructure \u2013 Road \u2013 Tunnel<\/h2>\t\t\t\t<\/div>\n\t\t\t\t<\/div>\n\t\t\t\t\t<\/div>\n\t\t<\/div>\n\t\t\t\t\t<\/div>\n\t\t<\/section>\n\t\t\t\t\t<\/div>\n\t\t<\/div>\n\t\t\t\t\t<\/div>\n\t\t<\/section>\n\t\t\t\t<section class=\"elementor-section elementor-top-section elementor-element elementor-element-3f22adfe elementor-section-boxed elementor-section-height-default elementor-section-height-default\" data-id=\"3f22adfe\" data-element_type=\"section\" data-e-type=\"section\">\n\t\t\t\t\t\t<div class=\"elementor-container elementor-column-gap-default\">\n\t\t\t\t\t<div class=\"elementor-column elementor-col-50 elementor-top-column elementor-element elementor-element-98cefac\" data-id=\"98cefac\" data-element_type=\"column\" data-e-type=\"column\">\n\t\t\t<div class=\"elementor-widget-wrap elementor-element-populated\">\n\t\t\t\t\t\t<div class=\"elementor-element elementor-element-2441c245 elementor-widget elementor-widget-image\" data-id=\"2441c245\" data-element_type=\"widget\" data-e-type=\"widget\" data-widget_type=\"image.default\">\n\t\t\t\t<div class=\"elementor-widget-container\">\n\t\t\t\t\t\t\t\t\t\t\t\t\t\t\t<img fetchpriority=\"high\" decoding=\"async\" width=\"2560\" height=\"1695\" src=\"http:\/\/ydkinsaat.com\/wp-content\/uploads\/2023\/02\/hizmet2-scaled.jpg\" class=\"attachment-full size-full wp-image-644\" alt=\"\" srcset=\"http:\/\/ydkinsaat.com\/wp-content\/uploads\/2023\/02\/hizmet2-scaled.jpg 2560w, http:\/\/ydkinsaat.com\/wp-content\/uploads\/2023\/02\/hizmet2-300x199.jpg 300w, http:\/\/ydkinsaat.com\/wp-content\/uploads\/2023\/02\/hizmet2-1024x678.jpg 1024w, http:\/\/ydkinsaat.com\/wp-content\/uploads\/2023\/02\/hizmet2-768x508.jpg 768w, http:\/\/ydkinsaat.com\/wp-content\/uploads\/2023\/02\/hizmet2-1536x1017.jpg 1536w, http:\/\/ydkinsaat.com\/wp-content\/uploads\/2023\/02\/hizmet2-2048x1356.jpg 2048w\" sizes=\"(max-width: 2560px) 100vw, 2560px\" \/>\t\t\t\t\t\t\t\t\t\t\t\t\t\t\t<\/div>\n\t\t\t\t<\/div>\n\t\t\t\t<div class=\"elementor-element elementor-element-40dbb7b9 elementor-widget elementor-widget-text-editor\" data-id=\"40dbb7b9\" data-element_type=\"widget\" data-e-type=\"widget\" data-widget_type=\"text-editor.default\">\n\t\t\t\t<div class=\"elementor-widget-container\">\n\t\t\t\t\t\t\t\t\t<p><span style=\"font-weight: 400;\">YDK CONSTRUCTION has worked as a subcontractor in the projects of public\/private institutions and organizations, of which TALES LTD.\u015eT\u0130, established in 1995, acted as the contractor.<\/span><\/p><p><span style=\"font-weight: 400;\">YDK Construction, has completed works as the subcontractor in these projects, under the responsibility of the Ministry of Transport \/ General Directorate of Highways:<\/span><\/p><p><span style=\"font-weight: 400;\">Marmaris-Dat\u00e7a (Part III) Road (Km:39+180-65+921 )<\/span><\/p><p><span style=\"font-weight: 400;\">\u2022 Yozgat-\u015eefaatli City Pass<\/span><\/p><p><span style=\"font-weight: 400;\">\u2022 Lalapa\u015fa-Hamzabeyli Road Pravadi Bridge etc.<\/span><\/p><p><span style=\"font-weight: 400;\">And:<\/span><\/p><p><span style=\"font-weight: 400;\">Being the subcontractor of the Rize \u2013 \u0130spir Avalanche Tunnels Project, one of the first and exemplary projects of the Ministry of Transport, has provided our company with major experience and prestige. <\/span><b>Rize \u2013\u0130spir \u00c7\u0131\u011f T\u00fcnelleri Projesi\u2019<\/b><span style=\"font-weight: 400;\">nin alt y\u00fcklenicisi olmak firmam\u0131za b\u00fcy\u00fck deneyim ve prestij sa\u011flam\u0131\u015ft\u0131r.\u00a0<\/span><\/p><p><span style=\"font-weight: 400;\">Temporary and final acceptance of all our works have been made without any problems and has been opened to the service of the public<\/span><\/p><p><span style=\"font-weight: 400;\">The fact that YDK CONSTRUCTION ventured into construction works only after gaining professional experience in project design, forms the basis of the company's success.<\/span><\/p><p><span style=\"font-weight: 400;\">Our company, which has all the technical and financial qualifications required by government tenders, is honored to carry its corporate service understanding and business discipline to the private sector.<\/span><\/p><p><span style=\"font-weight: 400;\">YDK CONSTRUCTION has completed the works of Infrastructure, Road, Tunnel, Bridge, Culvert, Reinforced Concrete etc. worth approximately $9,600,000 between 2005 and 2015.<\/span><\/p><p class=\"big\"><br \/><br \/><\/p>\t\t\t\t\t\t\t\t<\/div>\n\t\t\t\t<\/div>\n\t\t\t\t<section class=\"elementor-section elementor-inner-section elementor-element elementor-element-7e26336a elementor-section-full_width elementor-section-height-default elementor-section-height-default\" data-id=\"7e26336a\" data-element_type=\"section\" data-e-type=\"section\">\n\t\t\t\t\t\t<div class=\"elementor-container elementor-column-gap-default\">\n\t\t\t\t\t<div class=\"elementor-column elementor-col-100 elementor-inner-column elementor-element elementor-element-457e443\" data-id=\"457e443\" data-element_type=\"column\" data-e-type=\"column\">\n\t\t\t<div class=\"elementor-widget-wrap\">\n\t\t\t\t\t\t\t<\/div>\n\t\t<\/div>\n\t\t\t\t\t<\/div>\n\t\t<\/section>\n\t\t\t\t\t<\/div>\n\t\t<\/div>\n\t\t\t\t<div class=\"elementor-column elementor-col-50 elementor-top-column elementor-element elementor-element-314e0f8\" data-id=\"314e0f8\" data-element_type=\"column\" data-e-type=\"column\">\n\t\t\t<div class=\"elementor-widget-wrap elementor-element-populated\">\n\t\t\t\t\t\t<section class=\"elementor-section elementor-inner-section elementor-element elementor-element-e75858a elementor-section-full_width elementor-section-height-default elementor-section-height-default\" data-id=\"e75858a\" data-element_type=\"section\" data-e-type=\"section\">\n\t\t\t\t\t\t<div class=\"elementor-container elementor-column-gap-default\">\n\t\t\t\t\t<div class=\"elementor-column elementor-col-100 elementor-inner-column elementor-element elementor-element-004200b\" data-id=\"004200b\" data-element_type=\"column\" data-e-type=\"column\">\n\t\t\t<div class=\"elementor-widget-wrap elementor-element-populated\">\n\t\t\t\t\t\t<div class=\"elementor-element elementor-element-2b84319 elementor-widget elementor-widget-heading\" data-id=\"2b84319\" data-element_type=\"widget\" data-e-type=\"widget\" data-widget_type=\"heading.default\">\n\t\t\t\t<div class=\"elementor-widget-container\">\n\t\t\t\t\t<h4 class=\"elementor-heading-title elementor-size-default\">Services<\/h4>\t\t\t\t<\/div>\n\t\t\t\t<\/div>\n\t\t\t\t<div class=\"elementor-element elementor-element-79f84ca elementor-widget-divider--view-line_icon elementor-widget-divider--element-align-left elementor-view-default elementor-widget elementor-widget-divider\" data-id=\"79f84ca\" data-element_type=\"widget\" data-e-type=\"widget\" data-widget_type=\"divider.default\">\n\t\t\t\t<div class=\"elementor-widget-container\">\n\t\t\t\t\t\t\t<div class=\"elementor-divider\">\n\t\t\t<span class=\"elementor-divider-separator\">\n\t\t\t\t\t\t\t<div class=\"elementor-icon elementor-divider__element\">\n\t\t\t\t\t<i aria-hidden=\"true\" class=\"icon icon-minus\"><\/i><\/div>\n\t\t\t\t\t\t<\/span>\n\t\t<\/div>\n\t\t\t\t\t\t<\/div>\n\t\t\t\t<\/div>\n\t\t\t\t<div class=\"elementor-element elementor-element-06c268a elementor-align-left elementor-widget elementor-widget-button\" data-id=\"06c268a\" data-element_type=\"widget\" data-e-type=\"widget\" data-widget_type=\"button.default\">\n\t\t\t\t<div class=\"elementor-widget-container\">\n\t\t\t\t\t\t\t\t\t<div class=\"elementor-button-wrapper\">\n\t\t\t\t\t<a class=\"elementor-button elementor-button-link elementor-size-sm\" href=\"http:\/\/ydkinsaat.com\/en\/ic-mimari\/\">\n\t\t\t\t\t\t<span class=\"elementor-button-content-wrapper\">\n\t\t\t\t\t\t<span class=\"elementor-button-icon\">\n\t\t\t\t<i aria-hidden=\"true\" class=\"far fa-file-pdf\"><\/i>\t\t\t<\/span>\n\t\t\t\t\t\t\t\t\t<span class=\"elementor-button-text\">Interior Design &amp; Decoration<\/span>\n\t\t\t\t\t<\/span>\n\t\t\t\t\t<\/a>\n\t\t\t\t<\/div>\n\t\t\t\t\t\t\t\t<\/div>\n\t\t\t\t<\/div>\n\t\t\t\t<div class=\"elementor-element elementor-element-60cd663 elementor-align-left elementor-widget elementor-widget-button\" data-id=\"60cd663\" data-element_type=\"widget\" data-e-type=\"widget\" data-widget_type=\"button.default\">\n\t\t\t\t<div class=\"elementor-widget-container\">\n\t\t\t\t\t\t\t\t\t<div class=\"elementor-button-wrapper\">\n\t\t\t\t\t<a class=\"elementor-button elementor-button-link elementor-size-sm\" href=\"http:\/\/ydkinsaat.com\/en\/cevre-peyzaj\/\">\n\t\t\t\t\t\t<span class=\"elementor-button-content-wrapper\">\n\t\t\t\t\t\t<span class=\"elementor-button-icon\">\n\t\t\t\t<i aria-hidden=\"true\" class=\"far fa-file-archive\"><\/i>\t\t\t<\/span>\n\t\t\t\t\t\t\t\t\t<span class=\"elementor-button-text\">Environmental Landscape<\/span>\n\t\t\t\t\t<\/span>\n\t\t\t\t\t<\/a>\n\t\t\t\t<\/div>\n\t\t\t\t\t\t\t\t<\/div>\n\t\t\t\t<\/div>\n\t\t\t\t<div class=\"elementor-element elementor-element-6b90721 elementor-align-left elementor-widget elementor-widget-button\" data-id=\"6b90721\" data-element_type=\"widget\" data-e-type=\"widget\" data-widget_type=\"button.default\">\n\t\t\t\t<div class=\"elementor-widget-container\">\n\t\t\t\t\t\t\t\t\t<div class=\"elementor-button-wrapper\">\n\t\t\t\t\t<a class=\"elementor-button elementor-button-link elementor-size-sm\" href=\"http:\/\/ydkinsaat.com\/en\/altyapi-yol-tunel\/\">\n\t\t\t\t\t\t<span class=\"elementor-button-content-wrapper\">\n\t\t\t\t\t\t<span class=\"elementor-button-icon\">\n\t\t\t\t<i aria-hidden=\"true\" class=\"far fa-file-powerpoint\"><\/i>\t\t\t<\/span>\n\t\t\t\t\t\t\t\t\t<span class=\"elementor-button-text\">Infrastructure \u2013 Road \u2013 Tunnel<\/span>\n\t\t\t\t\t<\/span>\n\t\t\t\t\t<\/a>\n\t\t\t\t<\/div>\n\t\t\t\t\t\t\t\t<\/div>\n\t\t\t\t<\/div>\n\t\t\t\t<div class=\"elementor-element elementor-element-eb0fc9c elementor-align-left elementor-widget elementor-widget-button\" data-id=\"eb0fc9c\" data-element_type=\"widget\" data-e-type=\"widget\" data-widget_type=\"button.default\">\n\t\t\t\t<div class=\"elementor-widget-container\">\n\t\t\t\t\t\t\t\t\t<div class=\"elementor-button-wrapper\">\n\t\t\t\t\t<a class=\"elementor-button elementor-button-link elementor-size-sm\" href=\"http:\/\/ydkinsaat.com\/en\/konut-projeleri\/\">\n\t\t\t\t\t\t<span class=\"elementor-button-content-wrapper\">\n\t\t\t\t\t\t<span class=\"elementor-button-icon\">\n\t\t\t\t<i aria-hidden=\"true\" class=\"far fa-file-word\"><\/i>\t\t\t<\/span>\n\t\t\t\t\t\t\t\t\t<span class=\"elementor-button-text\">Housing Projects<\/span>\n\t\t\t\t\t<\/span>\n\t\t\t\t\t<\/a>\n\t\t\t\t<\/div>\n\t\t\t\t\t\t\t\t<\/div>\n\t\t\t\t<\/div>\n\t\t\t\t\t<\/div>\n\t\t<\/div>\n\t\t\t\t\t<\/div>\n\t\t<\/section>\n\t\t\t\t\t<\/div>\n\t\t<\/div>\n\t\t\t\t\t<\/div>\n\t\t<\/section>\n\t\t\t\t<\/div>","protected":false},"excerpt":{"rendered":"<p>Altyap\u0131 &#8211; Yol &#8211; T\u00fcnel YDK \u0130N\u015eAAT 1995 y\u0131l\u0131nda kurulmu\u015f olan TALES LTD.\u015eT\u0130\u2019nin y\u00fcklenici oldu\u011fu resmi\/\u00f6zel kurum ve kurulu\u015flara\u00a0 ait projelerde alt y\u00fcklenici olarak \u00e7al\u0131\u015fm\u0131\u015ft\u0131r. Ula\u015ft\u0131rma Bakanl\u0131\u011f\u0131 \/ Karayollar\u0131 Genel M\u00fcd\u00fcrl\u00fc\u011f\u00fc sorumlulu\u011fundaki\u00a0 projelerde alt y\u00fcklenici olan YDK \u0130n\u015faat: Marmaris-Dat\u00e7a (III. K\u0131s\u0131m ) Yolu ( Km:39+180-65+921aras\u0131 ) Yozgat-\u015eefaatli \u015eehir Ge\u00e7i\u015fi Lalapa\u015fa-Hamzabeyli Yolu Pravadi K\u00f6pr\u00fcs\u00fc v.b. i\u015flerini [&hellip;]<\/p>","protected":false},"author":1,"featured_media":0,"parent":0,"menu_order":0,"comment_status":"closed","ping_status":"closed","template":"elementor_header_footer","meta":{"footnotes":""},"class_list":["post-259","page","type-page","status-publish","hentry"],"_links":{"self":[{"href":"http:\/\/ydkinsaat.com\/en\/wp-json\/wp\/v2\/pages\/259","targetHints":{"allow":["GET"]}}],"collection":[{"href":"http:\/\/ydkinsaat.com\/en\/wp-json\/wp\/v2\/pages"}],"about":[{"href":"http:\/\/ydkinsaat.com\/en\/wp-json\/wp\/v2\/types\/page"}],"author":[{"embeddable":true,"href":"http:\/\/ydkinsaat.com\/en\/wp-json\/wp\/v2\/users\/1"}],"replies":[{"embeddable":true,"href":"http:\/\/ydkinsaat.com\/en\/wp-json\/wp\/v2\/comments?post=259"}],"version-history":[{"count":16,"href":"http:\/\/ydkinsaat.com\/en\/wp-json\/wp\/v2\/pages\/259\/revisions"}],"predecessor-version":[{"id":658,"href":"http:\/\/ydkinsaat.com\/en\/wp-json\/wp\/v2\/pages\/259\/revisions\/658"}],"wp:attachment":[{"href":"http:\/\/ydkinsaat.com\/en\/wp-json\/wp\/v2\/media?parent=259"}],"curies":[{"name":"wp","href":"https:\/\/api.w.org\/{rel}","templated":true}]}}