{"id":258,"date":"2022-03-31T09:10:20","date_gmt":"2022-03-31T09:10:20","guid":{"rendered":"http:\/\/ydkinsaat.com\/?page_id=258"},"modified":"2023-02-20T19:34:52","modified_gmt":"2023-02-20T19:34:52","slug":"konut-projeleri","status":"publish","type":"page","link":"http:\/\/ydkinsaat.com\/en\/konut-projeleri\/","title":{"rendered":"Housing Projects"},"content":{"rendered":"<div data-elementor-type=\"wp-page\" data-elementor-id=\"258\" class=\"elementor elementor-258\">\n\t\t\t\t\t\t<section class=\"elementor-section elementor-top-section elementor-element elementor-element-682a903 elementor-section-boxed elementor-section-height-default elementor-section-height-default\" data-id=\"682a903\" data-element_type=\"section\" data-e-type=\"section\">\n\t\t\t\t\t\t<div class=\"elementor-container elementor-column-gap-default\">\n\t\t\t\t\t<div class=\"elementor-column elementor-col-100 elementor-top-column elementor-element elementor-element-78f86b9d\" data-id=\"78f86b9d\" data-element_type=\"column\" data-e-type=\"column\">\n\t\t\t<div class=\"elementor-widget-wrap elementor-element-populated\">\n\t\t\t\t\t\t<section class=\"elementor-section elementor-inner-section elementor-element elementor-element-40fbea95 elementor-section-boxed elementor-section-height-default elementor-section-height-default\" data-id=\"40fbea95\" data-element_type=\"section\" data-e-type=\"section\" data-settings=\"{&quot;background_background&quot;:&quot;classic&quot;}\">\n\t\t\t\t\t\t<div class=\"elementor-container elementor-column-gap-default\">\n\t\t\t\t\t<div class=\"elementor-column elementor-col-100 elementor-inner-column elementor-element elementor-element-4902c6e9\" data-id=\"4902c6e9\" data-element_type=\"column\" data-e-type=\"column\">\n\t\t\t<div class=\"elementor-widget-wrap elementor-element-populated\">\n\t\t\t\t\t\t<div class=\"elementor-element elementor-element-617ed45c elementor-widget elementor-widget-heading\" data-id=\"617ed45c\" data-element_type=\"widget\" data-e-type=\"widget\" data-widget_type=\"heading.default\">\n\t\t\t\t<div class=\"elementor-widget-container\">\n\t\t\t\t\t<h2 class=\"elementor-heading-title elementor-size-default\">Housing Projects<\/h2>\t\t\t\t<\/div>\n\t\t\t\t<\/div>\n\t\t\t\t\t<\/div>\n\t\t<\/div>\n\t\t\t\t\t<\/div>\n\t\t<\/section>\n\t\t\t\t\t<\/div>\n\t\t<\/div>\n\t\t\t\t\t<\/div>\n\t\t<\/section>\n\t\t\t\t<section class=\"elementor-section elementor-top-section elementor-element elementor-element-3f22adfe elementor-section-boxed elementor-section-height-default elementor-section-height-default\" data-id=\"3f22adfe\" data-element_type=\"section\" data-e-type=\"section\">\n\t\t\t\t\t\t<div class=\"elementor-container elementor-column-gap-default\">\n\t\t\t\t\t<div class=\"elementor-column elementor-col-50 elementor-top-column elementor-element elementor-element-98cefac\" data-id=\"98cefac\" data-element_type=\"column\" data-e-type=\"column\">\n\t\t\t<div class=\"elementor-widget-wrap elementor-element-populated\">\n\t\t\t\t\t\t<div class=\"elementor-element elementor-element-2441c245 elementor-widget elementor-widget-image\" data-id=\"2441c245\" data-element_type=\"widget\" data-e-type=\"widget\" data-widget_type=\"image.default\">\n\t\t\t\t<div class=\"elementor-widget-container\">\n\t\t\t\t\t\t\t\t\t\t\t\t\t\t\t<img fetchpriority=\"high\" decoding=\"async\" width=\"2560\" height=\"1695\" src=\"https:\/\/ydkinsaat.com\/wp-content\/uploads\/2023\/02\/hizmet1-scaled.jpg\" class=\"attachment-full size-full wp-image-643\" alt=\"\" srcset=\"https:\/\/ydkinsaat.com\/wp-content\/uploads\/2023\/02\/hizmet1-scaled.jpg 2560w, https:\/\/ydkinsaat.com\/wp-content\/uploads\/2023\/02\/hizmet1-300x199.jpg 300w, https:\/\/ydkinsaat.com\/wp-content\/uploads\/2023\/02\/hizmet1-1024x678.jpg 1024w, https:\/\/ydkinsaat.com\/wp-content\/uploads\/2023\/02\/hizmet1-768x508.jpg 768w, https:\/\/ydkinsaat.com\/wp-content\/uploads\/2023\/02\/hizmet1-1536x1017.jpg 1536w, https:\/\/ydkinsaat.com\/wp-content\/uploads\/2023\/02\/hizmet1-2048x1356.jpg 2048w\" sizes=\"(max-width: 2560px) 100vw, 2560px\" \/>\t\t\t\t\t\t\t\t\t\t\t\t\t\t\t<\/div>\n\t\t\t\t<\/div>\n\t\t\t\t<div class=\"elementor-element elementor-element-40dbb7b9 elementor-widget elementor-widget-text-editor\" data-id=\"40dbb7b9\" data-element_type=\"widget\" data-e-type=\"widget\" data-widget_type=\"text-editor.default\">\n\t\t\t\t<div class=\"elementor-widget-container\">\n\t\t\t\t\t\t\t\t\t<p><span style=\"font-weight: 400;\">YDK CONSTRUCTION has completed the works of Infrastructure, Road, Tunnel, Bridge, Culvert, Reinforced Concrete etc. worth approximately $9,600,000 between 2005 and 2015.<\/span><\/p><p><strong>Our First Goal:\u00a0<\/strong><\/p><p><strong>To produce durable, modern, economical and aesthetically pleasing housing.<\/strong><\/p><p><span style=\"font-weight: 400;\">What makes us different is that we have implemented a system in which every stage of the construction can be followed along by the consumers. To save customers from worrying about safety and durability with a technological infrastructure where they can monitor all the manufacturing process of the house they will buy,<\/span><\/p><p><span style=\"font-weight: 400;\">In project-based sales, our residences are presented to you with alternative designs. Interior design proceeds according to your lifestyle and preferences.<\/span><\/p><p><span style=\"font-weight: 400;\">\u00a0<strong>Our Second Goal:<\/strong><\/span><\/p><p><span style=\"font-weight: 400;\">\u00a0To transform and renew our living spaces without erasing our memories or leaving out neighbors and neighborhood.<\/span><\/p><p><span style=\"font-weight: 400;\">You will be a bridge connecting the past and the future in the most trendy, functional, useful and contemprary homes.<\/span><\/p><p><span style=\"font-weight: 400;\">You will be able to witness the contribution of the professional experience of all of our company managers and founder, rot he construction process and quality, from beginning to end.\u00a0<\/span><\/p><p><span style=\"font-weight: 400;\">Our primary goal is to be helpful in giving our customers homes where they can spend peaceful days with their loved ones, in a residence equipped with developing technological and ecological products.<\/span><\/p><p class=\"big\"><br \/><br \/><\/p>\t\t\t\t\t\t\t\t<\/div>\n\t\t\t\t<\/div>\n\t\t\t\t\t<\/div>\n\t\t<\/div>\n\t\t\t\t<div class=\"elementor-column elementor-col-50 elementor-top-column elementor-element elementor-element-314e0f8\" data-id=\"314e0f8\" data-element_type=\"column\" data-e-type=\"column\">\n\t\t\t<div class=\"elementor-widget-wrap elementor-element-populated\">\n\t\t\t\t\t\t<section class=\"elementor-section elementor-inner-section elementor-element elementor-element-119796b elementor-section-full_width elementor-section-height-default elementor-section-height-default\" data-id=\"119796b\" data-element_type=\"section\" data-e-type=\"section\">\n\t\t\t\t\t\t<div class=\"elementor-container elementor-column-gap-default\">\n\t\t\t\t\t<div class=\"elementor-column elementor-col-100 elementor-inner-column elementor-element elementor-element-4cbc0f3\" data-id=\"4cbc0f3\" data-element_type=\"column\" data-e-type=\"column\">\n\t\t\t<div class=\"elementor-widget-wrap elementor-element-populated\">\n\t\t\t\t\t\t<div class=\"elementor-element elementor-element-72e07c5 elementor-widget elementor-widget-heading\" data-id=\"72e07c5\" data-element_type=\"widget\" data-e-type=\"widget\" data-widget_type=\"heading.default\">\n\t\t\t\t<div class=\"elementor-widget-container\">\n\t\t\t\t\t<h4 class=\"elementor-heading-title elementor-size-default\">Services<\/h4>\t\t\t\t<\/div>\n\t\t\t\t<\/div>\n\t\t\t\t<div class=\"elementor-element elementor-element-87f0ab7 elementor-widget-divider--view-line_icon elementor-widget-divider--element-align-left elementor-view-default elementor-widget elementor-widget-divider\" data-id=\"87f0ab7\" data-element_type=\"widget\" data-e-type=\"widget\" data-widget_type=\"divider.default\">\n\t\t\t\t<div class=\"elementor-widget-container\">\n\t\t\t\t\t\t\t<div class=\"elementor-divider\">\n\t\t\t<span class=\"elementor-divider-separator\">\n\t\t\t\t\t\t\t<div class=\"elementor-icon elementor-divider__element\">\n\t\t\t\t\t<i aria-hidden=\"true\" class=\"icon icon-minus\"><\/i><\/div>\n\t\t\t\t\t\t<\/span>\n\t\t<\/div>\n\t\t\t\t\t\t<\/div>\n\t\t\t\t<\/div>\n\t\t\t\t<div class=\"elementor-element elementor-element-153555c elementor-align-left elementor-widget elementor-widget-button\" data-id=\"153555c\" data-element_type=\"widget\" data-e-type=\"widget\" data-widget_type=\"button.default\">\n\t\t\t\t<div class=\"elementor-widget-container\">\n\t\t\t\t\t\t\t\t\t<div class=\"elementor-button-wrapper\">\n\t\t\t\t\t<a class=\"elementor-button elementor-button-link elementor-size-sm\" href=\"http:\/\/ydkinsaat.com\/en\/ic-mimari\/\">\n\t\t\t\t\t\t<span class=\"elementor-button-content-wrapper\">\n\t\t\t\t\t\t<span class=\"elementor-button-icon\">\n\t\t\t\t<i aria-hidden=\"true\" class=\"far fa-file-pdf\"><\/i>\t\t\t<\/span>\n\t\t\t\t\t\t\t\t\t<span class=\"elementor-button-text\">Interior Design &amp; Decoration<\/span>\n\t\t\t\t\t<\/span>\n\t\t\t\t\t<\/a>\n\t\t\t\t<\/div>\n\t\t\t\t\t\t\t\t<\/div>\n\t\t\t\t<\/div>\n\t\t\t\t<div class=\"elementor-element elementor-element-0605d72 elementor-align-left elementor-widget elementor-widget-button\" data-id=\"0605d72\" data-element_type=\"widget\" data-e-type=\"widget\" data-widget_type=\"button.default\">\n\t\t\t\t<div class=\"elementor-widget-container\">\n\t\t\t\t\t\t\t\t\t<div class=\"elementor-button-wrapper\">\n\t\t\t\t\t<a class=\"elementor-button elementor-button-link elementor-size-sm\" href=\"http:\/\/ydkinsaat.com\/en\/cevre-peyzaj\/\">\n\t\t\t\t\t\t<span class=\"elementor-button-content-wrapper\">\n\t\t\t\t\t\t<span class=\"elementor-button-icon\">\n\t\t\t\t<i aria-hidden=\"true\" class=\"far fa-file-archive\"><\/i>\t\t\t<\/span>\n\t\t\t\t\t\t\t\t\t<span class=\"elementor-button-text\">Environmental Landscape<\/span>\n\t\t\t\t\t<\/span>\n\t\t\t\t\t<\/a>\n\t\t\t\t<\/div>\n\t\t\t\t\t\t\t\t<\/div>\n\t\t\t\t<\/div>\n\t\t\t\t<div class=\"elementor-element elementor-element-8445752 elementor-align-left elementor-widget elementor-widget-button\" data-id=\"8445752\" data-element_type=\"widget\" data-e-type=\"widget\" data-widget_type=\"button.default\">\n\t\t\t\t<div class=\"elementor-widget-container\">\n\t\t\t\t\t\t\t\t\t<div class=\"elementor-button-wrapper\">\n\t\t\t\t\t<a class=\"elementor-button elementor-button-link elementor-size-sm\" href=\"http:\/\/ydkinsaat.com\/en\/altyapi-yol-tunel\/\">\n\t\t\t\t\t\t<span class=\"elementor-button-content-wrapper\">\n\t\t\t\t\t\t<span class=\"elementor-button-icon\">\n\t\t\t\t<i aria-hidden=\"true\" class=\"far fa-file-powerpoint\"><\/i>\t\t\t<\/span>\n\t\t\t\t\t\t\t\t\t<span class=\"elementor-button-text\">Infrastructure \u2013 Road \u2013 Tunnel<\/span>\n\t\t\t\t\t<\/span>\n\t\t\t\t\t<\/a>\n\t\t\t\t<\/div>\n\t\t\t\t\t\t\t\t<\/div>\n\t\t\t\t<\/div>\n\t\t\t\t<div class=\"elementor-element elementor-element-c327d28 elementor-align-left elementor-widget elementor-widget-button\" data-id=\"c327d28\" data-element_type=\"widget\" data-e-type=\"widget\" data-widget_type=\"button.default\">\n\t\t\t\t<div class=\"elementor-widget-container\">\n\t\t\t\t\t\t\t\t\t<div class=\"elementor-button-wrapper\">\n\t\t\t\t\t<a class=\"elementor-button elementor-button-link elementor-size-sm\" href=\"http:\/\/ydkinsaat.com\/en\/konut-projeleri\/\">\n\t\t\t\t\t\t<span class=\"elementor-button-content-wrapper\">\n\t\t\t\t\t\t<span class=\"elementor-button-icon\">\n\t\t\t\t<i aria-hidden=\"true\" class=\"far fa-file-word\"><\/i>\t\t\t<\/span>\n\t\t\t\t\t\t\t\t\t<span class=\"elementor-button-text\">Housing Projects<\/span>\n\t\t\t\t\t<\/span>\n\t\t\t\t\t<\/a>\n\t\t\t\t<\/div>\n\t\t\t\t\t\t\t\t<\/div>\n\t\t\t\t<\/div>\n\t\t\t\t\t<\/div>\n\t\t<\/div>\n\t\t\t\t\t<\/div>\n\t\t<\/section>\n\t\t\t\t\t<\/div>\n\t\t<\/div>\n\t\t\t\t\t<\/div>\n\t\t<\/section>\n\t\t\t\t<\/div>","protected":false},"excerpt":{"rendered":"<p>Konut Projeleri YDK \u0130N\u015eAAT Konut Sekt\u00f6r\u00fcndeki \u00e7al\u0131\u015fmalar\u0131na 2015 y\u0131l\u0131nda h\u0131z vermis ve\u00a0 Konut \u0130n\u015faat\u0131 sekt\u00f6r\u00fcne bilgi ve tecr\u00fcbesiyle yeni bir anlay\u0131\u015f getirmeye \u00e7al\u0131\u015fm\u0131\u015ft\u0131r.. 1.Hedefimiz:\u00a0 Dayan\u0131kl\u0131 \u2013 \u00c7a\u011fda\u015f \u2013 Ekonomik ve Estetik konutlar \u00fcretmektir. Fark\u0131m\u0131z \u00fcretilecek konutlar\u0131n her a\u015famas\u0131n\u0131n t\u00fcketiciler taraf\u0131ndan takip edilece\u011fi bir sistemi hayata ge\u00e7irmi\u015f olmam\u0131zd\u0131r. Sat\u0131n alaca\u011f\u0131n\u0131z konutun t\u00fcm imalat a\u015famalar\u0131n\u0131 izleyebilece\u011finiz bir [&hellip;]<\/p>","protected":false},"author":1,"featured_media":0,"parent":0,"menu_order":0,"comment_status":"closed","ping_status":"closed","template":"elementor_header_footer","meta":{"footnotes":""},"class_list":["post-258","page","type-page","status-publish","hentry"],"_links":{"self":[{"href":"http:\/\/ydkinsaat.com\/en\/wp-json\/wp\/v2\/pages\/258","targetHints":{"allow":["GET"]}}],"collection":[{"href":"http:\/\/ydkinsaat.com\/en\/wp-json\/wp\/v2\/pages"}],"about":[{"href":"http:\/\/ydkinsaat.com\/en\/wp-json\/wp\/v2\/types\/page"}],"author":[{"embeddable":true,"href":"http:\/\/ydkinsaat.com\/en\/wp-json\/wp\/v2\/users\/1"}],"replies":[{"embeddable":true,"href":"http:\/\/ydkinsaat.com\/en\/wp-json\/wp\/v2\/comments?post=258"}],"version-history":[{"count":16,"href":"http:\/\/ydkinsaat.com\/en\/wp-json\/wp\/v2\/pages\/258\/revisions"}],"predecessor-version":[{"id":661,"href":"http:\/\/ydkinsaat.com\/en\/wp-json\/wp\/v2\/pages\/258\/revisions\/661"}],"wp:attachment":[{"href":"http:\/\/ydkinsaat.com\/en\/wp-json\/wp\/v2\/media?parent=258"}],"curies":[{"name":"wp","href":"https:\/\/api.w.org\/{rel}","templated":true}]}}