{"id":244,"date":"2022-03-31T09:00:28","date_gmt":"2022-03-31T09:00:28","guid":{"rendered":"http:\/\/ydkinsaat.com\/?page_id=244"},"modified":"2023-03-03T07:18:05","modified_gmt":"2023-03-03T07:18:05","slug":"ic-mimari","status":"publish","type":"page","link":"http:\/\/ydkinsaat.com\/en\/ic-mimari\/","title":{"rendered":"\u0130\u00e7 Mimari"},"content":{"rendered":"<div data-elementor-type=\"wp-page\" data-elementor-id=\"244\" class=\"elementor elementor-244\">\n\t\t\t\t\t\t<section class=\"elementor-section elementor-top-section elementor-element elementor-element-682a903 elementor-section-boxed elementor-section-height-default elementor-section-height-default\" data-id=\"682a903\" data-element_type=\"section\" data-e-type=\"section\">\n\t\t\t\t\t\t<div class=\"elementor-container elementor-column-gap-default\">\n\t\t\t\t\t<div class=\"elementor-column elementor-col-100 elementor-top-column elementor-element elementor-element-78f86b9d\" data-id=\"78f86b9d\" data-element_type=\"column\" data-e-type=\"column\">\n\t\t\t<div class=\"elementor-widget-wrap elementor-element-populated\">\n\t\t\t\t\t\t<section class=\"elementor-section elementor-inner-section elementor-element elementor-element-40fbea95 elementor-section-boxed elementor-section-height-default elementor-section-height-default\" data-id=\"40fbea95\" data-element_type=\"section\" data-e-type=\"section\" data-settings=\"{&quot;background_background&quot;:&quot;classic&quot;}\">\n\t\t\t\t\t\t<div class=\"elementor-container elementor-column-gap-default\">\n\t\t\t\t\t<div class=\"elementor-column elementor-col-100 elementor-inner-column elementor-element elementor-element-4902c6e9\" data-id=\"4902c6e9\" data-element_type=\"column\" data-e-type=\"column\">\n\t\t\t<div class=\"elementor-widget-wrap elementor-element-populated\">\n\t\t\t\t\t\t<div class=\"elementor-element elementor-element-617ed45c elementor-widget elementor-widget-heading\" data-id=\"617ed45c\" data-element_type=\"widget\" data-e-type=\"widget\" data-widget_type=\"heading.default\">\n\t\t\t\t<div class=\"elementor-widget-container\">\n\t\t\t\t\t<h2 class=\"elementor-heading-title elementor-size-default\">Interior Design &amp; Decoration<\/h2>\t\t\t\t<\/div>\n\t\t\t\t<\/div>\n\t\t\t\t\t<\/div>\n\t\t<\/div>\n\t\t\t\t\t<\/div>\n\t\t<\/section>\n\t\t\t\t\t<\/div>\n\t\t<\/div>\n\t\t\t\t\t<\/div>\n\t\t<\/section>\n\t\t\t\t<section class=\"elementor-section elementor-top-section elementor-element elementor-element-3f22adfe elementor-section-boxed elementor-section-height-default elementor-section-height-default\" data-id=\"3f22adfe\" data-element_type=\"section\" data-e-type=\"section\">\n\t\t\t\t\t\t<div class=\"elementor-container elementor-column-gap-default\">\n\t\t\t\t\t<div class=\"elementor-column elementor-col-50 elementor-top-column elementor-element elementor-element-98cefac\" data-id=\"98cefac\" data-element_type=\"column\" data-e-type=\"column\">\n\t\t\t<div class=\"elementor-widget-wrap elementor-element-populated\">\n\t\t\t\t\t\t<div class=\"elementor-element elementor-element-2441c245 elementor-widget elementor-widget-image\" data-id=\"2441c245\" data-element_type=\"widget\" data-e-type=\"widget\" data-widget_type=\"image.default\">\n\t\t\t\t<div class=\"elementor-widget-container\">\n\t\t\t\t\t\t\t\t\t\t\t\t\t\t\t<img fetchpriority=\"high\" decoding=\"async\" width=\"2560\" height=\"1695\" src=\"http:\/\/ydkinsaat.com\/wp-content\/uploads\/2023\/02\/hizmet3-scaled.jpg\" class=\"attachment-full size-full wp-image-645\" alt=\"\" srcset=\"http:\/\/ydkinsaat.com\/wp-content\/uploads\/2023\/02\/hizmet3-scaled.jpg 2560w, http:\/\/ydkinsaat.com\/wp-content\/uploads\/2023\/02\/hizmet3-300x199.jpg 300w, http:\/\/ydkinsaat.com\/wp-content\/uploads\/2023\/02\/hizmet3-1024x678.jpg 1024w, http:\/\/ydkinsaat.com\/wp-content\/uploads\/2023\/02\/hizmet3-768x508.jpg 768w, http:\/\/ydkinsaat.com\/wp-content\/uploads\/2023\/02\/hizmet3-1536x1017.jpg 1536w, http:\/\/ydkinsaat.com\/wp-content\/uploads\/2023\/02\/hizmet3-2048x1356.jpg 2048w\" sizes=\"(max-width: 2560px) 100vw, 2560px\" \/>\t\t\t\t\t\t\t\t\t\t\t\t\t\t\t<\/div>\n\t\t\t\t<\/div>\n\t\t\t\t<div class=\"elementor-element elementor-element-40dbb7b9 elementor-widget elementor-widget-text-editor\" data-id=\"40dbb7b9\" data-element_type=\"widget\" data-e-type=\"widget\" data-widget_type=\"text-editor.default\">\n\t\t\t\t<div class=\"elementor-widget-container\">\n\t\t\t\t\t\t\t\t\t<p>Our Interior Architecture Department has adopted the principle of \u201c3F\u201d, meaning \u201cForm Follows Function\u201d, is principled and experienced in creating innovative, dynamic and stable living spaces.<br \/>Close your eyes and thing; What is the first thing that draws your attention when you\u2019re buying a dress for yourself, when you\u2019re picking shoes or a car, or even a home? For us, it is \u201cDESIGN\u201d.<br \/>In order to be able to enjoy the product you\u2019re going to buy, to be able to breathe in places, to sit back and be proud while sipping your coffee, you first want that product to s\u00fcit you and be \u201cSPECIAL\u201d to you.<br \/>Our Interior Architecture Department will \u201cDESIGN\u201d your living space in line with your wishes and taste, working hard to ensure you are satisfied with the service and product you receive, and will enable you to find the option that makes you the happiest and suits you the most.<br \/>Our Interior Architecture Department will carefully use \u201cAESTETIC\u201d values during the design process, utilize them in an \u201cELEGANT\u201d way and create a \u201cUSEFUL\u201d living space.<br \/>The famous thinker Immanuel Kant describes the feeling of \u201cPERFECTION\u201d as follows: \u201cPerfection is indescribable.\u201d Our Interior Architecture Department builds the living spaces you have trusted us with, while you take care of your Daily work without worry, and provides you with a living space that you will describe as \u201cPERFECT\u201d.<br \/>The only work left for you is to sit back and sip your coffee as you reach the peak of \u201cPLEASURE\u201d<\/p>\t\t\t\t\t\t\t\t<\/div>\n\t\t\t\t<\/div>\n\t\t\t\t\t<\/div>\n\t\t<\/div>\n\t\t\t\t<div class=\"elementor-column elementor-col-50 elementor-top-column elementor-element elementor-element-314e0f8\" data-id=\"314e0f8\" data-element_type=\"column\" data-e-type=\"column\">\n\t\t\t<div class=\"elementor-widget-wrap elementor-element-populated\">\n\t\t\t\t\t\t<section class=\"elementor-section elementor-inner-section elementor-element elementor-element-657ee19a elementor-section-full_width elementor-section-height-default elementor-section-height-default\" data-id=\"657ee19a\" data-element_type=\"section\" data-e-type=\"section\">\n\t\t\t\t\t\t<div class=\"elementor-container elementor-column-gap-default\">\n\t\t\t\t\t<div class=\"elementor-column elementor-col-100 elementor-inner-column elementor-element elementor-element-4f0981cf\" data-id=\"4f0981cf\" data-element_type=\"column\" data-e-type=\"column\">\n\t\t\t<div class=\"elementor-widget-wrap elementor-element-populated\">\n\t\t\t\t\t\t<div class=\"elementor-element elementor-element-6b5997b5 elementor-widget elementor-widget-heading\" data-id=\"6b5997b5\" data-element_type=\"widget\" data-e-type=\"widget\" data-widget_type=\"heading.default\">\n\t\t\t\t<div class=\"elementor-widget-container\">\n\t\t\t\t\t<h4 class=\"elementor-heading-title elementor-size-default\">Services<\/h4>\t\t\t\t<\/div>\n\t\t\t\t<\/div>\n\t\t\t\t<div class=\"elementor-element elementor-element-107591f7 elementor-widget-divider--view-line_icon elementor-widget-divider--element-align-left elementor-view-default elementor-widget elementor-widget-divider\" data-id=\"107591f7\" data-element_type=\"widget\" data-e-type=\"widget\" data-widget_type=\"divider.default\">\n\t\t\t\t<div class=\"elementor-widget-container\">\n\t\t\t\t\t\t\t<div class=\"elementor-divider\">\n\t\t\t<span class=\"elementor-divider-separator\">\n\t\t\t\t\t\t\t<div class=\"elementor-icon elementor-divider__element\">\n\t\t\t\t\t<i aria-hidden=\"true\" class=\"icon icon-minus\"><\/i><\/div>\n\t\t\t\t\t\t<\/span>\n\t\t<\/div>\n\t\t\t\t\t\t<\/div>\n\t\t\t\t<\/div>\n\t\t\t\t<div class=\"elementor-element elementor-element-440d4d elementor-align-left elementor-widget elementor-widget-button\" data-id=\"440d4d\" data-element_type=\"widget\" data-e-type=\"widget\" data-widget_type=\"button.default\">\n\t\t\t\t<div class=\"elementor-widget-container\">\n\t\t\t\t\t\t\t\t\t<div class=\"elementor-button-wrapper\">\n\t\t\t\t\t<a class=\"elementor-button elementor-button-link elementor-size-sm\" href=\"http:\/\/ydkinsaat.com\/en\/ic-mimari\/\">\n\t\t\t\t\t\t<span class=\"elementor-button-content-wrapper\">\n\t\t\t\t\t\t<span class=\"elementor-button-icon\">\n\t\t\t\t<i aria-hidden=\"true\" class=\"far fa-file-pdf\"><\/i>\t\t\t<\/span>\n\t\t\t\t\t\t\t\t\t<span class=\"elementor-button-text\">Interior Design &amp; Decoration<\/span>\n\t\t\t\t\t<\/span>\n\t\t\t\t\t<\/a>\n\t\t\t\t<\/div>\n\t\t\t\t\t\t\t\t<\/div>\n\t\t\t\t<\/div>\n\t\t\t\t<div class=\"elementor-element elementor-element-846d096 elementor-align-left elementor-widget elementor-widget-button\" data-id=\"846d096\" data-element_type=\"widget\" data-e-type=\"widget\" data-widget_type=\"button.default\">\n\t\t\t\t<div class=\"elementor-widget-container\">\n\t\t\t\t\t\t\t\t\t<div class=\"elementor-button-wrapper\">\n\t\t\t\t\t<a class=\"elementor-button elementor-button-link elementor-size-sm\" href=\"http:\/\/ydkinsaat.com\/en\/cevre-peyzaj\/\">\n\t\t\t\t\t\t<span class=\"elementor-button-content-wrapper\">\n\t\t\t\t\t\t<span class=\"elementor-button-icon\">\n\t\t\t\t<i aria-hidden=\"true\" class=\"far fa-file-archive\"><\/i>\t\t\t<\/span>\n\t\t\t\t\t\t\t\t\t<span class=\"elementor-button-text\">Environmental Landscape<\/span>\n\t\t\t\t\t<\/span>\n\t\t\t\t\t<\/a>\n\t\t\t\t<\/div>\n\t\t\t\t\t\t\t\t<\/div>\n\t\t\t\t<\/div>\n\t\t\t\t<div class=\"elementor-element elementor-element-4c5ae51 elementor-align-left elementor-widget elementor-widget-button\" data-id=\"4c5ae51\" data-element_type=\"widget\" data-e-type=\"widget\" data-widget_type=\"button.default\">\n\t\t\t\t<div class=\"elementor-widget-container\">\n\t\t\t\t\t\t\t\t\t<div class=\"elementor-button-wrapper\">\n\t\t\t\t\t<a class=\"elementor-button elementor-button-link elementor-size-sm\" href=\"http:\/\/ydkinsaat.com\/en\/altyapi-yol-tunel\/\">\n\t\t\t\t\t\t<span class=\"elementor-button-content-wrapper\">\n\t\t\t\t\t\t<span class=\"elementor-button-icon\">\n\t\t\t\t<i aria-hidden=\"true\" class=\"far fa-file-powerpoint\"><\/i>\t\t\t<\/span>\n\t\t\t\t\t\t\t\t\t<span class=\"elementor-button-text\">Infrastructure \u2013 Road \u2013 Tunnel<\/span>\n\t\t\t\t\t<\/span>\n\t\t\t\t\t<\/a>\n\t\t\t\t<\/div>\n\t\t\t\t\t\t\t\t<\/div>\n\t\t\t\t<\/div>\n\t\t\t\t<div class=\"elementor-element elementor-element-6317ae36 elementor-align-left elementor-widget elementor-widget-button\" data-id=\"6317ae36\" data-element_type=\"widget\" data-e-type=\"widget\" data-widget_type=\"button.default\">\n\t\t\t\t<div class=\"elementor-widget-container\">\n\t\t\t\t\t\t\t\t\t<div class=\"elementor-button-wrapper\">\n\t\t\t\t\t<a class=\"elementor-button elementor-button-link elementor-size-sm\" href=\"http:\/\/ydkinsaat.com\/en\/konut-projeleri\/\">\n\t\t\t\t\t\t<span class=\"elementor-button-content-wrapper\">\n\t\t\t\t\t\t<span class=\"elementor-button-icon\">\n\t\t\t\t<i aria-hidden=\"true\" class=\"far fa-file-word\"><\/i>\t\t\t<\/span>\n\t\t\t\t\t\t\t\t\t<span class=\"elementor-button-text\">Housing Projects<\/span>\n\t\t\t\t\t<\/span>\n\t\t\t\t\t<\/a>\n\t\t\t\t<\/div>\n\t\t\t\t\t\t\t\t<\/div>\n\t\t\t\t<\/div>\n\t\t\t\t\t<\/div>\n\t\t<\/div>\n\t\t\t\t\t<\/div>\n\t\t<\/section>\n\t\t\t\t\t<\/div>\n\t\t<\/div>\n\t\t\t\t\t<\/div>\n\t\t<\/section>\n\t\t\t\t<\/div>","protected":false},"excerpt":{"rendered":"<p>\u0130\u00e7 Mimari Dekorasyon \u0130\u00e7mimarl\u0131k Departman\u0131m\u0131z \u20183F\u2019 (FORM FOLLOWS FUNCT\u0130ON) di\u011fer bir deyi\u015fle s\u00f6yleyecek olursak \u2018B\u0130T\u2019 (B\u0130\u00c7\u0130M \u0130\u015eLEV\u0130 TAK\u0130P EDER) prensibini benimsemi\u015f, yenilik\u00e7i, dinamik ve kararl\u0131 ya\u015fam alanlar olu\u015fturmak konusunda ilkeli ve deneyimlidir.G\u00f6zlerinizi kapat\u0131n ve d\u00fc\u015f\u00fcn\u00fcn; kendinize bir k\u0131yafet al\u0131rken, ayakkab\u0131 se\u00e7erken yada ara\u00e7 zevklerinizde, hatta ev tercihlerinizde \u00f6ncelikle dikkatinizi \u00e7eken unsur nedir? Bize g\u00f6re \u2018TASARIM\u2019d\u0131r.Alaca\u011f\u0131n\u0131z [&hellip;]<\/p>","protected":false},"author":1,"featured_media":0,"parent":0,"menu_order":0,"comment_status":"closed","ping_status":"closed","template":"elementor_header_footer","meta":{"footnotes":""},"class_list":["post-244","page","type-page","status-publish","hentry"],"_links":{"self":[{"href":"http:\/\/ydkinsaat.com\/en\/wp-json\/wp\/v2\/pages\/244","targetHints":{"allow":["GET"]}}],"collection":[{"href":"http:\/\/ydkinsaat.com\/en\/wp-json\/wp\/v2\/pages"}],"about":[{"href":"http:\/\/ydkinsaat.com\/en\/wp-json\/wp\/v2\/types\/page"}],"author":[{"embeddable":true,"href":"http:\/\/ydkinsaat.com\/en\/wp-json\/wp\/v2\/users\/1"}],"replies":[{"embeddable":true,"href":"http:\/\/ydkinsaat.com\/en\/wp-json\/wp\/v2\/comments?post=244"}],"version-history":[{"count":31,"href":"http:\/\/ydkinsaat.com\/en\/wp-json\/wp\/v2\/pages\/244\/revisions"}],"predecessor-version":[{"id":717,"href":"http:\/\/ydkinsaat.com\/en\/wp-json\/wp\/v2\/pages\/244\/revisions\/717"}],"wp:attachment":[{"href":"http:\/\/ydkinsaat.com\/en\/wp-json\/wp\/v2\/media?parent=244"}],"curies":[{"name":"wp","href":"https:\/\/api.w.org\/{rel}","templated":true}]}}