{"id":207,"date":"2022-03-24T12:56:03","date_gmt":"2022-03-24T12:56:03","guid":{"rendered":"http:\/\/ydkinsaat.com\/?page_id=207"},"modified":"2023-02-20T19:39:30","modified_gmt":"2023-02-20T19:39:30","slug":"projelerimiz","status":"publish","type":"page","link":"http:\/\/ydkinsaat.com\/en\/projelerimiz\/","title":{"rendered":"Projects"},"content":{"rendered":"<div data-elementor-type=\"wp-page\" data-elementor-id=\"207\" class=\"elementor elementor-207\">\n\t\t\t\t\t\t<section class=\"elementor-section elementor-top-section elementor-element elementor-element-f565dd9 elementor-section-boxed elementor-section-height-default elementor-section-height-default\" data-id=\"f565dd9\" data-element_type=\"section\" data-e-type=\"section\" data-settings=\"{&quot;background_background&quot;:&quot;classic&quot;}\">\n\t\t\t\t\t\t<div class=\"elementor-container elementor-column-gap-default\">\n\t\t\t\t\t<div class=\"elementor-column elementor-col-100 elementor-top-column elementor-element elementor-element-7d53f6c2\" data-id=\"7d53f6c2\" data-element_type=\"column\" data-e-type=\"column\">\n\t\t\t<div class=\"elementor-widget-wrap elementor-element-populated\">\n\t\t\t\t\t\t<section class=\"elementor-section elementor-inner-section elementor-element elementor-element-50459726 elementor-section-boxed elementor-section-height-default elementor-section-height-default\" data-id=\"50459726\" data-element_type=\"section\" data-e-type=\"section\" data-settings=\"{&quot;background_background&quot;:&quot;classic&quot;}\">\n\t\t\t\t\t\t<div class=\"elementor-container elementor-column-gap-default\">\n\t\t\t\t\t<div class=\"elementor-column elementor-col-100 elementor-inner-column elementor-element elementor-element-15ceea9e\" data-id=\"15ceea9e\" data-element_type=\"column\" data-e-type=\"column\">\n\t\t\t<div class=\"elementor-widget-wrap elementor-element-populated\">\n\t\t\t\t\t\t<div class=\"elementor-element elementor-element-4448e70f elementor-widget elementor-widget-heading\" data-id=\"4448e70f\" data-element_type=\"widget\" data-e-type=\"widget\" data-widget_type=\"heading.default\">\n\t\t\t\t<div class=\"elementor-widget-container\">\n\t\t\t\t\t<h2 class=\"elementor-heading-title elementor-size-default\">Projects<\/h2>\t\t\t\t<\/div>\n\t\t\t\t<\/div>\n\t\t\t\t\t<\/div>\n\t\t<\/div>\n\t\t\t\t\t<\/div>\n\t\t<\/section>\n\t\t\t\t\t<\/div>\n\t\t<\/div>\n\t\t\t\t\t<\/div>\n\t\t<\/section>\n\t\t\t\t<section class=\"elementor-section elementor-top-section elementor-element elementor-element-11ec243 elementor-section-boxed elementor-section-height-default elementor-section-height-default\" data-id=\"11ec243\" data-element_type=\"section\" data-e-type=\"section\">\n\t\t\t\t\t\t<div class=\"elementor-container elementor-column-gap-default\">\n\t\t\t\t\t<div class=\"elementor-column elementor-col-33 elementor-top-column elementor-element elementor-element-6c793f13\" data-id=\"6c793f13\" data-element_type=\"column\" data-e-type=\"column\">\n\t\t\t<div class=\"elementor-widget-wrap elementor-element-populated\">\n\t\t\t\t\t\t<section class=\"elementor-section elementor-inner-section elementor-element elementor-element-2b08505e elementor-section-full_width elementor-section-height-default elementor-section-height-default\" data-id=\"2b08505e\" data-element_type=\"section\" data-e-type=\"section\">\n\t\t\t\t\t\t<div class=\"elementor-container elementor-column-gap-default\">\n\t\t\t\t\t<div class=\"elementor-column elementor-col-100 elementor-inner-column elementor-element elementor-element-23bb84bb\" data-id=\"23bb84bb\" data-element_type=\"column\" data-e-type=\"column\">\n\t\t\t<div class=\"elementor-widget-wrap elementor-element-populated\">\n\t\t\t\t\t\t<div class=\"elementor-element elementor-element-317c150f elementor-widget elementor-widget-image\" data-id=\"317c150f\" data-element_type=\"widget\" data-e-type=\"widget\" data-widget_type=\"image.default\">\n\t\t\t\t<div class=\"elementor-widget-container\">\n\t\t\t\t\t\t\t\t\t\t\t\t\t\t\t\t<a href=\"http:\/\/ydkinsaat.com\/en\/cig-tunelleri\/\">\n\t\t\t\t\t\t\t<img fetchpriority=\"high\" decoding=\"async\" width=\"2451\" height=\"1379\" src=\"http:\/\/ydkinsaat.com\/wp-content\/uploads\/2023\/01\/10-1.jpg\" class=\"attachment-full size-full wp-image-581\" alt=\"\" srcset=\"http:\/\/ydkinsaat.com\/wp-content\/uploads\/2023\/01\/10-1.jpg 2451w, http:\/\/ydkinsaat.com\/wp-content\/uploads\/2023\/01\/10-1-300x169.jpg 300w, http:\/\/ydkinsaat.com\/wp-content\/uploads\/2023\/01\/10-1-1024x576.jpg 1024w, http:\/\/ydkinsaat.com\/wp-content\/uploads\/2023\/01\/10-1-768x432.jpg 768w, http:\/\/ydkinsaat.com\/wp-content\/uploads\/2023\/01\/10-1-1536x864.jpg 1536w, http:\/\/ydkinsaat.com\/wp-content\/uploads\/2023\/01\/10-1-2048x1152.jpg 2048w\" sizes=\"(max-width: 2451px) 100vw, 2451px\" \/>\t\t\t\t\t\t\t\t<\/a>\n\t\t\t\t\t\t\t\t\t\t\t\t\t\t\t<\/div>\n\t\t\t\t<\/div>\n\t\t\t\t<div class=\"elementor-element elementor-element-0a5d1a7 elementor-widget elementor-widget-heading\" data-id=\"0a5d1a7\" data-element_type=\"widget\" data-e-type=\"widget\" data-widget_type=\"heading.default\">\n\t\t\t\t<div class=\"elementor-widget-container\">\n\t\t\t\t\t<h4 class=\"elementor-heading-title elementor-size-default\"><a href=\"http:\/\/ydkinsaat.com\/en\/cig-tunelleri\/\">Avalanche Tunnels<\/a><\/h4>\t\t\t\t<\/div>\n\t\t\t\t<\/div>\n\t\t\t\t\t<\/div>\n\t\t<\/div>\n\t\t\t\t\t<\/div>\n\t\t<\/section>\n\t\t\t\t<section class=\"elementor-section elementor-inner-section elementor-element elementor-element-11f2c92b elementor-section-full_width elementor-section-height-default elementor-section-height-default\" data-id=\"11f2c92b\" data-element_type=\"section\" data-e-type=\"section\">\n\t\t\t\t\t\t<div class=\"elementor-container elementor-column-gap-default\">\n\t\t\t\t\t<div class=\"elementor-column elementor-col-100 elementor-inner-column elementor-element elementor-element-44bd7827\" data-id=\"44bd7827\" data-element_type=\"column\" data-e-type=\"column\">\n\t\t\t<div class=\"elementor-widget-wrap elementor-element-populated\">\n\t\t\t\t\t\t<div class=\"elementor-element elementor-element-41d7b441 elementor-widget elementor-widget-image\" data-id=\"41d7b441\" data-element_type=\"widget\" data-e-type=\"widget\" data-widget_type=\"image.default\">\n\t\t\t\t<div class=\"elementor-widget-container\">\n\t\t\t\t\t\t\t\t\t\t\t\t\t\t\t\t<a href=\"http:\/\/ydkinsaat.com\/en\/cesme-villa\/\">\n\t\t\t\t\t\t\t<img decoding=\"async\" width=\"2560\" height=\"1440\" src=\"http:\/\/ydkinsaat.com\/wp-content\/uploads\/2023\/01\/10-scaled.jpg\" class=\"attachment-full size-full wp-image-476\" alt=\"\" srcset=\"http:\/\/ydkinsaat.com\/wp-content\/uploads\/2023\/01\/10-scaled.jpg 2560w, http:\/\/ydkinsaat.com\/wp-content\/uploads\/2023\/01\/10-300x169.jpg 300w, http:\/\/ydkinsaat.com\/wp-content\/uploads\/2023\/01\/10-1024x576.jpg 1024w, http:\/\/ydkinsaat.com\/wp-content\/uploads\/2023\/01\/10-768x432.jpg 768w, http:\/\/ydkinsaat.com\/wp-content\/uploads\/2023\/01\/10-1536x864.jpg 1536w, http:\/\/ydkinsaat.com\/wp-content\/uploads\/2023\/01\/10-2048x1152.jpg 2048w\" sizes=\"(max-width: 2560px) 100vw, 2560px\" \/>\t\t\t\t\t\t\t\t<\/a>\n\t\t\t\t\t\t\t\t\t\t\t\t\t\t\t<\/div>\n\t\t\t\t<\/div>\n\t\t\t\t<div class=\"elementor-element elementor-element-710b641f elementor-icon-list--layout-traditional elementor-list-item-link-full_width elementor-widget elementor-widget-icon-list\" data-id=\"710b641f\" data-element_type=\"widget\" data-e-type=\"widget\" data-widget_type=\"icon-list.default\">\n\t\t\t\t<div class=\"elementor-widget-container\">\n\t\t\t\t\t\t\t<ul class=\"elementor-icon-list-items\">\n\t\t\t\t\t\t\t<li class=\"elementor-icon-list-item\">\n\t\t\t\t\t\t\t\t\t\t\t<a href=\"http:\/\/ydkinsaat.com\/en\/cesme-villa\/\">\n\n\t\t\t\t\t\t\t\t\t\t\t<span class=\"elementor-icon-list-text\">\u00c7e\u015fme Villa Reborn\t<\/span>\n\t\t\t\t\t\t\t\t\t\t\t<\/a>\n\t\t\t\t\t\t\t\t\t<\/li>\n\t\t\t\t\t\t<\/ul>\n\t\t\t\t\t\t<\/div>\n\t\t\t\t<\/div>\n\t\t\t\t\t<\/div>\n\t\t<\/div>\n\t\t\t\t\t<\/div>\n\t\t<\/section>\n\t\t\t\t<section class=\"elementor-section elementor-inner-section elementor-element elementor-element-13156521 elementor-section-full_width elementor-section-height-default elementor-section-height-default\" data-id=\"13156521\" data-element_type=\"section\" data-e-type=\"section\">\n\t\t\t\t\t\t<div class=\"elementor-container elementor-column-gap-default\">\n\t\t\t\t\t<div class=\"elementor-column elementor-col-100 elementor-inner-column elementor-element elementor-element-2f29726\" data-id=\"2f29726\" data-element_type=\"column\" data-e-type=\"column\">\n\t\t\t<div class=\"elementor-widget-wrap elementor-element-populated\">\n\t\t\t\t\t\t<div class=\"elementor-element elementor-element-320aa4ff elementor-widget elementor-widget-image\" data-id=\"320aa4ff\" data-element_type=\"widget\" data-e-type=\"widget\" data-widget_type=\"image.default\">\n\t\t\t\t<div class=\"elementor-widget-container\">\n\t\t\t\t\t\t\t\t\t\t\t\t\t\t\t\t<a href=\"http:\/\/ydkinsaat.com\/en\/ydk-ofis\/\">\n\t\t\t\t\t\t\t<img decoding=\"async\" width=\"2451\" height=\"1379\" src=\"http:\/\/ydkinsaat.com\/wp-content\/uploads\/2023\/01\/10-6.jpg\" class=\"attachment-full size-full wp-image-586\" alt=\"\" srcset=\"http:\/\/ydkinsaat.com\/wp-content\/uploads\/2023\/01\/10-6.jpg 2451w, http:\/\/ydkinsaat.com\/wp-content\/uploads\/2023\/01\/10-6-300x169.jpg 300w, http:\/\/ydkinsaat.com\/wp-content\/uploads\/2023\/01\/10-6-1024x576.jpg 1024w, http:\/\/ydkinsaat.com\/wp-content\/uploads\/2023\/01\/10-6-768x432.jpg 768w, http:\/\/ydkinsaat.com\/wp-content\/uploads\/2023\/01\/10-6-1536x864.jpg 1536w, http:\/\/ydkinsaat.com\/wp-content\/uploads\/2023\/01\/10-6-2048x1152.jpg 2048w\" sizes=\"(max-width: 2451px) 100vw, 2451px\" \/>\t\t\t\t\t\t\t\t<\/a>\n\t\t\t\t\t\t\t\t\t\t\t\t\t\t\t<\/div>\n\t\t\t\t<\/div>\n\t\t\t\t<div class=\"elementor-element elementor-element-38198000 elementor-icon-list--layout-traditional elementor-list-item-link-full_width elementor-widget elementor-widget-icon-list\" data-id=\"38198000\" data-element_type=\"widget\" data-e-type=\"widget\" data-widget_type=\"icon-list.default\">\n\t\t\t\t<div class=\"elementor-widget-container\">\n\t\t\t\t\t\t\t<ul class=\"elementor-icon-list-items\">\n\t\t\t\t\t\t\t<li class=\"elementor-icon-list-item\">\n\t\t\t\t\t\t\t\t\t\t\t<a href=\"http:\/\/ydkinsaat.com\/en\/ydk-ofis\/\">\n\n\t\t\t\t\t\t\t\t\t\t\t<span class=\"elementor-icon-list-text\">YDK Office Restoration<\/span>\n\t\t\t\t\t\t\t\t\t\t\t<\/a>\n\t\t\t\t\t\t\t\t\t<\/li>\n\t\t\t\t\t\t<\/ul>\n\t\t\t\t\t\t<\/div>\n\t\t\t\t<\/div>\n\t\t\t\t\t<\/div>\n\t\t<\/div>\n\t\t\t\t\t<\/div>\n\t\t<\/section>\n\t\t\t\t\t<\/div>\n\t\t<\/div>\n\t\t\t\t<div class=\"elementor-column elementor-col-33 elementor-top-column elementor-element elementor-element-ba2e765\" data-id=\"ba2e765\" data-element_type=\"column\" data-e-type=\"column\">\n\t\t\t<div class=\"elementor-widget-wrap elementor-element-populated\">\n\t\t\t\t\t\t<section class=\"elementor-section elementor-inner-section elementor-element elementor-element-41746e0 elementor-section-full_width elementor-section-height-default elementor-section-height-default\" data-id=\"41746e0\" data-element_type=\"section\" data-e-type=\"section\">\n\t\t\t\t\t\t<div class=\"elementor-container elementor-column-gap-default\">\n\t\t\t\t\t<div class=\"elementor-column elementor-col-100 elementor-inner-column elementor-element elementor-element-5a76f74\" data-id=\"5a76f74\" data-element_type=\"column\" data-e-type=\"column\">\n\t\t\t<div class=\"elementor-widget-wrap elementor-element-populated\">\n\t\t\t\t\t\t<div class=\"elementor-element elementor-element-782eaac elementor-widget elementor-widget-image\" data-id=\"782eaac\" data-element_type=\"widget\" data-e-type=\"widget\" data-widget_type=\"image.default\">\n\t\t\t\t<div class=\"elementor-widget-container\">\n\t\t\t\t\t\t\t\t\t\t\t\t\t\t\t\t<a href=\"http:\/\/ydkinsaat.com\/en\/istinat-duvarlari\/\">\n\t\t\t\t\t\t\t<img loading=\"lazy\" decoding=\"async\" width=\"2451\" height=\"1379\" src=\"http:\/\/ydkinsaat.com\/wp-content\/uploads\/2023\/01\/10-2.jpg\" class=\"attachment-full size-full wp-image-582\" alt=\"\" srcset=\"http:\/\/ydkinsaat.com\/wp-content\/uploads\/2023\/01\/10-2.jpg 2451w, http:\/\/ydkinsaat.com\/wp-content\/uploads\/2023\/01\/10-2-300x169.jpg 300w, http:\/\/ydkinsaat.com\/wp-content\/uploads\/2023\/01\/10-2-1024x576.jpg 1024w, http:\/\/ydkinsaat.com\/wp-content\/uploads\/2023\/01\/10-2-768x432.jpg 768w, http:\/\/ydkinsaat.com\/wp-content\/uploads\/2023\/01\/10-2-1536x864.jpg 1536w, http:\/\/ydkinsaat.com\/wp-content\/uploads\/2023\/01\/10-2-2048x1152.jpg 2048w\" sizes=\"(max-width: 2451px) 100vw, 2451px\" \/>\t\t\t\t\t\t\t\t<\/a>\n\t\t\t\t\t\t\t\t\t\t\t\t\t\t\t<\/div>\n\t\t\t\t<\/div>\n\t\t\t\t<div class=\"elementor-element elementor-element-0239fda elementor-widget elementor-widget-heading\" data-id=\"0239fda\" data-element_type=\"widget\" data-e-type=\"widget\" data-widget_type=\"heading.default\">\n\t\t\t\t<div class=\"elementor-widget-container\">\n\t\t\t\t\t<h4 class=\"elementor-heading-title elementor-size-default\"><a href=\"http:\/\/ydkinsaat.com\/en\/istinat-duvarlari\/\">Retaining Wall<\/a><\/h4>\t\t\t\t<\/div>\n\t\t\t\t<\/div>\n\t\t\t\t\t<\/div>\n\t\t<\/div>\n\t\t\t\t\t<\/div>\n\t\t<\/section>\n\t\t\t\t<section class=\"elementor-section elementor-inner-section elementor-element elementor-element-3ec38e1 elementor-section-full_width elementor-section-height-default elementor-section-height-default\" data-id=\"3ec38e1\" data-element_type=\"section\" data-e-type=\"section\">\n\t\t\t\t\t\t<div class=\"elementor-container elementor-column-gap-default\">\n\t\t\t\t\t<div class=\"elementor-column elementor-col-100 elementor-inner-column elementor-element elementor-element-ed43753\" data-id=\"ed43753\" data-element_type=\"column\" data-e-type=\"column\">\n\t\t\t<div class=\"elementor-widget-wrap elementor-element-populated\">\n\t\t\t\t\t\t<div class=\"elementor-element elementor-element-9aeab49 elementor-widget elementor-widget-image\" data-id=\"9aeab49\" data-element_type=\"widget\" data-e-type=\"widget\" data-widget_type=\"image.default\">\n\t\t\t\t<div class=\"elementor-widget-container\">\n\t\t\t\t\t\t\t\t\t\t\t\t\t\t\t\t<a href=\"http:\/\/ydkinsaat.com\/en\/incek-konut-yeniden-dogus\/\">\n\t\t\t\t\t\t\t<img loading=\"lazy\" decoding=\"async\" width=\"2451\" height=\"1379\" src=\"http:\/\/ydkinsaat.com\/wp-content\/uploads\/2023\/01\/10-4.jpg\" class=\"attachment-full size-full wp-image-584\" alt=\"\" srcset=\"http:\/\/ydkinsaat.com\/wp-content\/uploads\/2023\/01\/10-4.jpg 2451w, http:\/\/ydkinsaat.com\/wp-content\/uploads\/2023\/01\/10-4-300x169.jpg 300w, http:\/\/ydkinsaat.com\/wp-content\/uploads\/2023\/01\/10-4-1024x576.jpg 1024w, http:\/\/ydkinsaat.com\/wp-content\/uploads\/2023\/01\/10-4-768x432.jpg 768w, http:\/\/ydkinsaat.com\/wp-content\/uploads\/2023\/01\/10-4-1536x864.jpg 1536w, http:\/\/ydkinsaat.com\/wp-content\/uploads\/2023\/01\/10-4-2048x1152.jpg 2048w\" sizes=\"(max-width: 2451px) 100vw, 2451px\" \/>\t\t\t\t\t\t\t\t<\/a>\n\t\t\t\t\t\t\t\t\t\t\t\t\t\t\t<\/div>\n\t\t\t\t<\/div>\n\t\t\t\t<div class=\"elementor-element elementor-element-138c4e0 elementor-icon-list--layout-traditional elementor-list-item-link-full_width elementor-widget elementor-widget-icon-list\" data-id=\"138c4e0\" data-element_type=\"widget\" data-e-type=\"widget\" data-widget_type=\"icon-list.default\">\n\t\t\t\t<div class=\"elementor-widget-container\">\n\t\t\t\t\t\t\t<ul class=\"elementor-icon-list-items\">\n\t\t\t\t\t\t\t<li class=\"elementor-icon-list-item\">\n\t\t\t\t\t\t\t\t\t\t\t<a href=\"http:\/\/ydkinsaat.com\/en\/incek-konut-yeniden-dogus\/\">\n\n\t\t\t\t\t\t\t\t\t\t\t<span class=\"elementor-icon-list-text\">\u0130ncek Reborn <\/span>\n\t\t\t\t\t\t\t\t\t\t\t<\/a>\n\t\t\t\t\t\t\t\t\t<\/li>\n\t\t\t\t\t\t<\/ul>\n\t\t\t\t\t\t<\/div>\n\t\t\t\t<\/div>\n\t\t\t\t\t<\/div>\n\t\t<\/div>\n\t\t\t\t\t<\/div>\n\t\t<\/section>\n\t\t\t\t\t<\/div>\n\t\t<\/div>\n\t\t\t\t<div class=\"elementor-column elementor-col-33 elementor-top-column elementor-element elementor-element-21d5c26\" data-id=\"21d5c26\" data-element_type=\"column\" data-e-type=\"column\">\n\t\t\t<div class=\"elementor-widget-wrap elementor-element-populated\">\n\t\t\t\t\t\t<section class=\"elementor-section elementor-inner-section elementor-element elementor-element-d30fcdb elementor-section-full_width elementor-section-height-default elementor-section-height-default\" data-id=\"d30fcdb\" data-element_type=\"section\" data-e-type=\"section\">\n\t\t\t\t\t\t<div class=\"elementor-container elementor-column-gap-default\">\n\t\t\t\t\t<div class=\"elementor-column elementor-col-100 elementor-inner-column elementor-element elementor-element-2a31e3b\" data-id=\"2a31e3b\" data-element_type=\"column\" data-e-type=\"column\">\n\t\t\t<div class=\"elementor-widget-wrap elementor-element-populated\">\n\t\t\t\t\t\t<div class=\"elementor-element elementor-element-bf82ae8 elementor-widget elementor-widget-image\" data-id=\"bf82ae8\" data-element_type=\"widget\" data-e-type=\"widget\" data-widget_type=\"image.default\">\n\t\t\t\t<div class=\"elementor-widget-container\">\n\t\t\t\t\t\t\t\t\t\t\t\t\t\t\t\t<a href=\"http:\/\/ydkinsaat.com\/en\/yol-yapim-calismalari\/\">\n\t\t\t\t\t\t\t<img loading=\"lazy\" decoding=\"async\" width=\"2451\" height=\"1379\" src=\"http:\/\/ydkinsaat.com\/wp-content\/uploads\/2023\/01\/10-3.jpg\" class=\"attachment-full size-full wp-image-583\" alt=\"\" srcset=\"http:\/\/ydkinsaat.com\/wp-content\/uploads\/2023\/01\/10-3.jpg 2451w, http:\/\/ydkinsaat.com\/wp-content\/uploads\/2023\/01\/10-3-300x169.jpg 300w, http:\/\/ydkinsaat.com\/wp-content\/uploads\/2023\/01\/10-3-1024x576.jpg 1024w, http:\/\/ydkinsaat.com\/wp-content\/uploads\/2023\/01\/10-3-768x432.jpg 768w, http:\/\/ydkinsaat.com\/wp-content\/uploads\/2023\/01\/10-3-1536x864.jpg 1536w, http:\/\/ydkinsaat.com\/wp-content\/uploads\/2023\/01\/10-3-2048x1152.jpg 2048w\" sizes=\"(max-width: 2451px) 100vw, 2451px\" \/>\t\t\t\t\t\t\t\t<\/a>\n\t\t\t\t\t\t\t\t\t\t\t\t\t\t\t<\/div>\n\t\t\t\t<\/div>\n\t\t\t\t<div class=\"elementor-element elementor-element-82a6265 elementor-widget elementor-widget-heading\" data-id=\"82a6265\" data-element_type=\"widget\" data-e-type=\"widget\" data-widget_type=\"heading.default\">\n\t\t\t\t<div class=\"elementor-widget-container\">\n\t\t\t\t\t<h4 class=\"elementor-heading-title elementor-size-default\"><a href=\"http:\/\/ydkinsaat.com\/en\/yol-yapim-calismalari\/\">Road Construction Works<\/a><\/h4>\t\t\t\t<\/div>\n\t\t\t\t<\/div>\n\t\t\t\t\t<\/div>\n\t\t<\/div>\n\t\t\t\t\t<\/div>\n\t\t<\/section>\n\t\t\t\t<section class=\"elementor-section elementor-inner-section elementor-element elementor-element-df56dc6 elementor-section-full_width elementor-section-height-default elementor-section-height-default\" data-id=\"df56dc6\" data-element_type=\"section\" data-e-type=\"section\">\n\t\t\t\t\t\t<div class=\"elementor-container elementor-column-gap-default\">\n\t\t\t\t\t<div class=\"elementor-column elementor-col-100 elementor-inner-column elementor-element elementor-element-5990eda\" data-id=\"5990eda\" data-element_type=\"column\" data-e-type=\"column\">\n\t\t\t<div class=\"elementor-widget-wrap elementor-element-populated\">\n\t\t\t\t\t\t<div class=\"elementor-element elementor-element-98cb323 elementor-widget elementor-widget-image\" data-id=\"98cb323\" data-element_type=\"widget\" data-e-type=\"widget\" data-widget_type=\"image.default\">\n\t\t\t\t<div class=\"elementor-widget-container\">\n\t\t\t\t\t\t\t\t\t\t\t\t\t\t\t\t<a href=\"http:\/\/ydkinsaat.com\/en\/vadi-41-yeniden-dogus\/\">\n\t\t\t\t\t\t\t<img loading=\"lazy\" decoding=\"async\" width=\"2451\" height=\"1379\" src=\"http:\/\/ydkinsaat.com\/wp-content\/uploads\/2023\/01\/10-5.jpg\" class=\"attachment-full size-full wp-image-585\" alt=\"\" srcset=\"http:\/\/ydkinsaat.com\/wp-content\/uploads\/2023\/01\/10-5.jpg 2451w, http:\/\/ydkinsaat.com\/wp-content\/uploads\/2023\/01\/10-5-300x169.jpg 300w, http:\/\/ydkinsaat.com\/wp-content\/uploads\/2023\/01\/10-5-1024x576.jpg 1024w, http:\/\/ydkinsaat.com\/wp-content\/uploads\/2023\/01\/10-5-768x432.jpg 768w, http:\/\/ydkinsaat.com\/wp-content\/uploads\/2023\/01\/10-5-1536x864.jpg 1536w, http:\/\/ydkinsaat.com\/wp-content\/uploads\/2023\/01\/10-5-2048x1152.jpg 2048w\" sizes=\"(max-width: 2451px) 100vw, 2451px\" \/>\t\t\t\t\t\t\t\t<\/a>\n\t\t\t\t\t\t\t\t\t\t\t\t\t\t\t<\/div>\n\t\t\t\t<\/div>\n\t\t\t\t<div class=\"elementor-element elementor-element-1f30181 elementor-icon-list--layout-traditional elementor-list-item-link-full_width elementor-widget elementor-widget-icon-list\" data-id=\"1f30181\" data-element_type=\"widget\" data-e-type=\"widget\" data-widget_type=\"icon-list.default\">\n\t\t\t\t<div class=\"elementor-widget-container\">\n\t\t\t\t\t\t\t<ul class=\"elementor-icon-list-items\">\n\t\t\t\t\t\t\t<li class=\"elementor-icon-list-item\">\n\t\t\t\t\t\t\t\t\t\t\t<a href=\"http:\/\/ydkinsaat.com\/en\/vadi-41-yeniden-dogus\/\">\n\n\t\t\t\t\t\t\t\t\t\t\t<span class=\"elementor-icon-list-text\">Vadi 41 Housing Project<\/span>\n\t\t\t\t\t\t\t\t\t\t\t<\/a>\n\t\t\t\t\t\t\t\t\t<\/li>\n\t\t\t\t\t\t<\/ul>\n\t\t\t\t\t\t<\/div>\n\t\t\t\t<\/div>\n\t\t\t\t\t<\/div>\n\t\t<\/div>\n\t\t\t\t\t<\/div>\n\t\t<\/section>\n\t\t\t\t\t<\/div>\n\t\t<\/div>\n\t\t\t\t\t<\/div>\n\t\t<\/section>\n\t\t\t\t<section class=\"elementor-section elementor-top-section elementor-element elementor-element-cc9eda1 elementor-section-boxed elementor-section-height-default elementor-section-height-default\" data-id=\"cc9eda1\" data-element_type=\"section\" data-e-type=\"section\">\n\t\t\t\t\t\t<div class=\"elementor-container elementor-column-gap-default\">\n\t\t\t\t\t<div class=\"elementor-column elementor-col-100 elementor-top-column elementor-element elementor-element-2129b57\" data-id=\"2129b57\" data-element_type=\"column\" data-e-type=\"column\">\n\t\t\t<div class=\"elementor-widget-wrap elementor-element-populated\">\n\t\t\t\t\t\t<div class=\"elementor-element elementor-element-7c4c220 elementor-widget elementor-widget-elementskit-tablepress\" data-id=\"7c4c220\" data-element_type=\"widget\" data-e-type=\"widget\" data-widget_type=\"elementskit-tablepress.default\">\n\t\t\t\t<div class=\"elementor-widget-container\">\n\t\t\t\t\t<div class=\"elemenetskit-tablepress ekit-wid-con\" id=\"ekit_tablepress_7c4c220\">\n<table id=\"tablepress-1\" class=\"tablepress tablepress-id-1\">\n<thead>\n<tr class=\"row-1 odd\">\n\t<th class=\"column-1\">Project<\/th><th class=\"column-2\">Place<\/th><th class=\"column-3\">Completion Year<\/th><th class=\"column-4\">Employer Institution<\/th>\n<\/tr>\n<\/thead>\n<tbody class=\"row-hover\">\n<tr class=\"row-2 even\">\n\t<td class=\"column-1\">Seyranba\u011flar\u0131 Yeniden Do\u011fu\u015f Projesi<\/td><td class=\"column-2\">ANKARA<\/td><td class=\"column-3\">2023<\/td><td class=\"column-4\">YDK \u0130n\u015faat Yat\u0131r\u0131m<\/td>\n<\/tr>\n<tr class=\"row-3 odd\">\n\t<td class=\"column-1\">\u00c7e\u015fme Villa Yeniden Do\u011fu\u015f Projesi<\/td><td class=\"column-2\">\u0130ZM\u0130R<\/td><td class=\"column-3\">2021<\/td><td class=\"column-4\">YDK \u0130n\u015faat Yat\u0131r\u0131m<\/td>\n<\/tr>\n<tr class=\"row-4 even\">\n\t<td class=\"column-1\">Akdere Konut Yeniden Do\u011fu\u015f Projesi<\/td><td class=\"column-2\">ANKARA<\/td><td class=\"column-3\">2020<\/td><td class=\"column-4\">\u00d6zel<\/td>\n<\/tr>\n<tr class=\"row-5 odd\">\n\t<td class=\"column-1\">Vadi 41 Housing Project<\/td><td class=\"column-2\">ANKARA<\/td><td class=\"column-3\">2020<\/td><td class=\"column-4\">YDK \u0130n\u015faat Yat\u0131r\u0131m<\/td>\n<\/tr>\n<tr class=\"row-6 even\">\n\t<td class=\"column-1\">Rize-\u0130spir \u00c7\u0131\u011f T\u00fcnelleri \u0130n\u015faat\u0131<\/td><td class=\"column-2\">R\u0130ZE<\/td><td class=\"column-3\">2020<\/td><td class=\"column-4\">Ula\u015ft\u0131rma Bakanl\u0131\u011f\u0131 Karayollar\u0131 Gen Md.<\/td>\n<\/tr>\n<tr class=\"row-7 odd\">\n\t<td class=\"column-1\">Marmaris-Dat\u00e7a Karayolu \u0130n\u015faat\u0131<\/td><td class=\"column-2\">MU\u011eLA<\/td><td class=\"column-3\">2004<\/td><td class=\"column-4\">Ula\u015ft\u0131rma Bakanl\u0131\u011f\u0131 Karayollar\u0131 Gen Md.<\/td>\n<\/tr>\n<tr class=\"row-8 even\">\n\t<td class=\"column-1\">Pravadi K\u00f6pr\u00fcs\u00fc Betonarme \u0130n\u015faat\u0131<\/td><td class=\"column-2\">ED\u0130RNE<\/td><td class=\"column-3\">1999<\/td><td class=\"column-4\">Ula\u015ft\u0131rma Bakanl\u0131\u011f\u0131 Karayollar\u0131 Gen Md.<\/td>\n<\/tr>\n<tr class=\"row-9 odd\">\n\t<td class=\"column-1\">\u015eefaatli \u015eehir Ge\u00e7i\u015fi<\/td><td class=\"column-2\">YOZGAT<\/td><td class=\"column-3\">1998<\/td><td class=\"column-4\">Ula\u015ft\u0131rma Bakanl\u0131\u011f\u0131 Karayollar\u0131 Gen Md.<\/td>\n<\/tr>\n<tr class=\"row-10 even\">\n\t<td class=\"column-1\">\u0130TOKENT \u00c7evre D\u00fczenleme ve Peyzaj<\/td><td class=\"column-2\">\u0130ZM\u0130R<\/td><td class=\"column-3\">1997<\/td><td class=\"column-4\">\u0130TO<\/td>\n<\/tr>\n<tr class=\"row-11 odd\">\n\t<td class=\"column-1\">LATTEMAN Gmbh Sosyal Konut \u0130n\u015faat\u0131<\/td><td class=\"column-2\">ALMANYA<\/td><td class=\"column-3\">1995<\/td><td class=\"column-4\">\u00d6zel<\/td>\n<\/tr>\n<\/tbody>\n<\/table>\n<!-- #tablepress-1 from cache --><\/div>\t\t\t\t<\/div>\n\t\t\t\t<\/div>\n\t\t\t\t\t<\/div>\n\t\t<\/div>\n\t\t\t\t\t<\/div>\n\t\t<\/section>\n\t\t\t\t<\/div>","protected":false},"excerpt":{"rendered":"<p>Projelerimiz \u00c7\u0131\u011f T\u00fcnelleri \u00c7e\u015fme Villa Yeniden Do\u011fu\u015f YDK Ofis Restorasyon \u0130stinat Duvar\u0131 \u0130ncek Yeniden Do\u011fu\u015f Yol Yap\u0131m \u00c7al\u0131\u015fmalar\u0131 Vadi 41 Konut Projesi<\/p>","protected":false},"author":1,"featured_media":0,"parent":0,"menu_order":0,"comment_status":"closed","ping_status":"closed","template":"elementor_header_footer","meta":{"footnotes":""},"class_list":["post-207","page","type-page","status-publish","hentry"],"_links":{"self":[{"href":"http:\/\/ydkinsaat.com\/en\/wp-json\/wp\/v2\/pages\/207","targetHints":{"allow":["GET"]}}],"collection":[{"href":"http:\/\/ydkinsaat.com\/en\/wp-json\/wp\/v2\/pages"}],"about":[{"href":"http:\/\/ydkinsaat.com\/en\/wp-json\/wp\/v2\/types\/page"}],"author":[{"embeddable":true,"href":"http:\/\/ydkinsaat.com\/en\/wp-json\/wp\/v2\/users\/1"}],"replies":[{"embeddable":true,"href":"http:\/\/ydkinsaat.com\/en\/wp-json\/wp\/v2\/comments?post=207"}],"version-history":[{"count":28,"href":"http:\/\/ydkinsaat.com\/en\/wp-json\/wp\/v2\/pages\/207\/revisions"}],"predecessor-version":[{"id":664,"href":"http:\/\/ydkinsaat.com\/en\/wp-json\/wp\/v2\/pages\/207\/revisions\/664"}],"wp:attachment":[{"href":"http:\/\/ydkinsaat.com\/en\/wp-json\/wp\/v2\/media?parent=207"}],"curies":[{"name":"wp","href":"https:\/\/api.w.org\/{rel}","templated":true}]}}