{"id":202,"date":"2022-03-24T12:54:12","date_gmt":"2022-03-24T12:54:12","guid":{"rendered":"http:\/\/ydkinsaat.com\/?page_id=202"},"modified":"2023-03-03T07:10:52","modified_gmt":"2023-03-03T07:10:52","slug":"hizmetlerimiz","status":"publish","type":"page","link":"http:\/\/ydkinsaat.com\/en\/hizmetlerimiz\/","title":{"rendered":"Services"},"content":{"rendered":"<div data-elementor-type=\"wp-page\" data-elementor-id=\"202\" class=\"elementor elementor-202\">\n\t\t\t\t\t\t<section class=\"elementor-section elementor-top-section elementor-element elementor-element-79a464e0 elementor-section-boxed elementor-section-height-default elementor-section-height-default\" data-id=\"79a464e0\" data-element_type=\"section\" data-e-type=\"section\" data-settings=\"{&quot;background_background&quot;:&quot;classic&quot;}\">\n\t\t\t\t\t\t<div class=\"elementor-container elementor-column-gap-default\">\n\t\t\t\t\t<div class=\"elementor-column elementor-col-100 elementor-top-column elementor-element elementor-element-38af7f96\" data-id=\"38af7f96\" data-element_type=\"column\" data-e-type=\"column\">\n\t\t\t<div class=\"elementor-widget-wrap elementor-element-populated\">\n\t\t\t\t\t\t<section class=\"elementor-section elementor-inner-section elementor-element elementor-element-7d30230a elementor-section-boxed elementor-section-height-default elementor-section-height-default\" data-id=\"7d30230a\" data-element_type=\"section\" data-e-type=\"section\" data-settings=\"{&quot;background_background&quot;:&quot;classic&quot;}\">\n\t\t\t\t\t\t<div class=\"elementor-container elementor-column-gap-default\">\n\t\t\t\t\t<div class=\"elementor-column elementor-col-100 elementor-inner-column elementor-element elementor-element-5088f695\" data-id=\"5088f695\" data-element_type=\"column\" data-e-type=\"column\">\n\t\t\t<div class=\"elementor-widget-wrap elementor-element-populated\">\n\t\t\t\t\t\t<div class=\"elementor-element elementor-element-27cf4c97 elementor-widget elementor-widget-heading\" data-id=\"27cf4c97\" data-element_type=\"widget\" data-e-type=\"widget\" data-widget_type=\"heading.default\">\n\t\t\t\t<div class=\"elementor-widget-container\">\n\t\t\t\t\t<h2 class=\"elementor-heading-title elementor-size-default\">Services<\/h2>\t\t\t\t<\/div>\n\t\t\t\t<\/div>\n\t\t\t\t\t<\/div>\n\t\t<\/div>\n\t\t\t\t\t<\/div>\n\t\t<\/section>\n\t\t\t\t\t<\/div>\n\t\t<\/div>\n\t\t\t\t\t<\/div>\n\t\t<\/section>\n\t\t\t\t<section class=\"elementor-section elementor-top-section elementor-element elementor-element-16a29ea9 elementor-section-boxed elementor-section-height-default elementor-section-height-default\" data-id=\"16a29ea9\" data-element_type=\"section\" data-e-type=\"section\">\n\t\t\t\t\t\t<div class=\"elementor-container elementor-column-gap-default\">\n\t\t\t\t\t<div class=\"elementor-column elementor-col-50 elementor-top-column elementor-element elementor-element-bcb4357\" data-id=\"bcb4357\" data-element_type=\"column\" data-e-type=\"column\">\n\t\t\t<div class=\"elementor-widget-wrap elementor-element-populated\">\n\t\t\t\t\t\t<div class=\"elementor-element elementor-element-ca115a elementor-widget elementor-widget-image\" data-id=\"ca115a\" data-element_type=\"widget\" data-e-type=\"widget\" data-widget_type=\"image.default\">\n\t\t\t\t<div class=\"elementor-widget-container\">\n\t\t\t\t\t\t\t\t\t\t\t\t\t\t\t\t<a href=\"http:\/\/ydkinsaat.com\/en\/altyapi-yol-tunel\/\">\n\t\t\t\t\t\t\t<img fetchpriority=\"high\" decoding=\"async\" width=\"2560\" height=\"1695\" src=\"http:\/\/ydkinsaat.com\/wp-content\/uploads\/2023\/02\/hizmet2-scaled.jpg\" class=\"attachment-full size-full wp-image-644\" alt=\"\" srcset=\"http:\/\/ydkinsaat.com\/wp-content\/uploads\/2023\/02\/hizmet2-scaled.jpg 2560w, http:\/\/ydkinsaat.com\/wp-content\/uploads\/2023\/02\/hizmet2-300x199.jpg 300w, http:\/\/ydkinsaat.com\/wp-content\/uploads\/2023\/02\/hizmet2-1024x678.jpg 1024w, http:\/\/ydkinsaat.com\/wp-content\/uploads\/2023\/02\/hizmet2-768x508.jpg 768w, http:\/\/ydkinsaat.com\/wp-content\/uploads\/2023\/02\/hizmet2-1536x1017.jpg 1536w, http:\/\/ydkinsaat.com\/wp-content\/uploads\/2023\/02\/hizmet2-2048x1356.jpg 2048w\" sizes=\"(max-width: 2560px) 100vw, 2560px\" \/>\t\t\t\t\t\t\t\t<\/a>\n\t\t\t\t\t\t\t\t\t\t\t\t\t\t\t<\/div>\n\t\t\t\t<\/div>\n\t\t\t\t<div class=\"elementor-element elementor-element-2f5a2421 elementor-align-center elementor-icon-list--layout-traditional elementor-list-item-link-full_width elementor-widget elementor-widget-icon-list\" data-id=\"2f5a2421\" data-element_type=\"widget\" data-e-type=\"widget\" data-widget_type=\"icon-list.default\">\n\t\t\t\t<div class=\"elementor-widget-container\">\n\t\t\t\t\t\t\t<ul class=\"elementor-icon-list-items\">\n\t\t\t\t\t\t\t<li class=\"elementor-icon-list-item\">\n\t\t\t\t\t\t\t\t\t\t\t<a href=\"http:\/\/ydkinsaat.com\/en\/altyapi-yol-tunel\/\">\n\n\t\t\t\t\t\t\t\t\t\t\t<span class=\"elementor-icon-list-text\">Infrastructure \u2013 Road \u2013 Tunnel<\/span>\n\t\t\t\t\t\t\t\t\t\t\t<\/a>\n\t\t\t\t\t\t\t\t\t<\/li>\n\t\t\t\t\t\t<\/ul>\n\t\t\t\t\t\t<\/div>\n\t\t\t\t<\/div>\n\t\t\t\t<div class=\"elementor-element elementor-element-2ffa5f38 elementor-widget elementor-widget-text-editor\" data-id=\"2ffa5f38\" data-element_type=\"widget\" data-e-type=\"widget\" data-widget_type=\"text-editor.default\">\n\t\t\t\t<div class=\"elementor-widget-container\">\n\t\t\t\t\t\t\t\t\t<p>YDK CONSTRUCTION has worked as a subcontractor in the projects of public\/private institutions...<\/p>\t\t\t\t\t\t\t\t<\/div>\n\t\t\t\t<\/div>\n\t\t\t\t\t<\/div>\n\t\t<\/div>\n\t\t\t\t<div class=\"elementor-column elementor-col-50 elementor-top-column elementor-element elementor-element-2bd3c55d\" data-id=\"2bd3c55d\" data-element_type=\"column\" data-e-type=\"column\">\n\t\t\t<div class=\"elementor-widget-wrap elementor-element-populated\">\n\t\t\t\t\t\t<div class=\"elementor-element elementor-element-5e80de45 elementor-widget elementor-widget-image\" data-id=\"5e80de45\" data-element_type=\"widget\" data-e-type=\"widget\" data-widget_type=\"image.default\">\n\t\t\t\t<div class=\"elementor-widget-container\">\n\t\t\t\t\t\t\t\t\t\t\t\t\t\t\t\t<a href=\"http:\/\/ydkinsaat.com\/en\/konut-projeleri\/\">\n\t\t\t\t\t\t\t<img decoding=\"async\" width=\"2560\" height=\"1695\" src=\"http:\/\/ydkinsaat.com\/wp-content\/uploads\/2023\/02\/hizmet1-scaled.jpg\" class=\"attachment-full size-full wp-image-643\" alt=\"\" srcset=\"http:\/\/ydkinsaat.com\/wp-content\/uploads\/2023\/02\/hizmet1-scaled.jpg 2560w, http:\/\/ydkinsaat.com\/wp-content\/uploads\/2023\/02\/hizmet1-300x199.jpg 300w, http:\/\/ydkinsaat.com\/wp-content\/uploads\/2023\/02\/hizmet1-1024x678.jpg 1024w, http:\/\/ydkinsaat.com\/wp-content\/uploads\/2023\/02\/hizmet1-768x508.jpg 768w, http:\/\/ydkinsaat.com\/wp-content\/uploads\/2023\/02\/hizmet1-1536x1017.jpg 1536w, http:\/\/ydkinsaat.com\/wp-content\/uploads\/2023\/02\/hizmet1-2048x1356.jpg 2048w\" sizes=\"(max-width: 2560px) 100vw, 2560px\" \/>\t\t\t\t\t\t\t\t<\/a>\n\t\t\t\t\t\t\t\t\t\t\t\t\t\t\t<\/div>\n\t\t\t\t<\/div>\n\t\t\t\t<div class=\"elementor-element elementor-element-1520a7f7 elementor-align-center elementor-icon-list--layout-traditional elementor-list-item-link-full_width elementor-widget elementor-widget-icon-list\" data-id=\"1520a7f7\" data-element_type=\"widget\" data-e-type=\"widget\" data-widget_type=\"icon-list.default\">\n\t\t\t\t<div class=\"elementor-widget-container\">\n\t\t\t\t\t\t\t<ul class=\"elementor-icon-list-items\">\n\t\t\t\t\t\t\t<li class=\"elementor-icon-list-item\">\n\t\t\t\t\t\t\t\t\t\t\t<a href=\"http:\/\/ydkinsaat.com\/en\/konut-projeleri\/\">\n\n\t\t\t\t\t\t\t\t\t\t\t<span class=\"elementor-icon-list-text\">Housing Projects<\/span>\n\t\t\t\t\t\t\t\t\t\t\t<\/a>\n\t\t\t\t\t\t\t\t\t<\/li>\n\t\t\t\t\t\t<\/ul>\n\t\t\t\t\t\t<\/div>\n\t\t\t\t<\/div>\n\t\t\t\t<div class=\"elementor-element elementor-element-315c1ac9 elementor-widget elementor-widget-text-editor\" data-id=\"315c1ac9\" data-element_type=\"widget\" data-e-type=\"widget\" data-widget_type=\"text-editor.default\">\n\t\t\t\t<div class=\"elementor-widget-container\">\n\t\t\t\t\t\t\t\t\t<p>To produce durable, modern, economical and aesthetically pleasing housing...<\/p>\t\t\t\t\t\t\t\t<\/div>\n\t\t\t\t<\/div>\n\t\t\t\t\t<\/div>\n\t\t<\/div>\n\t\t\t\t\t<\/div>\n\t\t<\/section>\n\t\t\t\t<section class=\"elementor-section elementor-top-section elementor-element elementor-element-44032a80 elementor-section-boxed elementor-section-height-default elementor-section-height-default\" data-id=\"44032a80\" data-element_type=\"section\" data-e-type=\"section\">\n\t\t\t\t\t\t<div class=\"elementor-container elementor-column-gap-default\">\n\t\t\t\t\t<div class=\"elementor-column elementor-col-50 elementor-top-column elementor-element elementor-element-2d075768\" data-id=\"2d075768\" data-element_type=\"column\" data-e-type=\"column\">\n\t\t\t<div class=\"elementor-widget-wrap elementor-element-populated\">\n\t\t\t\t\t\t<div class=\"elementor-element elementor-element-1ee27a7b elementor-widget elementor-widget-image\" data-id=\"1ee27a7b\" data-element_type=\"widget\" data-e-type=\"widget\" data-widget_type=\"image.default\">\n\t\t\t\t<div class=\"elementor-widget-container\">\n\t\t\t\t\t\t\t\t\t\t\t\t\t\t\t\t<a href=\"http:\/\/ydkinsaat.com\/en\/ic-mimari\/\">\n\t\t\t\t\t\t\t<img decoding=\"async\" width=\"2560\" height=\"1695\" src=\"http:\/\/ydkinsaat.com\/wp-content\/uploads\/2023\/02\/hizmet3-scaled.jpg\" class=\"attachment-full size-full wp-image-645\" alt=\"\" srcset=\"http:\/\/ydkinsaat.com\/wp-content\/uploads\/2023\/02\/hizmet3-scaled.jpg 2560w, http:\/\/ydkinsaat.com\/wp-content\/uploads\/2023\/02\/hizmet3-300x199.jpg 300w, http:\/\/ydkinsaat.com\/wp-content\/uploads\/2023\/02\/hizmet3-1024x678.jpg 1024w, http:\/\/ydkinsaat.com\/wp-content\/uploads\/2023\/02\/hizmet3-768x508.jpg 768w, http:\/\/ydkinsaat.com\/wp-content\/uploads\/2023\/02\/hizmet3-1536x1017.jpg 1536w, http:\/\/ydkinsaat.com\/wp-content\/uploads\/2023\/02\/hizmet3-2048x1356.jpg 2048w\" sizes=\"(max-width: 2560px) 100vw, 2560px\" \/>\t\t\t\t\t\t\t\t<\/a>\n\t\t\t\t\t\t\t\t\t\t\t\t\t\t\t<\/div>\n\t\t\t\t<\/div>\n\t\t\t\t<div class=\"elementor-element elementor-element-23d60a5f elementor-align-center elementor-icon-list--layout-traditional elementor-list-item-link-full_width elementor-widget elementor-widget-icon-list\" data-id=\"23d60a5f\" data-element_type=\"widget\" data-e-type=\"widget\" data-widget_type=\"icon-list.default\">\n\t\t\t\t<div class=\"elementor-widget-container\">\n\t\t\t\t\t\t\t<ul class=\"elementor-icon-list-items\">\n\t\t\t\t\t\t\t<li class=\"elementor-icon-list-item\">\n\t\t\t\t\t\t\t\t\t\t\t<a href=\"http:\/\/ydkinsaat.com\/en\/ic-mimari\/\">\n\n\t\t\t\t\t\t\t\t\t\t\t<span class=\"elementor-icon-list-text\">Interior Design &amp; Decoration<\/span>\n\t\t\t\t\t\t\t\t\t\t\t<\/a>\n\t\t\t\t\t\t\t\t\t<\/li>\n\t\t\t\t\t\t<\/ul>\n\t\t\t\t\t\t<\/div>\n\t\t\t\t<\/div>\n\t\t\t\t<div class=\"elementor-element elementor-element-1f81c81 elementor-widget elementor-widget-text-editor\" data-id=\"1f81c81\" data-element_type=\"widget\" data-e-type=\"widget\" data-widget_type=\"text-editor.default\">\n\t\t\t\t<div class=\"elementor-widget-container\">\n\t\t\t\t\t\t\t\t\t<p>Our Interior Architecture Department has adopted the principle of \u201c3F\u201d, meaning \u201cForm...<\/p>\t\t\t\t\t\t\t\t<\/div>\n\t\t\t\t<\/div>\n\t\t\t\t\t<\/div>\n\t\t<\/div>\n\t\t\t\t<div class=\"elementor-column elementor-col-50 elementor-top-column elementor-element elementor-element-cf08ada\" data-id=\"cf08ada\" data-element_type=\"column\" data-e-type=\"column\">\n\t\t\t<div class=\"elementor-widget-wrap elementor-element-populated\">\n\t\t\t\t\t\t<div class=\"elementor-element elementor-element-4c106de elementor-widget elementor-widget-image\" data-id=\"4c106de\" data-element_type=\"widget\" data-e-type=\"widget\" data-widget_type=\"image.default\">\n\t\t\t\t<div class=\"elementor-widget-container\">\n\t\t\t\t\t\t\t\t\t\t\t\t\t\t\t\t<a href=\"http:\/\/ydkinsaat.com\/en\/cevre-peyzaj\/\">\n\t\t\t\t\t\t\t<img loading=\"lazy\" decoding=\"async\" width=\"1000\" height=\"662\" src=\"http:\/\/ydkinsaat.com\/wp-content\/uploads\/2023\/02\/hizmet4.jpg\" class=\"attachment-full size-full wp-image-646\" alt=\"\" srcset=\"http:\/\/ydkinsaat.com\/wp-content\/uploads\/2023\/02\/hizmet4.jpg 1000w, http:\/\/ydkinsaat.com\/wp-content\/uploads\/2023\/02\/hizmet4-300x199.jpg 300w, http:\/\/ydkinsaat.com\/wp-content\/uploads\/2023\/02\/hizmet4-768x508.jpg 768w\" sizes=\"(max-width: 1000px) 100vw, 1000px\" \/>\t\t\t\t\t\t\t\t<\/a>\n\t\t\t\t\t\t\t\t\t\t\t\t\t\t\t<\/div>\n\t\t\t\t<\/div>\n\t\t\t\t<div class=\"elementor-element elementor-element-5a2dc7b elementor-align-center elementor-icon-list--layout-traditional elementor-list-item-link-full_width elementor-widget elementor-widget-icon-list\" data-id=\"5a2dc7b\" data-element_type=\"widget\" data-e-type=\"widget\" data-widget_type=\"icon-list.default\">\n\t\t\t\t<div class=\"elementor-widget-container\">\n\t\t\t\t\t\t\t<ul class=\"elementor-icon-list-items\">\n\t\t\t\t\t\t\t<li class=\"elementor-icon-list-item\">\n\t\t\t\t\t\t\t\t\t\t\t<a href=\"http:\/\/ydkinsaat.com\/en\/cevre-peyzaj\/\">\n\n\t\t\t\t\t\t\t\t\t\t\t<span class=\"elementor-icon-list-text\">Environmental Landscape<\/span>\n\t\t\t\t\t\t\t\t\t\t\t<\/a>\n\t\t\t\t\t\t\t\t\t<\/li>\n\t\t\t\t\t\t<\/ul>\n\t\t\t\t\t\t<\/div>\n\t\t\t\t<\/div>\n\t\t\t\t<div class=\"elementor-element elementor-element-c986cfb elementor-widget elementor-widget-text-editor\" data-id=\"c986cfb\" data-element_type=\"widget\" data-e-type=\"widget\" data-widget_type=\"text-editor.default\">\n\t\t\t\t<div class=\"elementor-widget-container\">\n\t\t\t\t\t\t\t\t\t<p>YDK CONSTRUCTION has worked on and completed various structural and plant...<\/p>\t\t\t\t\t\t\t\t<\/div>\n\t\t\t\t<\/div>\n\t\t\t\t\t<\/div>\n\t\t<\/div>\n\t\t\t\t\t<\/div>\n\t\t<\/section>\n\t\t\t\t<section class=\"elementor-section elementor-top-section elementor-element elementor-element-2b3cd539 elementor-section-boxed elementor-section-height-default elementor-section-height-default\" data-id=\"2b3cd539\" data-element_type=\"section\" data-e-type=\"section\" data-settings=\"{&quot;background_background&quot;:&quot;classic&quot;}\">\n\t\t\t\t\t\t<div class=\"elementor-container elementor-column-gap-default\">\n\t\t\t\t\t<div class=\"elementor-column elementor-col-50 elementor-top-column elementor-element elementor-element-21233019\" data-id=\"21233019\" data-element_type=\"column\" data-e-type=\"column\">\n\t\t\t<div class=\"elementor-widget-wrap elementor-element-populated\">\n\t\t\t\t\t\t<div class=\"elementor-element elementor-element-6284bd7e elementor-widget elementor-widget-image\" data-id=\"6284bd7e\" data-element_type=\"widget\" data-e-type=\"widget\" data-widget_type=\"image.default\">\n\t\t\t\t<div class=\"elementor-widget-container\">\n\t\t\t\t\t\t\t\t\t\t\t\t\t\t\t<img loading=\"lazy\" decoding=\"async\" width=\"320\" height=\"410\" src=\"http:\/\/ydkinsaat.com\/wp-content\/uploads\/2023\/02\/1.jpg\" class=\"attachment-full size-full wp-image-697\" alt=\"\" srcset=\"http:\/\/ydkinsaat.com\/wp-content\/uploads\/2023\/02\/1.jpg 320w, http:\/\/ydkinsaat.com\/wp-content\/uploads\/2023\/02\/1-234x300.jpg 234w, http:\/\/ydkinsaat.com\/wp-content\/uploads\/2023\/02\/1-9x12.jpg 9w\" sizes=\"(max-width: 320px) 100vw, 320px\" \/>\t\t\t\t\t\t\t\t\t\t\t\t\t\t\t<\/div>\n\t\t\t\t<\/div>\n\t\t\t\t<div class=\"elementor-element elementor-element-1fb17a8f elementor-hidden-tablet elementor-hidden-mobile elementor-widget elementor-widget-image\" data-id=\"1fb17a8f\" data-element_type=\"widget\" data-e-type=\"widget\" data-widget_type=\"image.default\">\n\t\t\t\t<div class=\"elementor-widget-container\">\n\t\t\t\t\t\t\t\t\t\t\t\t\t\t\t<img loading=\"lazy\" decoding=\"async\" width=\"320\" height=\"410\" src=\"http:\/\/ydkinsaat.com\/wp-content\/uploads\/2023\/02\/2.jpg\" class=\"attachment-full size-full wp-image-698\" alt=\"\" srcset=\"http:\/\/ydkinsaat.com\/wp-content\/uploads\/2023\/02\/2.jpg 320w, http:\/\/ydkinsaat.com\/wp-content\/uploads\/2023\/02\/2-234x300.jpg 234w, http:\/\/ydkinsaat.com\/wp-content\/uploads\/2023\/02\/2-9x12.jpg 9w\" sizes=\"(max-width: 320px) 100vw, 320px\" \/>\t\t\t\t\t\t\t\t\t\t\t\t\t\t\t<\/div>\n\t\t\t\t<\/div>\n\t\t\t\t\t<\/div>\n\t\t<\/div>\n\t\t\t\t<div class=\"elementor-column elementor-col-50 elementor-top-column elementor-element elementor-element-4e7c2500\" data-id=\"4e7c2500\" data-element_type=\"column\" data-e-type=\"column\">\n\t\t\t<div class=\"elementor-widget-wrap elementor-element-populated\">\n\t\t\t\t\t\t<div class=\"elementor-element elementor-element-6aa1459e elementor-widget__width-auto elementor-widget elementor-widget-heading\" data-id=\"6aa1459e\" data-element_type=\"widget\" data-e-type=\"widget\" data-widget_type=\"heading.default\">\n\t\t\t\t<div class=\"elementor-widget-container\">\n\t\t\t\t\t<h6 class=\"elementor-heading-title elementor-size-default\">with ydk construction<\/h6>\t\t\t\t<\/div>\n\t\t\t\t<\/div>\n\t\t\t\t<div class=\"elementor-element elementor-element-353ebbd3 elementor-widget elementor-widget-heading\" data-id=\"353ebbd3\" data-element_type=\"widget\" data-e-type=\"widget\" data-widget_type=\"heading.default\">\n\t\t\t\t<div class=\"elementor-widget-container\">\n\t\t\t\t\t<h2 class=\"elementor-heading-title elementor-size-default\">Safe Structure, Solid Future<\/h2>\t\t\t\t<\/div>\n\t\t\t\t<\/div>\n\t\t\t\t<div class=\"elementor-element elementor-element-1be83b78 elementor-widget elementor-widget-text-editor\" data-id=\"1be83b78\" data-element_type=\"widget\" data-e-type=\"widget\" data-widget_type=\"text-editor.default\">\n\t\t\t\t<div class=\"elementor-widget-container\">\n\t\t\t\t\t\t\t\t\t<p><span style=\"font-weight: 400;\">We carried our experience to different areas of the construction industry. We touch your life safely with our projects that prioritize human life on time in accordance with the specifications.<\/span><\/p>\t\t\t\t\t\t\t\t<\/div>\n\t\t\t\t<\/div>\n\t\t\t\t<section class=\"elementor-section elementor-inner-section elementor-element elementor-element-55d6136 elementor-section-full_width elementor-section-height-default elementor-section-height-default\" data-id=\"55d6136\" data-element_type=\"section\" data-e-type=\"section\">\n\t\t\t\t\t\t<div class=\"elementor-container elementor-column-gap-default\">\n\t\t\t\t\t<div class=\"elementor-column elementor-col-100 elementor-inner-column elementor-element elementor-element-197df9ca\" data-id=\"197df9ca\" data-element_type=\"column\" data-e-type=\"column\">\n\t\t\t<div class=\"elementor-widget-wrap elementor-element-populated\">\n\t\t\t\t\t\t<div class=\"elementor-element elementor-element-20454bd5 elementor-widget elementor-widget-heading\" data-id=\"20454bd5\" data-element_type=\"widget\" data-e-type=\"widget\" data-widget_type=\"heading.default\">\n\t\t\t\t<div class=\"elementor-widget-container\">\n\t\t\t\t\t<h5 class=\"elementor-heading-title elementor-size-default\"><a href=\"http:\/\/ydkinsaat.com\/en\/altyapi-yol-tunel\/\">Infrastructure \u2013 Road \u2013 Tunnel<\/a><\/h5>\t\t\t\t<\/div>\n\t\t\t\t<\/div>\n\t\t\t\t\t<\/div>\n\t\t<\/div>\n\t\t\t\t\t<\/div>\n\t\t<\/section>\n\t\t\t\t<section class=\"elementor-section elementor-inner-section elementor-element elementor-element-1a71be3f elementor-section-full_width elementor-section-height-default elementor-section-height-default\" data-id=\"1a71be3f\" data-element_type=\"section\" data-e-type=\"section\">\n\t\t\t\t\t\t<div class=\"elementor-container elementor-column-gap-default\">\n\t\t\t\t\t<div class=\"elementor-column elementor-col-100 elementor-inner-column elementor-element elementor-element-72f09612\" data-id=\"72f09612\" data-element_type=\"column\" data-e-type=\"column\">\n\t\t\t<div class=\"elementor-widget-wrap elementor-element-populated\">\n\t\t\t\t\t\t<div class=\"elementor-element elementor-element-5a99b2b0 elementor-widget elementor-widget-heading\" data-id=\"5a99b2b0\" data-element_type=\"widget\" data-e-type=\"widget\" data-widget_type=\"heading.default\">\n\t\t\t\t<div class=\"elementor-widget-container\">\n\t\t\t\t\t<h5 class=\"elementor-heading-title elementor-size-default\"><a href=\"http:\/\/ydkinsaat.com\/en\/konut-projeleri\/\">Housing Projects<\/a><\/h5>\t\t\t\t<\/div>\n\t\t\t\t<\/div>\n\t\t\t\t\t<\/div>\n\t\t<\/div>\n\t\t\t\t\t<\/div>\n\t\t<\/section>\n\t\t\t\t<section class=\"elementor-section elementor-inner-section elementor-element elementor-element-6886dd18 elementor-section-full_width elementor-section-height-default elementor-section-height-default\" data-id=\"6886dd18\" data-element_type=\"section\" data-e-type=\"section\">\n\t\t\t\t\t\t<div class=\"elementor-container elementor-column-gap-default\">\n\t\t\t\t\t<div class=\"elementor-column elementor-col-100 elementor-inner-column elementor-element elementor-element-6b94e1ba\" data-id=\"6b94e1ba\" data-element_type=\"column\" data-e-type=\"column\">\n\t\t\t<div class=\"elementor-widget-wrap elementor-element-populated\">\n\t\t\t\t\t\t<div class=\"elementor-element elementor-element-746c7b67 elementor-widget elementor-widget-heading\" data-id=\"746c7b67\" data-element_type=\"widget\" data-e-type=\"widget\" data-widget_type=\"heading.default\">\n\t\t\t\t<div class=\"elementor-widget-container\">\n\t\t\t\t\t<h5 class=\"elementor-heading-title elementor-size-default\"><a href=\"http:\/\/ydkinsaat.com\/en\/ic-mimari\/\">Interior Design &amp; Decoration<\/a><\/h5>\t\t\t\t<\/div>\n\t\t\t\t<\/div>\n\t\t\t\t\t<\/div>\n\t\t<\/div>\n\t\t\t\t\t<\/div>\n\t\t<\/section>\n\t\t\t\t<section class=\"elementor-section elementor-inner-section elementor-element elementor-element-21dff10 elementor-section-full_width elementor-section-height-default elementor-section-height-default\" data-id=\"21dff10\" data-element_type=\"section\" data-e-type=\"section\">\n\t\t\t\t\t\t<div class=\"elementor-container elementor-column-gap-default\">\n\t\t\t\t\t<div class=\"elementor-column elementor-col-100 elementor-inner-column elementor-element elementor-element-6502b5a\" data-id=\"6502b5a\" data-element_type=\"column\" data-e-type=\"column\">\n\t\t\t<div class=\"elementor-widget-wrap elementor-element-populated\">\n\t\t\t\t\t\t<div class=\"elementor-element elementor-element-e2f3714 elementor-widget elementor-widget-heading\" data-id=\"e2f3714\" data-element_type=\"widget\" data-e-type=\"widget\" data-widget_type=\"heading.default\">\n\t\t\t\t<div class=\"elementor-widget-container\">\n\t\t\t\t\t<h5 class=\"elementor-heading-title elementor-size-default\"><a href=\"http:\/\/ydkinsaat.com\/en\/cevre-peyzaj\/\">Environmental Landscape<\/a><\/h5>\t\t\t\t<\/div>\n\t\t\t\t<\/div>\n\t\t\t\t\t<\/div>\n\t\t<\/div>\n\t\t\t\t\t<\/div>\n\t\t<\/section>\n\t\t\t\t\t<\/div>\n\t\t<\/div>\n\t\t\t\t\t<\/div>\n\t\t<\/section>\n\t\t\t\t<\/div>","protected":false},"excerpt":{"rendered":"<p>Hizmetlerimiz Altyap\u0131 Yol T\u00fcnel YDK \u0130N\u015eAAT \u2018\u0131n kurucusu, sekt\u00f6r\u00fcn sayg\u0131n kurulu\u015flar\u0131ndan Tales Ltd. \u015eti \u2019nin de ortaklar\u0131ndan olmas\u0131 sebebiyle ilgili firman\u0131n&#8230; Konut Projeleri YDK \u0130N\u015eAAT 2015 y\u0131l\u0131nda ba\u015flatt\u0131\u011f\u0131 Konut \u0130n\u015faat\u0131 fizibilite \u00e7al\u0131\u015fmalar\u0131n\u0131 soland\u0131rm\u0131\u015f ve konut sekt\u00f6r\u00fcne bilgi ve tecr\u00fcbesiyle yeni bir anlay\u0131\u015f getirmeye ba\u015flam\u0131\u015ft\u0131r. \u0130\u00e7 Mimari Dekorasyon G\u00fcn\u00fcm\u00fcz toplumunun bir \u00fcr\u00fcn almadan \u00f6nce ilk dikkat [&hellip;]<\/p>","protected":false},"author":1,"featured_media":0,"parent":0,"menu_order":0,"comment_status":"closed","ping_status":"closed","template":"elementor_header_footer","meta":{"footnotes":""},"class_list":["post-202","page","type-page","status-publish","hentry"],"_links":{"self":[{"href":"http:\/\/ydkinsaat.com\/en\/wp-json\/wp\/v2\/pages\/202","targetHints":{"allow":["GET"]}}],"collection":[{"href":"http:\/\/ydkinsaat.com\/en\/wp-json\/wp\/v2\/pages"}],"about":[{"href":"http:\/\/ydkinsaat.com\/en\/wp-json\/wp\/v2\/types\/page"}],"author":[{"embeddable":true,"href":"http:\/\/ydkinsaat.com\/en\/wp-json\/wp\/v2\/users\/1"}],"replies":[{"embeddable":true,"href":"http:\/\/ydkinsaat.com\/en\/wp-json\/wp\/v2\/comments?post=202"}],"version-history":[{"count":25,"href":"http:\/\/ydkinsaat.com\/en\/wp-json\/wp\/v2\/pages\/202\/revisions"}],"predecessor-version":[{"id":711,"href":"http:\/\/ydkinsaat.com\/en\/wp-json\/wp\/v2\/pages\/202\/revisions\/711"}],"wp:attachment":[{"href":"http:\/\/ydkinsaat.com\/en\/wp-json\/wp\/v2\/media?parent=202"}],"curies":[{"name":"wp","href":"https:\/\/api.w.org\/{rel}","templated":true}]}}