{"id":196,"date":"2022-03-24T12:52:26","date_gmt":"2022-03-24T12:52:26","guid":{"rendered":"http:\/\/ydkinsaat.com\/?page_id=196"},"modified":"2023-03-03T07:07:50","modified_gmt":"2023-03-03T07:07:50","slug":"hakkimizda","status":"publish","type":"page","link":"http:\/\/ydkinsaat.com\/en\/hakkimizda\/","title":{"rendered":"About Us"},"content":{"rendered":"<div data-elementor-type=\"wp-page\" data-elementor-id=\"196\" class=\"elementor elementor-196\">\n\t\t\t\t\t\t<section class=\"elementor-section elementor-top-section elementor-element elementor-element-cc25ce9 elementor-section-boxed elementor-section-height-default elementor-section-height-default\" data-id=\"cc25ce9\" data-element_type=\"section\" data-e-type=\"section\" data-settings=\"{&quot;background_background&quot;:&quot;classic&quot;}\">\n\t\t\t\t\t\t<div class=\"elementor-container elementor-column-gap-default\">\n\t\t\t\t\t<div class=\"elementor-column elementor-col-100 elementor-top-column elementor-element elementor-element-23304872\" data-id=\"23304872\" data-element_type=\"column\" data-e-type=\"column\">\n\t\t\t<div class=\"elementor-widget-wrap elementor-element-populated\">\n\t\t\t\t\t\t<section class=\"elementor-section elementor-inner-section elementor-element elementor-element-54959d12 elementor-section-boxed elementor-section-height-default elementor-section-height-default\" data-id=\"54959d12\" data-element_type=\"section\" data-e-type=\"section\" data-settings=\"{&quot;background_background&quot;:&quot;classic&quot;}\">\n\t\t\t\t\t\t<div class=\"elementor-container elementor-column-gap-default\">\n\t\t\t\t\t<div class=\"elementor-column elementor-col-100 elementor-inner-column elementor-element elementor-element-241efd85\" data-id=\"241efd85\" data-element_type=\"column\" data-e-type=\"column\">\n\t\t\t<div class=\"elementor-widget-wrap elementor-element-populated\">\n\t\t\t\t\t\t<div class=\"elementor-element elementor-element-1e8dfc0a elementor-widget elementor-widget-heading\" data-id=\"1e8dfc0a\" data-element_type=\"widget\" data-e-type=\"widget\" data-widget_type=\"heading.default\">\n\t\t\t\t<div class=\"elementor-widget-container\">\n\t\t\t\t\t<h2 class=\"elementor-heading-title elementor-size-default\">About Us<\/h2>\t\t\t\t<\/div>\n\t\t\t\t<\/div>\n\t\t\t\t\t<\/div>\n\t\t<\/div>\n\t\t\t\t\t<\/div>\n\t\t<\/section>\n\t\t\t\t\t<\/div>\n\t\t<\/div>\n\t\t\t\t\t<\/div>\n\t\t<\/section>\n\t\t\t\t<section class=\"elementor-section elementor-top-section elementor-element elementor-element-6c5dc635 elementor-section-boxed elementor-section-height-default elementor-section-height-default\" data-id=\"6c5dc635\" data-element_type=\"section\" data-e-type=\"section\">\n\t\t\t\t\t\t<div class=\"elementor-container elementor-column-gap-default\">\n\t\t\t\t\t<div class=\"elementor-column elementor-col-50 elementor-top-column elementor-element elementor-element-b51771b\" data-id=\"b51771b\" data-element_type=\"column\" data-e-type=\"column\">\n\t\t\t<div class=\"elementor-widget-wrap elementor-element-populated\">\n\t\t\t\t\t\t<div class=\"elementor-element elementor-element-7c273452 elementor-widget elementor-widget-image\" data-id=\"7c273452\" data-element_type=\"widget\" data-e-type=\"widget\" data-widget_type=\"image.default\">\n\t\t\t\t<div class=\"elementor-widget-container\">\n\t\t\t\t\t\t\t\t\t\t\t\t\t\t\t<img decoding=\"async\" src=\"http:\/\/ydkinsaat.com\/wp-content\/uploads\/2023\/02\/hakkimizda.jpg\" title=\"hakk\u0131m\u0131zda\" alt=\"hakk\u0131m\u0131zda\" loading=\"lazy\" \/>\t\t\t\t\t\t\t\t\t\t\t\t\t\t\t<\/div>\n\t\t\t\t<\/div>\n\t\t\t\t<div class=\"elementor-element elementor-element-75667f04 elementor-absolute elementor-widget elementor-widget-heading\" data-id=\"75667f04\" data-element_type=\"widget\" data-e-type=\"widget\" data-settings=\"{&quot;_position&quot;:&quot;absolute&quot;}\" data-widget_type=\"heading.default\">\n\t\t\t\t<div class=\"elementor-widget-container\">\n\t\t\t\t\t<h2 class=\"elementor-heading-title elementor-size-default\">Y<\/h2>\t\t\t\t<\/div>\n\t\t\t\t<\/div>\n\t\t\t\t\t<\/div>\n\t\t<\/div>\n\t\t\t\t<div class=\"elementor-column elementor-col-50 elementor-top-column elementor-element elementor-element-7adf5c3c\" data-id=\"7adf5c3c\" data-element_type=\"column\" data-e-type=\"column\">\n\t\t\t<div class=\"elementor-widget-wrap elementor-element-populated\">\n\t\t\t\t\t\t<div class=\"elementor-element elementor-element-100d7898 elementor-widget elementor-widget-heading\" data-id=\"100d7898\" data-element_type=\"widget\" data-e-type=\"widget\" data-widget_type=\"heading.default\">\n\t\t\t\t<div class=\"elementor-widget-container\">\n\t\t\t\t\t<h3 class=\"elementor-heading-title elementor-size-default\">YDK Construction<\/h3>\t\t\t\t<\/div>\n\t\t\t\t<\/div>\n\t\t\t\t<div class=\"elementor-element elementor-element-60a3276d elementor-widget elementor-widget-text-editor\" data-id=\"60a3276d\" data-element_type=\"widget\" data-e-type=\"widget\" data-widget_type=\"text-editor.default\">\n\t\t\t\t<div class=\"elementor-widget-container\">\n\t\t\t\t\t\t\t\t\t<p>YDK Construction, founded in 2005, has completed and delivered Building Constructions, Infrastructure and Road Contracting Works, Landscaping Works for Private and Public Institutions and more without compromise in quality and technical prowess, on time and without refusal.\nYDK Construction has succesfully completed the Works of Vegetal Landscape Works for Municipalities and Private Institutions, the special projects of the Ministry of Transport including Infrastructure \u2013 Road \u2013 Tunnel and Engineering Structures achieving high turnovers and sizable experience, as well as almost  $ 10.000.000 worth of Class-A work completion.\nYDK Construction has been utilizing this momentum and previous success in the field of Housing Projects since 2015.<\/p>\t\t\t\t\t\t\t\t<\/div>\n\t\t\t\t<\/div>\n\t\t\t\t\t<\/div>\n\t\t<\/div>\n\t\t\t\t\t<\/div>\n\t\t<\/section>\n\t\t\t\t<section class=\"elementor-section elementor-top-section elementor-element elementor-element-37dba88c elementor-section-boxed elementor-section-height-default elementor-section-height-default\" data-id=\"37dba88c\" data-element_type=\"section\" data-e-type=\"section\" data-settings=\"{&quot;background_background&quot;:&quot;classic&quot;}\">\n\t\t\t\t\t\t<div class=\"elementor-container elementor-column-gap-default\">\n\t\t\t\t\t<div class=\"elementor-column elementor-col-50 elementor-top-column elementor-element elementor-element-39592118\" data-id=\"39592118\" data-element_type=\"column\" data-e-type=\"column\">\n\t\t\t<div class=\"elementor-widget-wrap elementor-element-populated\">\n\t\t\t\t\t\t<div class=\"elementor-element elementor-element-1f63671e elementor-widget elementor-widget-heading\" data-id=\"1f63671e\" data-element_type=\"widget\" data-e-type=\"widget\" data-widget_type=\"heading.default\">\n\t\t\t\t<div class=\"elementor-widget-container\">\n\t\t\t\t\t<h3 class=\"elementor-heading-title elementor-size-default\">Our Goals<\/h3>\t\t\t\t<\/div>\n\t\t\t\t<\/div>\n\t\t\t\t<section class=\"elementor-section elementor-inner-section elementor-element elementor-element-58fdb188 elementor-section-full_width elementor-section-height-default elementor-section-height-default\" data-id=\"58fdb188\" data-element_type=\"section\" data-e-type=\"section\">\n\t\t\t\t\t\t<div class=\"elementor-container elementor-column-gap-default\">\n\t\t\t\t\t<div class=\"elementor-column elementor-col-100 elementor-inner-column elementor-element elementor-element-322d6178\" data-id=\"322d6178\" data-element_type=\"column\" data-e-type=\"column\">\n\t\t\t<div class=\"elementor-widget-wrap elementor-element-populated\">\n\t\t\t\t\t\t<div class=\"elementor-element elementor-element-66079c6c elementor-widget elementor-widget-text-editor\" data-id=\"66079c6c\" data-element_type=\"widget\" data-e-type=\"widget\" data-widget_type=\"text-editor.default\">\n\t\t\t\t<div class=\"elementor-widget-container\">\n\t\t\t\t\t\t\t\t\t<p><span style=\"font-weight: 400;\">To bring a new understanding to the housing sector with our knowledge, experience and vision,<\/span><\/p><p><span style=\"font-weight: 400;\">To implement a system in which every stage of production can be followed along by the consumers,<\/span><\/p><p><span style=\"font-weight: 400;\">To save customers from worrying about safety and durability with a technological infrastructure where they can monitor all the manufacturing process of the house they will buy,<\/span><\/p><p><span style=\"font-weight: 400;\">To implement a system in which every stage of production can be followed along by the consumers,<\/span><\/p><p><span style=\"font-weight: 400;\">To continue production with interior designs determined according to the customer\u2019s lifestyle and preferences, by presenting our residences to them with several alternate designs,<\/span><\/p><p><span style=\"font-weight: 400;\">To be helpful in giving our customers homes where they can spend peaceful days with their loved ones, in a residence equipped with developing technological and ecological products.<\/span><\/p>\t\t\t\t\t\t\t\t<\/div>\n\t\t\t\t<\/div>\n\t\t\t\t\t<\/div>\n\t\t<\/div>\n\t\t\t\t\t<\/div>\n\t\t<\/section>\n\t\t\t\t\t<\/div>\n\t\t<\/div>\n\t\t\t\t<div class=\"elementor-column elementor-col-50 elementor-top-column elementor-element elementor-element-e333f47\" data-id=\"e333f47\" data-element_type=\"column\" data-e-type=\"column\">\n\t\t\t<div class=\"elementor-widget-wrap elementor-element-populated\">\n\t\t\t\t\t\t<div class=\"elementor-element elementor-element-5a342e6 elementor-widget elementor-widget-heading\" data-id=\"5a342e6\" data-element_type=\"widget\" data-e-type=\"widget\" data-widget_type=\"heading.default\">\n\t\t\t\t<div class=\"elementor-widget-container\">\n\t\t\t\t\t<h3 class=\"elementor-heading-title elementor-size-default\">Our Principles<\/h3>\t\t\t\t<\/div>\n\t\t\t\t<\/div>\n\t\t\t\t<section class=\"elementor-section elementor-inner-section elementor-element elementor-element-97f2f45 elementor-section-full_width elementor-section-height-default elementor-section-height-default\" data-id=\"97f2f45\" data-element_type=\"section\" data-e-type=\"section\">\n\t\t\t\t\t\t<div class=\"elementor-container elementor-column-gap-default\">\n\t\t\t\t\t<div class=\"elementor-column elementor-col-100 elementor-inner-column elementor-element elementor-element-6a907b4\" data-id=\"6a907b4\" data-element_type=\"column\" data-e-type=\"column\">\n\t\t\t<div class=\"elementor-widget-wrap elementor-element-populated\">\n\t\t\t\t\t\t<div class=\"elementor-element elementor-element-374fa59 elementor-widget elementor-widget-text-editor\" data-id=\"374fa59\" data-element_type=\"widget\" data-e-type=\"widget\" data-widget_type=\"text-editor.default\">\n\t\t\t\t<div class=\"elementor-widget-container\">\n\t\t\t\t\t\t\t\t\t<p><span style=\"font-weight: 400;\">To produce houses which are respectful to people and nature alike,<\/span><\/p><p><span style=\"font-weight: 400;\">To Show the necessary sensitivity to prevent occupational health and safety issues,\u00a0<\/span><\/p><p><span style=\"font-weight: 400;\">To complete the undertaken projects thoroughly and on time, by paying the utmost attention to our work program and technical specifications.<\/span><\/p><p><span style=\"font-weight: 400;\">To increase the quality of life and well-being of people\u00a0<\/span><\/p><p><span style=\"font-weight: 400;\">To create designs that make life easier by closely following and applying the latest developments in architecture and engineering.<\/span><\/p><p><span style=\"font-weight: 400;\">To always create accurate and reliable investment opportunities for investors,<\/span><\/p><p><span style=\"font-weight: 400;\">To reach unconditional customer satisfaction at every stafe of our service.<\/span><\/p>\t\t\t\t\t\t\t\t<\/div>\n\t\t\t\t<\/div>\n\t\t\t\t<div class=\"elementor-element elementor-element-3a4fd10 elementor-widget elementor-widget-image\" data-id=\"3a4fd10\" data-element_type=\"widget\" data-e-type=\"widget\" data-widget_type=\"image.default\">\n\t\t\t\t<div class=\"elementor-widget-container\">\n\t\t\t\t\t\t\t\t\t\t\t\t\t\t\t<img fetchpriority=\"high\" decoding=\"async\" width=\"574\" height=\"280\" src=\"http:\/\/ydkinsaat.com\/wp-content\/uploads\/2022\/03\/img-project-02.jpg\" class=\"attachment-large size-large wp-image-164\" alt=\"\" srcset=\"http:\/\/ydkinsaat.com\/wp-content\/uploads\/2022\/03\/img-project-02.jpg 574w, http:\/\/ydkinsaat.com\/wp-content\/uploads\/2022\/03\/img-project-02-300x146.jpg 300w\" sizes=\"(max-width: 574px) 100vw, 574px\" \/>\t\t\t\t\t\t\t\t\t\t\t\t\t\t\t<\/div>\n\t\t\t\t<\/div>\n\t\t\t\t\t<\/div>\n\t\t<\/div>\n\t\t\t\t\t<\/div>\n\t\t<\/section>\n\t\t\t\t\t<\/div>\n\t\t<\/div>\n\t\t\t\t\t<\/div>\n\t\t<\/section>\n\t\t\t\t<section class=\"elementor-section elementor-top-section elementor-element elementor-element-5aeee818 elementor-section-full_width elementor-section-height-default elementor-section-height-default\" data-id=\"5aeee818\" data-element_type=\"section\" data-e-type=\"section\">\n\t\t\t\t\t\t<div class=\"elementor-container elementor-column-gap-default\">\n\t\t\t\t\t<div class=\"elementor-column elementor-col-50 elementor-top-column elementor-element elementor-element-144ec04a\" data-id=\"144ec04a\" data-element_type=\"column\" data-e-type=\"column\">\n\t\t\t<div class=\"elementor-widget-wrap elementor-element-populated\">\n\t\t\t\t\t\t<div class=\"elementor-element elementor-element-6d9aed06 elementor-widget elementor-widget-image\" data-id=\"6d9aed06\" data-element_type=\"widget\" data-e-type=\"widget\" data-widget_type=\"image.default\">\n\t\t\t\t<div class=\"elementor-widget-container\">\n\t\t\t\t\t\t\t\t\t\t\t\t\t\t\t<img decoding=\"async\" width=\"1024\" height=\"521\" src=\"http:\/\/ydkinsaat.com\/wp-content\/uploads\/2023\/02\/hakkimizda3.jpg\" class=\"attachment-full size-full wp-image-625\" alt=\"\" srcset=\"http:\/\/ydkinsaat.com\/wp-content\/uploads\/2023\/02\/hakkimizda3.jpg 1024w, http:\/\/ydkinsaat.com\/wp-content\/uploads\/2023\/02\/hakkimizda3-300x153.jpg 300w, http:\/\/ydkinsaat.com\/wp-content\/uploads\/2023\/02\/hakkimizda3-768x391.jpg 768w\" sizes=\"(max-width: 1024px) 100vw, 1024px\" \/>\t\t\t\t\t\t\t\t\t\t\t\t\t\t\t<\/div>\n\t\t\t\t<\/div>\n\t\t\t\t\t<\/div>\n\t\t<\/div>\n\t\t\t\t<div class=\"elementor-column elementor-col-50 elementor-top-column elementor-element elementor-element-2bf336ee\" data-id=\"2bf336ee\" data-element_type=\"column\" data-e-type=\"column\">\n\t\t\t<div class=\"elementor-widget-wrap elementor-element-populated\">\n\t\t\t\t\t\t<div class=\"elementor-element elementor-element-357d2673 elementor-widget elementor-widget-image\" data-id=\"357d2673\" data-element_type=\"widget\" data-e-type=\"widget\" data-widget_type=\"image.default\">\n\t\t\t\t<div class=\"elementor-widget-container\">\n\t\t\t\t\t\t\t\t\t\t\t\t\t\t\t<img decoding=\"async\" width=\"700\" height=\"560\" src=\"http:\/\/ydkinsaat.com\/wp-content\/uploads\/2023\/02\/hakkimizda2.jpg\" class=\"attachment-full size-full wp-image-624\" alt=\"\" srcset=\"http:\/\/ydkinsaat.com\/wp-content\/uploads\/2023\/02\/hakkimizda2.jpg 700w, http:\/\/ydkinsaat.com\/wp-content\/uploads\/2023\/02\/hakkimizda2-300x240.jpg 300w\" sizes=\"(max-width: 700px) 100vw, 700px\" \/>\t\t\t\t\t\t\t\t\t\t\t\t\t\t\t<\/div>\n\t\t\t\t<\/div>\n\t\t\t\t\t<\/div>\n\t\t<\/div>\n\t\t\t\t\t<\/div>\n\t\t<\/section>\n\t\t\t\t<\/div>","protected":false},"excerpt":{"rendered":"<p>Hakk\u0131m\u0131zda Y YDK \u0130n\u015faat Kurulu\u015fu 2005 y\u0131l\u0131nda olan YDK \u0130N\u015eAAT Konut Projeleri, Altyap\u0131 ve Yol Taahh\u00fctl\u00fck \u0130\u015fleri, \u00f6zel ve kamu Kurum Kurulu\u015flar\u0131na ait Peyzaj projelerini teknik ve kaliteden \u00f6d\u00fcn vermeden projesine uygun imalatlar yaparak, zaman\u0131nda, eksiksiz, olarak bitirmi\u015f ve teslim etmi\u015ftir. Belediyeler ve \u00d6zel Kurulu\u015flara yap\u0131lan Yap\u0131sal ve Bitkisel Peyzaj Projelerinde yap\u0131lan \u00e7al\u0131\u015fmalar\u0131 ba\u015far\u0131yla teslim [&hellip;]<\/p>","protected":false},"author":1,"featured_media":0,"parent":0,"menu_order":0,"comment_status":"closed","ping_status":"closed","template":"elementor_header_footer","meta":{"footnotes":""},"class_list":["post-196","page","type-page","status-publish","hentry"],"_links":{"self":[{"href":"http:\/\/ydkinsaat.com\/en\/wp-json\/wp\/v2\/pages\/196","targetHints":{"allow":["GET"]}}],"collection":[{"href":"http:\/\/ydkinsaat.com\/en\/wp-json\/wp\/v2\/pages"}],"about":[{"href":"http:\/\/ydkinsaat.com\/en\/wp-json\/wp\/v2\/types\/page"}],"author":[{"embeddable":true,"href":"http:\/\/ydkinsaat.com\/en\/wp-json\/wp\/v2\/users\/1"}],"replies":[{"embeddable":true,"href":"http:\/\/ydkinsaat.com\/en\/wp-json\/wp\/v2\/comments?post=196"}],"version-history":[{"count":31,"href":"http:\/\/ydkinsaat.com\/en\/wp-json\/wp\/v2\/pages\/196\/revisions"}],"predecessor-version":[{"id":708,"href":"http:\/\/ydkinsaat.com\/en\/wp-json\/wp\/v2\/pages\/196\/revisions\/708"}],"wp:attachment":[{"href":"http:\/\/ydkinsaat.com\/en\/wp-json\/wp\/v2\/media?parent=196"}],"curies":[{"name":"wp","href":"https:\/\/api.w.org\/{rel}","templated":true}]}}